{"id":956,"date":"2011-08-31T10:51:53","date_gmt":"2011-08-31T07:51:53","guid":{"rendered":"http:\/\/www.fsmasters.lv\/?page_id=956"},"modified":"2011-08-31T10:51:53","modified_gmt":"2011-08-31T07:51:53","slug":"ulbroka","status":"publish","type":"page","link":"https:\/\/www.fsmasters.lv\/?page_id=956","title":{"rendered":"Ulbroka"},"content":{"rendered":"<p>Sav\u0101 otraj\u0101 sezon\u0101 Latvijas \u010cempion\u0101ta Virsl\u012bg\u0101 Ulbrokas komanda izr\u0101d\u012bja v\u0113r\u0101 \u0146emamu pretest\u012bbu jebkuram pretiniekam un regul\u0101r\u0101s sezonas nosl\u0113gum\u0101 ie\u0146\u0113ma augsto 5. vietu. Izsl\u0113g\u0161anas sp\u0113l\u0113s pirmaj\u0101 k\u0101rt\u0101 \u010detr\u0101s sp\u0113l\u0113s tika p\u0101rsp\u0113ta Liep\u0101jas komanda Kur\u0161i. Diem\u017e\u0113l 1\/4 fin\u0101l\u0101 n\u0101c\u0101s atz\u012bt \u0136ekavas p\u0101r\u0101kumu.<\/p>\n","protected":false},"excerpt":{"rendered":"<p>Sav\u0101 otraj\u0101 sezon\u0101 Latvijas \u010cempion\u0101ta Virsl\u012bg\u0101 Ulbrokas komanda izr\u0101d\u012bja v\u0113r\u0101 \u0146emamu pretest\u012bbu jebkuram pretiniekam un regul\u0101r\u0101s sezonas nosl\u0113gum\u0101 ie\u0146\u0113ma augsto 5. vietu. Izsl\u0113g\u0161anas sp\u0113l\u0113s pirmaj\u0101 k\u0101rt\u0101 \u010detr\u0101s sp\u0113l\u0113s tika p\u0101rsp\u0113ta Liep\u0101jas komanda Kur\u0161i. Diem\u017e\u0113l 1\/4 fin\u0101l\u0101 n\u0101c\u0101s atz\u012bt \u0136ekavas p\u0101r\u0101kumu.<\/p>\n","protected":false},"author":1,"featured_media":0,"parent":930,"menu_order":2,"comment_status":"open","ping_status":"open","template":"page-full-width.php","meta":{"footnotes":""},"featured_media_urls":[],"_links":{"self":[{"href":"https:\/\/www.fsmasters.lv\/index.php?rest_route=\/wp\/v2\/pages\/956"}],"collection":[{"href":"https:\/\/www.fsmasters.lv\/index.php?rest_route=\/wp\/v2\/pages"}],"about":[{"href":"https:\/\/www.fsmasters.lv\/index.php?rest_route=\/wp\/v2\/types\/page"}],"author":[{"embeddable":true,"href":"https:\/\/www.fsmasters.lv\/index.php?rest_route=\/wp\/v2\/users\/1"}],"replies":[{"embeddable":true,"href":"https:\/\/www.fsmasters.lv\/index.php?rest_route=%2Fwp%2Fv2%2Fcomments&post=956"}],"version-history":[{"count":2,"href":"https:\/\/www.fsmasters.lv\/index.php?rest_route=\/wp\/v2\/pages\/956\/revisions"}],"predecessor-version":[{"id":958,"href":"https:\/\/www.fsmasters.lv\/index.php?rest_route=\/wp\/v2\/pages\/956\/revisions\/958"}],"up":[{"embeddable":true,"href":"https:\/\/www.fsmasters.lv\/index.php?rest_route=\/wp\/v2\/pages\/930"}],"wp:attachment":[{"href":"https:\/\/www.fsmasters.lv\/index.php?rest_route=%2Fwp%2Fv2%2Fmedia&parent=956"}],"curies":[{"name":"wp","href":"https:\/\/api.w.org\/{rel}","templated":true}]}}