{"id":6883,"date":"2026-02-24T14:41:10","date_gmt":"2026-02-24T12:41:10","guid":{"rendered":"https:\/\/www.fsmasters.lv\/?page_id=6883"},"modified":"2026-02-24T15:51:09","modified_gmt":"2026-02-24T13:51:09","slug":"nometnes","status":"publish","type":"page","link":"https:\/\/www.fsmasters.lv\/?page_id=6883","title":{"rendered":"Nometnes"},"content":{"rendered":"\n<p>Florbola skola Masters 2026.gada vasar\u0101 organiz\u0113s vair\u0101kas florbola nometnes.<br>* <em>pieteik\u0161an\u0101s nometn\u0113m v\u0113l nav s\u0101kusies<\/em><\/p>\n\n\n\n<h4 class=\"wp-block-heading\">Dienas nometne &#8220;Masters Camp 2026&#8221;<\/h4>\n\n\n\n<p>Vieta: Rimi olimpiskais centrs<br>Datums: 8-11.j\u016bnijs (4 dienas)<br>Vecums: 2011.gad\u0101 dzimu\u0161i un jaun\u0101ki<\/p>\n\n\n\n<hr class=\"wp-block-separator has-alpha-channel-opacity is-style-wide\"\/>\n\n\n\n<h4 class=\"wp-block-heading\">U16 diennakts nometne Koc\u0113nos<\/h4>\n\n\n\n<p>Datums: 13-18.j\u016blijs (6 dienas)<br>Vecums: 2010 \/ 2011 \/ 2012.gados dzimu\u0161i<\/p>\n\n\n\n<hr class=\"wp-block-separator has-alpha-channel-opacity is-style-wide\"\/>\n\n\n\n<h4 class=\"wp-block-heading\">U9 diennakts nometne Dek\u0161\u0101r\u0113s<\/h4>\n\n\n\n<p>Datums: 20-23.j\u016blijs (4 dienas)<br>Vecums: 2017.gad\u0101 dzimu\u0161i un jaun\u0101ki<\/p>\n\n\n\n<hr class=\"wp-block-separator has-alpha-channel-opacity is-style-wide\"\/>\n\n\n\n<h4 class=\"wp-block-heading\">U11 diennakts nometne Dek\u0161\u0101r\u0113s<\/h4>\n\n\n\n<p>Datums: 24-28.j\u016blijs (5 dienas)<br>Vecums: 2015 \/ 2016.gados dzimu\u0161i<\/p>\n\n\n\n<hr class=\"wp-block-separator has-alpha-channel-opacity is-style-wide\"\/>\n\n\n\n<h4 class=\"wp-block-heading\">U13 diennakts nometne Dek\u0161\u0101r\u0113s<\/h4>\n\n\n\n<p>Datums: 29.j\u016blijs &#8211; 2.augusts (5 dienas)<br>Vecums: 2013 \/ 2014. gados dzimu\u0161i<\/p>\n","protected":false},"excerpt":{"rendered":"<p>Florbola skola Masters 2026.gada vasar\u0101 organiz\u0113s vair\u0101kas florbola nometnes.* pieteik\u0161an\u0101s nometn\u0113m v\u0113l nav s\u0101kusies Dienas nometne &#8220;Masters Camp 2026&#8221; Vieta: Rimi olimpiskais centrsDatums: 8-11.j\u016bnijs (4 dienas)Vecums: 2011.gad\u0101 dzimu\u0161i un jaun\u0101ki U16 diennakts nometne Koc\u0113nos Datums: 13-18.j\u016blijs (6 dienas)Vecums: 2010 \/ 2011 \/ 2012.gados dzimu\u0161i U9 diennakts nometne Dek\u0161\u0101r\u0113s Datums: 20-23.j\u016blijs (4 dienas)Vecums: 2017.gad\u0101 dzimu\u0161i un &hellip; <\/p>\n<p class=\"link-more\"><a href=\"https:\/\/www.fsmasters.lv\/?page_id=6883\" class=\"more-link\">Read more<span class=\"screen-reader-text\"> &#8220;Nometnes&#8221;<\/span><\/a><\/p>\n","protected":false},"author":1,"featured_media":0,"parent":0,"menu_order":9,"comment_status":"closed","ping_status":"closed","template":"","meta":{"footnotes":""},"featured_media_urls":[],"_links":{"self":[{"href":"https:\/\/www.fsmasters.lv\/index.php?rest_route=\/wp\/v2\/pages\/6883"}],"collection":[{"href":"https:\/\/www.fsmasters.lv\/index.php?rest_route=\/wp\/v2\/pages"}],"about":[{"href":"https:\/\/www.fsmasters.lv\/index.php?rest_route=\/wp\/v2\/types\/page"}],"author":[{"embeddable":true,"href":"https:\/\/www.fsmasters.lv\/index.php?rest_route=\/wp\/v2\/users\/1"}],"replies":[{"embeddable":true,"href":"https:\/\/www.fsmasters.lv\/index.php?rest_route=%2Fwp%2Fv2%2Fcomments&post=6883"}],"version-history":[{"count":10,"href":"https:\/\/www.fsmasters.lv\/index.php?rest_route=\/wp\/v2\/pages\/6883\/revisions"}],"predecessor-version":[{"id":6893,"href":"https:\/\/www.fsmasters.lv\/index.php?rest_route=\/wp\/v2\/pages\/6883\/revisions\/6893"}],"wp:attachment":[{"href":"https:\/\/www.fsmasters.lv\/index.php?rest_route=%2Fwp%2Fv2%2Fmedia&parent=6883"}],"curies":[{"name":"wp","href":"https:\/\/api.w.org\/{rel}","templated":true}]}}