{"id":6820,"date":"2025-09-04T10:54:05","date_gmt":"2025-09-04T08:54:05","guid":{"rendered":"https:\/\/www.fsmasters.lv\/?page_id=6820"},"modified":"2025-09-11T12:46:27","modified_gmt":"2025-09-11T10:46:27","slug":"krisjanis-tiltins","status":"publish","type":"page","link":"https:\/\/www.fsmasters.lv\/?page_id=6820","title":{"rendered":"Kri\u0161j\u0101nis Tilti\u0146\u0161"},"content":{"rendered":"\n<div class=\"wp-block-columns is-layout-flex wp-container-core-columns-layout-1 wp-block-columns-is-layout-flex\">\n<div class=\"wp-block-column is-layout-flow wp-block-column-is-layout-flow\" style=\"flex-basis:66.66%\">\n<p>Dzimis 2002.gada 25.august\u0101. Dzim\u0161anas vieta &#8211; C\u0113sis.<br>Mobilais telefons: <strong>27863772<\/strong><br>Epasts: <strong>kktiltins@gmail.com<\/strong><\/p>\n\n\n\n<p><strong>Florbola BIO<\/strong>:<br>Ar florbolu s\u0101cis nodarboties no 1.klases, 7 gadu vecum\u0101 &#8211; C\u0113su pils\u0113tas Sporta skol\u0101.<br>Savas prasmes un sportisko garu apguvis pie vair\u0101kiem izciliem C\u0113su treneriem. Jaunie\u0161u vecum\u0101 ieg\u016btas vair\u0101kas godalgotas vietas, kas pal\u012bdz\u0113jis att\u012bst\u012bties ar\u012b l\u012bdz 1.l\u012bgas un Virsl\u012bgas l\u012bmenim. Aizvad\u012bjis 3 pilnas sezonas augst\u0101kaj\u0101 Latvijas l\u012bmen\u012b (2019-2022), Kri\u0161j\u0101nim tika dota iesp\u0113ja p\u0101rcelties uz \u0101rzem\u0113m, lai att\u012bst\u012btu savu sp\u0113li &#8220;n\u0101kamaj\u0101 l\u012bmen\u012b&#8221;. P\u0101rst\u0101v\u0113tas t\u0101das komandas k\u0101 Tamperes &#8220;Koovee&#8221; (Somija), &#8220;FBC Turku&#8221; (Somija) un &#8220;Karlstad IBF&#8221; (Zviedrija).<br>Vair\u0101kk\u0101rt p\u0101rst\u0101v\u0113jis Latvijas izlasi da\u017e\u0101du l\u012bme\u0146u turn\u012bros, k\u0101 ar\u012b ieguvis &#8220;le\u0123end\u0101ro&#8221; 4.vietu 2024.gada Pasaules \u010cempion\u0101t\u0101 florbol\u0101 v\u012brie\u0161iem.<\/p>\n\n\n\n<p><strong>Trenera CV:<\/strong><br>2025.g. l\u012bdz \u0161im laikam treneris b\u0113rnu un jaunie\u0161u komand\u0101s \u201eFS Masters\/Ulbroka\u201d<\/p>\n<\/div>\n\n\n\n<div class=\"wp-block-column is-layout-flow wp-block-column-is-layout-flow\" style=\"flex-basis:33.33%\">\n<figure class=\"wp-block-image size-large\"><img fetchpriority=\"high\" decoding=\"async\" width=\"768\" height=\"1024\" src=\"https:\/\/www.fsmasters.lv\/wp-content\/uploads\/2025\/09\/WKTiltins-768x1024.jpg\" alt=\"\" class=\"wp-image-6831\" srcset=\"https:\/\/www.fsmasters.lv\/wp-content\/uploads\/2025\/09\/WKTiltins-768x1024.jpg 768w, https:\/\/www.fsmasters.lv\/wp-content\/uploads\/2025\/09\/WKTiltins-225x300.jpg 225w, https:\/\/www.fsmasters.lv\/wp-content\/uploads\/2025\/09\/WKTiltins.jpg 800w\" sizes=\"(max-width: 768px) 100vw, 768px\" \/><\/figure>\n<\/div>\n<\/div>\n","protected":false},"excerpt":{"rendered":"<p>Dzimis 2002.gada 25.august\u0101. Dzim\u0161anas vieta &#8211; C\u0113sis.Mobilais telefons: 27863772Epasts: kktiltins@gmail.com Florbola BIO:Ar florbolu s\u0101cis nodarboties no 1.klases, 7 gadu vecum\u0101 &#8211; C\u0113su pils\u0113tas Sporta skol\u0101.Savas prasmes un sportisko garu apguvis pie vair\u0101kiem izciliem C\u0113su treneriem. Jaunie\u0161u vecum\u0101 ieg\u016btas vair\u0101kas godalgotas vietas, kas pal\u012bdz\u0113jis att\u012bst\u012bties ar\u012b l\u012bdz 1.l\u012bgas un Virsl\u012bgas l\u012bmenim. Aizvad\u012bjis 3 pilnas sezonas augst\u0101kaj\u0101 &hellip; <\/p>\n<p class=\"link-more\"><a href=\"https:\/\/www.fsmasters.lv\/?page_id=6820\" class=\"more-link\">Read more<span class=\"screen-reader-text\"> &#8220;Kri\u0161j\u0101nis Tilti\u0146\u0161&#8221;<\/span><\/a><\/p>\n","protected":false},"author":1,"featured_media":0,"parent":17,"menu_order":0,"comment_status":"closed","ping_status":"closed","template":"","meta":{"footnotes":""},"featured_media_urls":[],"_links":{"self":[{"href":"https:\/\/www.fsmasters.lv\/index.php?rest_route=\/wp\/v2\/pages\/6820"}],"collection":[{"href":"https:\/\/www.fsmasters.lv\/index.php?rest_route=\/wp\/v2\/pages"}],"about":[{"href":"https:\/\/www.fsmasters.lv\/index.php?rest_route=\/wp\/v2\/types\/page"}],"author":[{"embeddable":true,"href":"https:\/\/www.fsmasters.lv\/index.php?rest_route=\/wp\/v2\/users\/1"}],"replies":[{"embeddable":true,"href":"https:\/\/www.fsmasters.lv\/index.php?rest_route=%2Fwp%2Fv2%2Fcomments&post=6820"}],"version-history":[{"count":5,"href":"https:\/\/www.fsmasters.lv\/index.php?rest_route=\/wp\/v2\/pages\/6820\/revisions"}],"predecessor-version":[{"id":6848,"href":"https:\/\/www.fsmasters.lv\/index.php?rest_route=\/wp\/v2\/pages\/6820\/revisions\/6848"}],"up":[{"embeddable":true,"href":"https:\/\/www.fsmasters.lv\/index.php?rest_route=\/wp\/v2\/pages\/17"}],"wp:attachment":[{"href":"https:\/\/www.fsmasters.lv\/index.php?rest_route=%2Fwp%2Fv2%2Fmedia&parent=6820"}],"curies":[{"name":"wp","href":"https:\/\/api.w.org\/{rel}","templated":true}]}}