{"id":6561,"date":"2025-01-15T12:20:21","date_gmt":"2025-01-15T10:20:21","guid":{"rendered":"https:\/\/www.fsmasters.lv\/?page_id=6561"},"modified":"2025-01-15T12:47:56","modified_gmt":"2025-01-15T10:47:56","slug":"ziemas-cepure-beanie-blue","status":"publish","type":"page","link":"https:\/\/www.fsmasters.lv\/?page_id=6561","title":{"rendered":"Ziemas cepure &#8211; Beanie blue"},"content":{"rendered":"\n<div class=\"wp-block-columns has-background is-layout-flex wp-container-core-columns-layout-1 wp-block-columns-is-layout-flex\" style=\"background-color:#0037870f\">\n<div class=\"wp-block-column is-layout-flow wp-block-column-is-layout-flow\" style=\"flex-basis:55%\">\n<figure class=\"wp-block-image size-full\"><img fetchpriority=\"high\" decoding=\"async\" width=\"1200\" height=\"1200\" src=\"https:\/\/www.fsmasters.lv\/wp-content\/uploads\/2025\/01\/Beanie_blue_ar_tekstu.png\" alt=\"\" class=\"wp-image-6592\" srcset=\"https:\/\/www.fsmasters.lv\/wp-content\/uploads\/2025\/01\/Beanie_blue_ar_tekstu.png 1200w, https:\/\/www.fsmasters.lv\/wp-content\/uploads\/2025\/01\/Beanie_blue_ar_tekstu-300x300.png 300w, https:\/\/www.fsmasters.lv\/wp-content\/uploads\/2025\/01\/Beanie_blue_ar_tekstu-1024x1024.png 1024w, https:\/\/www.fsmasters.lv\/wp-content\/uploads\/2025\/01\/Beanie_blue_ar_tekstu-150x150.png 150w, https:\/\/www.fsmasters.lv\/wp-content\/uploads\/2025\/01\/Beanie_blue_ar_tekstu-600x600.png 600w, https:\/\/www.fsmasters.lv\/wp-content\/uploads\/2025\/01\/Beanie_blue_ar_tekstu-800x800.png 800w\" sizes=\"(max-width: 1200px) 100vw, 1200px\" \/><\/figure>\n<\/div>\n\n\n\n<div class=\"wp-block-column is-layout-flow wp-block-column-is-layout-flow\" style=\"flex-basis:45%\">\n<p>Ziemas cepure Beanie blue. Stil\u012bga un \u0113rta ziemas cepure ar 3D iz\u0161\u016btu Masters logo.<\/p>\n\n\n\n<p>Izm\u0113ri: pieaugu\u0161o izm\u0113rs.<\/p>\n\n\n\n<p>Cena: <strong>23 EUR<\/strong><\/p>\n\n\n<form enctype=\"multipart\/form-data\" action=\"\/index.php?rest_route=%2Fwp%2Fv2%2Fpages%2F6561#usermessage19b\" method=\"post\" class=\"cform ziemas-cepure-beanie-blue \" id=\"cforms19form\"><fieldset class=\"cf-fs1\" style=\"\"><legend>PAS\u016aT\u012aJUMA FORMA<\/legend><ol class=\"cf-ol\"><li id=\"li-19-2\" class=\"\"><label id=\"label-19-2\" for=\"cf19_field_2\"><span>V\u0101rds<\/span><\/label><input type=\"text\" name=\"cf19_field_2\" id=\"cf19_field_2\" class=\"single fldrequired\" value=\"\" onfocus=\"clearField(this)\" onblur=\"setField(this)\" title=\"\"\/><span class=\"reqtxt\"><\/span><\/li><li id=\"li-19-3\" class=\"\"><label id=\"label-19-3\" for=\"cf19_field_3\"><span>Uzv\u0101rds<\/span><\/label><input type=\"text\" name=\"cf19_field_3\" id=\"cf19_field_3\" class=\"single fldrequired\" value=\"\" onfocus=\"clearField(this)\" onblur=\"setField(this)\" title=\"\"\/><span class=\"reqtxt\"><\/span><\/li><li id=\"li-19-4\" class=\"\"><label id=\"label-19-4\" for=\"cf19_field_4\"><span>Epasts<\/span><\/label><input type=\"text\" name=\"cf19_field_4\" id=\"cf19_field_4\" class=\"single fldemail fldrequired\" value=\"\" onfocus=\"clearField(this)\" onblur=\"setField(this)\" title=\"\"\/><span class=\"emailreqtxt\"><\/span><\/li><li id=\"li-19-5\" class=\"\"><label id=\"label-19-5\" for=\"cf19_field_5\"><span>T\u0101lrunis<\/span><\/label><input type=\"text\" name=\"cf19_field_5\" id=\"cf19_field_5\" class=\"single fldrequired\" value=\"\" onfocus=\"clearField(this)\" onblur=\"setField(this)\" title=\"\"\/><span class=\"reqtxt\"><\/span><\/li><\/ol><\/fieldset><fieldset class=\"cf_hidden\"><legend>&nbsp;<\/legend><input type=\"hidden\" name=\"cf_working19\" id=\"cf_working19\" value=\"<span>L\u016bdzu uzgaidiet...<\/span>\"\/><input type=\"hidden\" name=\"cf_failure19\" id=\"cf_failure19\" value=\"<span>L\u016bdzu, aizpild\u012bt visus nepiecie\u0161amos laukus!<\/span>\"\/><input type=\"hidden\" name=\"cf_customerr19\" id=\"cf_customerr19\" value=\"y\"\/><\/fieldset><p class=\"cf-sb\"><input type=\"submit\" name=\"sendbutton19\" id=\"sendbutton19\" class=\"sendbutton\" value=\"Pas\u016bt\u012bt\" \/><\/p><\/form><div id=\"usermessage19b\" class=\"cf_info \" ><\/div>\n<\/div>\n<\/div>\n","protected":false},"excerpt":{"rendered":"<p>Ziemas cepure Beanie blue. Stil\u012bga un \u0113rta ziemas cepure ar 3D iz\u0161\u016btu Masters logo. Izm\u0113ri: pieaugu\u0161o izm\u0113rs. Cena: 23 EUR<\/p>\n","protected":false},"author":1,"featured_media":0,"parent":2751,"menu_order":0,"comment_status":"closed","ping_status":"closed","template":"","meta":{"footnotes":""},"featured_media_urls":[],"_links":{"self":[{"href":"https:\/\/www.fsmasters.lv\/index.php?rest_route=\/wp\/v2\/pages\/6561"}],"collection":[{"href":"https:\/\/www.fsmasters.lv\/index.php?rest_route=\/wp\/v2\/pages"}],"about":[{"href":"https:\/\/www.fsmasters.lv\/index.php?rest_route=\/wp\/v2\/types\/page"}],"author":[{"embeddable":true,"href":"https:\/\/www.fsmasters.lv\/index.php?rest_route=\/wp\/v2\/users\/1"}],"replies":[{"embeddable":true,"href":"https:\/\/www.fsmasters.lv\/index.php?rest_route=%2Fwp%2Fv2%2Fcomments&post=6561"}],"version-history":[{"count":10,"href":"https:\/\/www.fsmasters.lv\/index.php?rest_route=\/wp\/v2\/pages\/6561\/revisions"}],"predecessor-version":[{"id":6595,"href":"https:\/\/www.fsmasters.lv\/index.php?rest_route=\/wp\/v2\/pages\/6561\/revisions\/6595"}],"up":[{"embeddable":true,"href":"https:\/\/www.fsmasters.lv\/index.php?rest_route=\/wp\/v2\/pages\/2751"}],"wp:attachment":[{"href":"https:\/\/www.fsmasters.lv\/index.php?rest_route=%2Fwp%2Fv2%2Fmedia&parent=6561"}],"curies":[{"name":"wp","href":"https:\/\/api.w.org\/{rel}","templated":true}]}}