{"id":6502,"date":"2024-09-06T14:25:46","date_gmt":"2024-09-06T12:25:46","guid":{"rendered":"https:\/\/www.fsmasters.lv\/?page_id=6502"},"modified":"2025-08-04T13:43:46","modified_gmt":"2025-08-04T11:43:46","slug":"kluba-karte","status":"publish","type":"page","link":"https:\/\/www.fsmasters.lv\/?page_id=6502","title":{"rendered":"Kluba karte"},"content":{"rendered":"\n<p>Florbola skolas &#8220;Masters&#8221; <strong>KLUBA KARTE<\/strong> ir specializ\u0113ta karte, kuru ieg\u016bt var tikai m\u016bsu kluba dal\u012bbnieki. Karte t\u0101s tur\u0113t\u0101jam pied\u0101v\u0101 da\u017e\u0101das priek\u0161roc\u012bbas un atlaides m\u016bsu sadarb\u012bbas partneru un atbalst\u012bt\u0101ju pied\u0101v\u0101tajiem pakalpojumiem un prec\u0113m. T\u0101 nav personaliz\u0113ta, t\u0101p\u0113c, to uzr\u0101dot, pirkumus vai pakalpojumus ar atlaid\u0113m var sa\u0146emt ar\u012b, piem\u0113ram, vec\u0101ki.<\/p>\n\n\n\n<p>Kartes cena: <strong>30.- EUR<\/strong><\/p>\n\n\n\n<div class=\"wp-block-buttons is-content-justification-center is-layout-flex wp-container-core-buttons-layout-1 wp-block-buttons-is-layout-flex\">\n<div class=\"wp-block-button is-style-outline\"><a class=\"wp-block-button__link wp-element-button\" href=\"https:\/\/lolo.id\/events\/sp-09b72819-5539-4b22-bb23-05a87dfb0665\/\" target=\"_blank\" rel=\"noreferrer noopener\"><strong>Ieg\u0101d\u0101ties KLUBA KARTI<\/strong><\/a><\/div>\n<\/div>\n\n\n\n<p>Kartes priek\u0161roc\u012bbas:<\/p>\n\n\n\n<div class=\"wp-block-columns are-vertically-aligned-center has-background-background-color has-background is-layout-flex wp-container-core-columns-layout-1 wp-block-columns-is-layout-flex\">\n<div class=\"wp-block-column is-vertically-aligned-center has-background-background-color has-background is-layout-flow wp-block-column-is-layout-flow\" style=\"flex-basis:33.33%\">\n<figure class=\"wp-block-image aligncenter size-large is-resized\"><img fetchpriority=\"high\" decoding=\"async\" width=\"1024\" height=\"788\" src=\"https:\/\/www.fsmasters.lv\/wp-content\/uploads\/2024\/09\/FSM_logo-1024x788.png\" alt=\"masters\" class=\"wp-image-6524\" style=\"width:157px;height:auto\" srcset=\"https:\/\/www.fsmasters.lv\/wp-content\/uploads\/2024\/09\/FSM_logo-1024x788.png 1024w, https:\/\/www.fsmasters.lv\/wp-content\/uploads\/2024\/09\/FSM_logo-300x231.png 300w, https:\/\/www.fsmasters.lv\/wp-content\/uploads\/2024\/09\/FSM_logo-2000x1540.png 2000w, https:\/\/www.fsmasters.lv\/wp-content\/uploads\/2024\/09\/FSM_logo-1536x1183.png 1536w, https:\/\/www.fsmasters.lv\/wp-content\/uploads\/2024\/09\/FSM_logo-2048x1577.png 2048w, https:\/\/www.fsmasters.lv\/wp-content\/uploads\/2024\/09\/FSM_logo-600x462.png 600w, https:\/\/www.fsmasters.lv\/wp-content\/uploads\/2024\/09\/FSM_logo-1200x924.png 1200w\" sizes=\"(max-width: 1024px) 100vw, 1024px\" \/><\/figure>\n<\/div>\n\n\n\n<div class=\"wp-block-column is-vertically-aligned-center is-layout-flow wp-block-column-is-layout-flow\" style=\"flex-basis:66.66%\">\n<p><strong>Bezmaksas<\/strong> ieeja vis\u0101s Virsl\u012bgas komandas &#8220;<strong>FS Masters\/Ulbroka<\/strong>&#8221; m\u0101jas sp\u0113l\u0113s.<\/p>\n\n\n\n<p>2025\/26.g. sezon\u0101 Virsl\u012bgas komanda sav\u0101s m\u0101j\u0101s Ulbrokas sporta kompleks\u0101 aizvad\u012bs 14 sp\u0113les regul\u0101raj\u0101 turn\u012br\u0101. Kartes priek\u0161roc\u012bba darbosies ar\u012b playoff.<br>Atlaides kluba r\u012bkot\u0101m aktivit\u0101t\u0113m (dienas nometnes, papildu treni\u0146i u.c.)<\/p>\n<\/div>\n<\/div>\n\n\n\n<hr class=\"wp-block-separator has-text-color has-white-color has-alpha-channel-opacity has-white-background-color has-background is-style-wide\"\/>\n\n\n\n<div class=\"wp-block-columns are-vertically-aligned-center has-background-background-color has-background is-layout-flex wp-container-core-columns-layout-2 wp-block-columns-is-layout-flex\">\n<div class=\"wp-block-column is-vertically-aligned-center is-layout-flow wp-block-column-is-layout-flow\" style=\"flex-basis:33.33%\">\n<figure class=\"wp-block-gallery aligncenter has-nested-images columns-default is-cropped wp-block-gallery-1 is-layout-flex wp-block-gallery-is-layout-flex\">\n<figure class=\"wp-block-image aligncenter size-full\"><img decoding=\"async\" width=\"2304\" height=\"532\" src=\"https:\/\/www.fsmasters.lv\/wp-content\/uploads\/2024\/09\/Sportland_logo-1.png\" alt=\"sportland\" class=\"wp-image-6523\" srcset=\"https:\/\/www.fsmasters.lv\/wp-content\/uploads\/2024\/09\/Sportland_logo-1.png 2304w, https:\/\/www.fsmasters.lv\/wp-content\/uploads\/2024\/09\/Sportland_logo-1-300x69.png 300w, https:\/\/www.fsmasters.lv\/wp-content\/uploads\/2024\/09\/Sportland_logo-1-1024x236.png 1024w, https:\/\/www.fsmasters.lv\/wp-content\/uploads\/2024\/09\/Sportland_logo-1-2000x462.png 2000w, https:\/\/www.fsmasters.lv\/wp-content\/uploads\/2024\/09\/Sportland_logo-1-1536x355.png 1536w, https:\/\/www.fsmasters.lv\/wp-content\/uploads\/2024\/09\/Sportland_logo-1-2048x473.png 2048w, https:\/\/www.fsmasters.lv\/wp-content\/uploads\/2024\/09\/Sportland_logo-1-600x139.png 600w, https:\/\/www.fsmasters.lv\/wp-content\/uploads\/2024\/09\/Sportland_logo-1-1200x277.png 1200w\" sizes=\"(max-width: 2304px) 100vw, 2304px\" \/><\/figure>\n<\/figure>\n<\/div>\n\n\n\n<div class=\"wp-block-column is-vertically-aligned-center is-layout-flow wp-block-column-is-layout-flow\" style=\"flex-basis:66.66%\">\n<p><strong>20%<\/strong> <strong>atlaide<\/strong> visam pre\u010du kl\u0101stam &#8220;<strong>Sportland<\/strong>&#8221; veikalos vis\u0101 Latvij\u0101.<\/p>\n\n\n\n<p>Sportland ir m\u016bsu atbalst\u012bt\u0101js jau daudzus gadus, nodro\u0161inot klubu ar augstas kvalit\u0101tes un moderna dizaina ap\u0123\u0113rbu. M\u016bsu sadarb\u012bba turpin\u0101sies ar\u012b \u0161aj\u0101 sezon\u0101.<br><a href=\"https:\/\/sportland.lv\/\" target=\"_blank\" rel=\"noreferrer noopener\">sportland.lv<\/a><\/p>\n<\/div>\n<\/div>\n\n\n\n<hr class=\"wp-block-separator has-text-color has-white-color has-alpha-channel-opacity has-white-background-color has-background is-style-wide\"\/>\n\n\n\n<div class=\"wp-block-columns are-vertically-aligned-center has-background-background-color has-background is-layout-flex wp-container-core-columns-layout-3 wp-block-columns-is-layout-flex\">\n<div class=\"wp-block-column is-vertically-aligned-center is-layout-flow wp-block-column-is-layout-flow\" style=\"flex-basis:33.33%\">\n<figure class=\"wp-block-image aligncenter size-full is-resized\"><img decoding=\"async\" width=\"501\" height=\"250\" src=\"https:\/\/www.fsmasters.lv\/wp-content\/uploads\/2025\/06\/oxdog_logo_500x250.png\" alt=\"\" class=\"wp-image-6750\" style=\"width:338px;height:auto\" srcset=\"https:\/\/www.fsmasters.lv\/wp-content\/uploads\/2025\/06\/oxdog_logo_500x250.png 501w, https:\/\/www.fsmasters.lv\/wp-content\/uploads\/2025\/06\/oxdog_logo_500x250-300x150.png 300w\" sizes=\"(max-width: 501px) 100vw, 501px\" \/><\/figure>\n<\/div>\n\n\n\n<div class=\"wp-block-column is-vertically-aligned-center is-layout-flow wp-block-column-is-layout-flow\" style=\"flex-basis:66.66%\">\n<p><strong>25% <strong>atlaide<\/strong><\/strong> &#8220;<strong>Oxdog<\/strong>&#8221; un <strong> &#8220;Asics&#8221;<\/strong>, un <strong>30% atlaide<\/strong> <strong>&#8220;Brooks&#8221;<\/strong> invent\u0101ram <strong>lino.lv<\/strong> veikal\u0101.<\/p>\n\n\n\n<p>Lino.lv ir ofici\u0101lais pasaul\u0113 popul\u0101r\u0101 florbola invent\u0101ra Oxdog izplat\u012bt\u0101js Latvij\u0101 un m\u016bsu kluba ilglaic\u012bgs atbalst\u012bt\u0101js un ekip\u0113juma partneris.<br>Adrese: <strong>Alejas iela 4, Koc\u0113ni<\/strong> (Koc\u0113nu sporta nams).<br><a href=\"https:\/\/lino.lv\/\" target=\"_blank\" rel=\"noreferrer noopener\">lino.lv<\/a><\/p>\n<\/div>\n<\/div>\n\n\n\n<hr class=\"wp-block-separator has-text-color has-white-color has-alpha-channel-opacity has-white-background-color has-background is-style-wide\"\/>\n\n\n\n<div class=\"wp-block-columns are-vertically-aligned-center has-background-background-color has-background is-layout-flex wp-container-core-columns-layout-4 wp-block-columns-is-layout-flex\">\n<div class=\"wp-block-column is-vertically-aligned-center is-layout-flow wp-block-column-is-layout-flow\" style=\"flex-basis:33.33%\">\n<figure class=\"wp-block-image aligncenter size-full is-resized\"><img loading=\"lazy\" decoding=\"async\" width=\"649\" height=\"433\" src=\"https:\/\/www.fsmasters.lv\/wp-content\/uploads\/2024\/09\/SportaPunkts_logo.png\" alt=\"sportapunkts\" class=\"wp-image-6521\" style=\"width:178px;height:auto\" srcset=\"https:\/\/www.fsmasters.lv\/wp-content\/uploads\/2024\/09\/SportaPunkts_logo.png 649w, https:\/\/www.fsmasters.lv\/wp-content\/uploads\/2024\/09\/SportaPunkts_logo-300x200.png 300w, https:\/\/www.fsmasters.lv\/wp-content\/uploads\/2024\/09\/SportaPunkts_logo-600x400.png 600w\" sizes=\"(max-width: 649px) 100vw, 649px\" \/><\/figure>\n<\/div>\n\n\n\n<div class=\"wp-block-column is-layout-flow wp-block-column-is-layout-flow\" style=\"flex-basis:66.66%\">\n<p><strong>30% <strong>atlaide<\/strong><\/strong> &#8220;<strong>Mizuno<\/strong>&#8221; sporta apaviem <strong>&#8220;Sporta Punkts&#8221;<\/strong> veikalos.<\/p>\n\n\n\n<p>Sporta Punkts ir pasaul\u0113 popul\u0101r\u0101 sporta invent\u0101ra Mizuno izplat\u012bt\u0101js Latvij\u0101.<br>Adrese: <strong>P\u0113rnavas iela 42, R\u012bga<\/strong>.<br><a href=\"https:\/\/sportapunkts.lv\/\" target=\"_blank\" rel=\"noreferrer noopener\">sportapunkts.lv<\/a><\/p>\n<\/div>\n<\/div>\n\n\n\n<hr class=\"wp-block-separator has-text-color has-white-color has-alpha-channel-opacity has-white-background-color has-background is-style-wide\"\/>\n\n\n\n<div class=\"wp-block-columns are-vertically-aligned-center has-background-background-color has-background is-layout-flex wp-container-core-columns-layout-5 wp-block-columns-is-layout-flex\">\n<div class=\"wp-block-column is-vertically-aligned-center is-layout-flow wp-block-column-is-layout-flow\" style=\"flex-basis:33.33%\">\n<figure class=\"wp-block-image aligncenter size-large is-resized\"><img loading=\"lazy\" decoding=\"async\" width=\"1024\" height=\"230\" src=\"https:\/\/www.fsmasters.lv\/wp-content\/uploads\/2024\/09\/Kaizen_logo-1024x230.png\" alt=\"kaizengym\" class=\"wp-image-6511\" style=\"width:294px;height:auto\" srcset=\"https:\/\/www.fsmasters.lv\/wp-content\/uploads\/2024\/09\/Kaizen_logo-1024x230.png 1024w, https:\/\/www.fsmasters.lv\/wp-content\/uploads\/2024\/09\/Kaizen_logo-300x67.png 300w, https:\/\/www.fsmasters.lv\/wp-content\/uploads\/2024\/09\/Kaizen_logo-1536x344.png 1536w, https:\/\/www.fsmasters.lv\/wp-content\/uploads\/2024\/09\/Kaizen_logo-600x135.png 600w, https:\/\/www.fsmasters.lv\/wp-content\/uploads\/2024\/09\/Kaizen_logo-1200x269.png 1200w, https:\/\/www.fsmasters.lv\/wp-content\/uploads\/2024\/09\/Kaizen_logo.png 1971w\" sizes=\"(max-width: 1024px) 100vw, 1024px\" \/><\/figure>\n<\/div>\n\n\n\n<div class=\"wp-block-column is-vertically-aligned-center is-layout-flow wp-block-column-is-layout-flow\" style=\"flex-basis:66.66%\">\n<p>Atlaides &#8220;<strong>Kaizen<\/strong>&#8221; sporta un vesel\u012bbas centra pakalpojumiem.<br>* 25% atlaide pirmreiz\u0113jai fizioterapeita konsult\u0101cijai<br>* 20% atlaide mas\u0101\u017eas proced\u016brai<br>* 10% atlaide \u0101rstnieciskajai vingro\u0161anai<\/p>\n\n\n\n<p>Ar &#8220;Kaizen&#8221; fizisk\u0101s sagatavot\u012bbas un fizioterapijas speci\u0101listiem kop\u012bgu darbu esam s\u0101ku\u0161i  2023.gad\u0101 un m\u016bsu sadarb\u012bba arvien papla\u0161in\u0101s.<br>Adrese: <strong>Atlasa iela 8, R\u012bga<\/strong>.<br><a href=\"https:\/\/www.kaizengym.lv\/\" target=\"_blank\" rel=\"noreferrer noopener\">www.kaizengym.lv<\/a><\/p>\n<\/div>\n<\/div>\n\n\n\n<hr class=\"wp-block-separator has-text-color has-white-color has-alpha-channel-opacity has-white-background-color has-background is-style-wide\"\/>\n\n\n\n<div class=\"wp-block-columns are-vertically-aligned-center has-background-background-color has-background is-layout-flex wp-container-core-columns-layout-6 wp-block-columns-is-layout-flex\">\n<div class=\"wp-block-column is-vertically-aligned-center is-layout-flow wp-block-column-is-layout-flow\" style=\"flex-basis:33.33%\">\n<figure class=\"wp-block-image aligncenter size-large is-resized\"><img loading=\"lazy\" decoding=\"async\" width=\"1024\" height=\"1024\" src=\"https:\/\/www.fsmasters.lv\/wp-content\/uploads\/2025\/05\/Nometnes_logo_2025-1024x1024.png\" alt=\"\" class=\"wp-image-6671\" style=\"width:auto;height:157px\" srcset=\"https:\/\/www.fsmasters.lv\/wp-content\/uploads\/2025\/05\/Nometnes_logo_2025-1024x1024.png 1024w, https:\/\/www.fsmasters.lv\/wp-content\/uploads\/2025\/05\/Nometnes_logo_2025-300x300.png 300w, https:\/\/www.fsmasters.lv\/wp-content\/uploads\/2025\/05\/Nometnes_logo_2025-150x150.png 150w, https:\/\/www.fsmasters.lv\/wp-content\/uploads\/2025\/05\/Nometnes_logo_2025-2000x2000.png 2000w\" sizes=\"(max-width: 1024px) 100vw, 1024px\" \/><\/figure>\n<\/div>\n\n\n\n<div class=\"wp-block-column is-vertically-aligned-center is-layout-flow wp-block-column-is-layout-flow\" style=\"flex-basis:66.66%\">\n<p><strong>10% atlaide <\/strong>&#8220;<strong>Masters Camp<\/strong>&#8221; dienas nometn\u0113m.<br>\u0160\u012b ir dienas nometne, kur\u0101 dal\u012bbnieki aizvada m\u0113r\u0137tiec\u012bgi struktur\u0113tus treni\u0146us ar intens\u012bvu slodzi, vienlaikus saglab\u0101jot l\u012bdzsvaru ar atp\u016btu un ikdienas re\u017e\u012bmu. Programma ir daudzveid\u012bga un jaunie sp\u0113l\u0113t\u0101ji darbojas kop\u0101 ar Masters Virsl\u012bgas komandas sp\u0113l\u0113t\u0101jiem un pieredz\u0113ju\u0161iem treneriem. \u012apa\u0161a uzman\u012bba v\u0113rsta uz sp\u0113l\u0113t\u0101ju individu\u0101lu att\u012bst\u012bbu, sadarb\u012bbu, k\u0101 ar\u012b fizisko un ment\u0101lo sagatavot\u012bbu.<br><br>Vair\u0101k info par p\u0113d\u0113jo Masters Camp nometni vari apl\u016bkot \u0161eit &#8211; <a href=\"https:\/\/ej.uz\/MastersCamp25\">https:\/\/ej.uz\/MastersCamp25<\/a><\/p>\n\n\n\n<p><\/p>\n\n\n\n<p><\/p>\n<\/div>\n<\/div>\n\n\n\n<p><\/p>\n","protected":false},"excerpt":{"rendered":"<p>Florbola skolas &#8220;Masters&#8221; KLUBA KARTE ir specializ\u0113ta karte, kuru ieg\u016bt var tikai m\u016bsu kluba dal\u012bbnieki. Karte t\u0101s tur\u0113t\u0101jam pied\u0101v\u0101 da\u017e\u0101das priek\u0161roc\u012bbas un atlaides m\u016bsu sadarb\u012bbas partneru un atbalst\u012bt\u0101ju pied\u0101v\u0101tajiem pakalpojumiem un prec\u0113m. T\u0101 nav personaliz\u0113ta, t\u0101p\u0113c, to uzr\u0101dot, pirkumus vai pakalpojumus ar atlaid\u0113m var sa\u0146emt ar\u012b, piem\u0113ram, vec\u0101ki. Kartes cena: 30.- EUR Kartes priek\u0161roc\u012bbas: Bezmaksas &hellip; <\/p>\n<p class=\"link-more\"><a href=\"https:\/\/www.fsmasters.lv\/?page_id=6502\" class=\"more-link\">Read more<span class=\"screen-reader-text\"> &#8220;Kluba karte&#8221;<\/span><\/a><\/p>\n","protected":false},"author":1,"featured_media":0,"parent":0,"menu_order":0,"comment_status":"closed","ping_status":"closed","template":"","meta":{"footnotes":""},"featured_media_urls":[],"_links":{"self":[{"href":"https:\/\/www.fsmasters.lv\/index.php?rest_route=\/wp\/v2\/pages\/6502"}],"collection":[{"href":"https:\/\/www.fsmasters.lv\/index.php?rest_route=\/wp\/v2\/pages"}],"about":[{"href":"https:\/\/www.fsmasters.lv\/index.php?rest_route=\/wp\/v2\/types\/page"}],"author":[{"embeddable":true,"href":"https:\/\/www.fsmasters.lv\/index.php?rest_route=\/wp\/v2\/users\/1"}],"replies":[{"embeddable":true,"href":"https:\/\/www.fsmasters.lv\/index.php?rest_route=%2Fwp%2Fv2%2Fcomments&post=6502"}],"version-history":[{"count":41,"href":"https:\/\/www.fsmasters.lv\/index.php?rest_route=\/wp\/v2\/pages\/6502\/revisions"}],"predecessor-version":[{"id":6787,"href":"https:\/\/www.fsmasters.lv\/index.php?rest_route=\/wp\/v2\/pages\/6502\/revisions\/6787"}],"wp:attachment":[{"href":"https:\/\/www.fsmasters.lv\/index.php?rest_route=%2Fwp%2Fv2%2Fmedia&parent=6502"}],"curies":[{"name":"wp","href":"https:\/\/api.w.org\/{rel}","templated":true}]}}