{"id":5788,"date":"2023-01-27T18:36:33","date_gmt":"2023-01-27T16:36:33","guid":{"rendered":"https:\/\/www.fsmasters.lv\/?page_id=5788"},"modified":"2025-09-02T09:53:29","modified_gmt":"2025-09-02T07:53:29","slug":"u13","status":"publish","type":"page","link":"https:\/\/www.fsmasters.lv\/?page_id=5788","title":{"rendered":"U13"},"content":{"rendered":"\n<div class=\"wp-block-columns has-background is-layout-flex wp-container-core-columns-layout-1 wp-block-columns-is-layout-flex\" style=\"border-width:1px;background-color:#f6fc0030;margin-top:0;margin-bottom:0\">\n<div class=\"wp-block-column is-layout-flow wp-block-column-is-layout-flow\" style=\"flex-basis:65%\">\n<h4 class=\"wp-block-heading\">&#8220;FS Masters \/ Ulbroka&#8221;<br>2024\/2025.gada sezona<\/h4>\n\n\n\n<figure class=\"wp-block-image size-large\"><img fetchpriority=\"high\" decoding=\"async\" width=\"1024\" height=\"779\" src=\"https:\/\/www.fsmasters.lv\/wp-content\/uploads\/2025\/04\/U13_1.vieta_-1024x779.jpg\" alt=\"\" class=\"wp-image-6659\" srcset=\"https:\/\/www.fsmasters.lv\/wp-content\/uploads\/2025\/04\/U13_1.vieta_-1024x779.jpg 1024w, https:\/\/www.fsmasters.lv\/wp-content\/uploads\/2025\/04\/U13_1.vieta_-300x228.jpg 300w, https:\/\/www.fsmasters.lv\/wp-content\/uploads\/2025\/04\/U13_1.vieta_.jpg 1800w\" sizes=\"(max-width: 1024px) 100vw, 1024px\" \/><\/figure>\n\n\n\n<p><strong>\u010cempion\u0101ta lab\u0101kais aizsargs<\/strong> &#8211; Olivers \u0160ika (FS Masters \/ Ulbroka)<\/p>\n\n\n\n<p><strong>Treneris:<\/strong> Ain\u0101rs Ju\u0161k\u0113vi\u010ds<\/p>\n<\/div>\n\n\n\n<div class=\"wp-block-column is-layout-flow wp-block-column-is-layout-flow\" style=\"flex-basis:35%\">\n<h4 class=\"wp-block-heading\">Sast\u0101vs<br>2011.-2012.g.dz.<\/h4>\n\n\n\n<p>Olivers \u0160ika<br>Raiko Rumpis<br>Eduards B\u013cinovs<br>Uldis Osis<br>Gordejs Zasjadko<br>Adrians Tip\u0101ns<br>Martins O\u013c\u0161evskis<br>Raivo Edgars Pilickis<br>M\u0101rti\u0146\u0161 Pl\u016bme<br>Rod\u017eers C\u012brulis<br>J\u0113kabs L\u0101cis<br>Juli\u0101ns And\u017eevs<br>Toms Kurzemnieks<br>Kri\u0161s Trofimenko<br>Rihards Filips Bitins<br>Gvido Raksti\u0146\u0161<br>Hugo Malkausis<br>Toms Vecumnieks<\/p>\n<\/div>\n<\/div>\n\n\n\n<div class=\"wp-block-columns has-background is-layout-flex wp-container-core-columns-layout-2 wp-block-columns-is-layout-flex\" style=\"border-width:1px;background-color:#7bdbb530\">\n<div class=\"wp-block-column is-layout-flow wp-block-column-is-layout-flow\" style=\"flex-basis:65%\">\n<h4 class=\"wp-block-heading\">&#8220;FS Masters \/ Ulbroka&#8221;<br>2023\/2024.gada sezona<\/h4>\n\n\n\n<figure class=\"wp-block-image size-large\"><img decoding=\"async\" width=\"1024\" height=\"683\" src=\"https:\/\/www.fsmasters.lv\/wp-content\/uploads\/2024\/05\/2024_U13_4.vieta_-1024x683.jpeg\" alt=\"\" class=\"wp-image-6368\" srcset=\"https:\/\/www.fsmasters.lv\/wp-content\/uploads\/2024\/05\/2024_U13_4.vieta_-1024x683.jpeg 1024w, https:\/\/www.fsmasters.lv\/wp-content\/uploads\/2024\/05\/2024_U13_4.vieta_-300x200.jpeg 300w, https:\/\/www.fsmasters.lv\/wp-content\/uploads\/2024\/05\/2024_U13_4.vieta_-600x400.jpeg 600w, https:\/\/www.fsmasters.lv\/wp-content\/uploads\/2024\/05\/2024_U13_4.vieta_-1200x800.jpeg 1200w, https:\/\/www.fsmasters.lv\/wp-content\/uploads\/2024\/05\/2024_U13_4.vieta_-1536x1024.jpeg 1536w, https:\/\/www.fsmasters.lv\/wp-content\/uploads\/2024\/05\/2024_U13_4.vieta_.jpeg 1800w\" sizes=\"(max-width: 1024px) 100vw, 1024px\" \/><\/figure>\n\n\n\n<p><strong>Treneri:<\/strong> Rem\u0101rs Vik\u0101nis, Ain\u0101rs Ju\u0161k\u0113vi\u010ds<\/p>\n<\/div>\n\n\n\n<div class=\"wp-block-column is-layout-flow wp-block-column-is-layout-flow\" style=\"flex-basis:35%\">\n<h4 class=\"wp-block-heading\">Sast\u0101vs<br>2010.-2012.g.dz.<\/h4>\n\n\n\n<p>Hugo Beizi\u0137is<br>Roberts Kanders<br>Kristers Karlsons<br>Adrians And\u017eevs<br>Pauls Adrians Soini<br>Rodrigo Stabulnieks<br>Rod\u017eers Pa\u0161kovs<br>Olivers Krav\u010denoks<br>Francis Vanags<br>Artis Akmenti\u0146\u0161<br>Olivers \u0160ika<br>Raiko Rumpis<br>Uldis Osis<br>Gordejs Zasjadko<br>Martins O\u013c\u0161evskis<br>Raivo Edgars Pilickis<br>Kri\u0161s Trofimenko<br>Rihards Filips Bitins<\/p>\n<\/div>\n<\/div>\n\n\n\n<div class=\"wp-block-columns has-background is-layout-flex wp-container-core-columns-layout-3 wp-block-columns-is-layout-flex\" style=\"border-width:1px;background-color:#f6fc0030\">\n<div class=\"wp-block-column is-layout-flow wp-block-column-is-layout-flow\" style=\"flex-basis:65%\">\n<h4 class=\"wp-block-heading\">&#8220;FS Masters \/ Ulbroka&#8221;<br>2022\/2023.gada sezona<\/h4>\n\n\n\n<figure class=\"wp-block-image size-large\"><img decoding=\"async\" width=\"1024\" height=\"682\" src=\"https:\/\/www.fsmasters.lv\/wp-content\/uploads\/2023\/04\/2023_U13_1.vieta_-1024x682.jpeg\" alt=\"\" class=\"wp-image-6001\" srcset=\"https:\/\/www.fsmasters.lv\/wp-content\/uploads\/2023\/04\/2023_U13_1.vieta_-1024x682.jpeg 1024w, https:\/\/www.fsmasters.lv\/wp-content\/uploads\/2023\/04\/2023_U13_1.vieta_-300x200.jpeg 300w, https:\/\/www.fsmasters.lv\/wp-content\/uploads\/2023\/04\/2023_U13_1.vieta_-768x512.jpeg 768w, https:\/\/www.fsmasters.lv\/wp-content\/uploads\/2023\/04\/2023_U13_1.vieta_-1536x1024.jpeg 1536w, https:\/\/www.fsmasters.lv\/wp-content\/uploads\/2023\/04\/2023_U13_1.vieta_-600x400.jpeg 600w, https:\/\/www.fsmasters.lv\/wp-content\/uploads\/2023\/04\/2023_U13_1.vieta_-1200x800.jpeg 1200w, https:\/\/www.fsmasters.lv\/wp-content\/uploads\/2023\/04\/2023_U13_1.vieta_.jpeg 2000w\" sizes=\"(max-width: 1024px) 100vw, 1024px\" \/><\/figure>\n\n\n\n<p>&#8220;FS Masters \/ Ulbroka&#8221; aizvad\u012bja perfektu sezonu uzvarot visas sp\u0113les. P\u0101rliecino\u0161\u0101 uzvara regul\u0101raj\u0101 turn\u012br\u0101 deva p\u0101rliec\u012bbu izsl\u0113g\u0161anas sp\u0113l\u0113s, kur\u0101s tika pieveiktas Kuld\u012bgas &#8220;KNSS&#8221; un Liep\u0101jas &#8220;Kur\u0161i&#8221; komandas. Fin\u0101l\u0101 uzvara 5:1 pret &#8220;Rubene KSS&#8221; un tre\u0161o reizi p\u0113c k\u0101rtas \u010dempionu tituls U13 vecuma grup\u0101.<\/p>\n\n\n\n<p><strong>\u010cempion\u0101ta rezultat\u012bv\u0101kais sp\u0113l\u0113t\u0101js<\/strong> &#8211; Haralds \u0100bele (FS Masters \/ Ulbroka)<\/p>\n\n\n\n<p><strong>\u010cempion\u0101ta lab\u0101kais uzbruc\u0113js<\/strong> &#8211; Roberts \u0100bele (FS Masters \/ Ulbroka)<\/p>\n\n\n\n<p><strong>\u010cempion\u0101ta lab\u0101kais v\u0101rtsargs<\/strong> &#8211; Gabriels Garsils (FS Masters \/ Ulbroka)<\/p>\n\n\n\n<p><strong>Treneri:<\/strong> Rem\u0101rs Vik\u0101nis, Ain\u0101rs Ju\u0161k\u0113vi\u010ds<\/p>\n<\/div>\n\n\n\n<div class=\"wp-block-column is-layout-flow wp-block-column-is-layout-flow\" style=\"flex-basis:35%\">\n<h4 class=\"wp-block-heading\">Sast\u0101vs<br>2009.-2010.g.dz.<\/h4>\n\n\n\n<p>Edvards Martinovs<br>Markuss D\u017eons Svensons<br>Markuss Ziedi\u0146\u0161<br>Francis Kasparovi\u010ds<br>Gustavs Me\u017eraups<br>Eduards Avoti\u0146\u0161<br>Roberts Timma<br>Valters Boj\u0101rs<br>Roberts \u0100bele<br>Haralds \u0100bele<br>Oskars B\u0113rzi\u0146\u0161<br>Alisters \u0100bolti\u0146\u0161<br>Ernests Bleive<br>Everts Miezis<br>Gustavs Alvi\u0137is<br>K\u0101rlis Fel\u0161us<br>Adrians Ta\u010ds<br>Toms Smirnovs<br>Toms Kr\u016bka<br>Hugo Beizi\u0137is<br>Rodrigo Stabulnieks<br>Gabriels Garsils<br>Artis Akmenti\u0146\u0161<\/p>\n<\/div>\n<\/div>\n\n\n\n<div class=\"wp-block-columns has-background is-layout-flex wp-container-core-columns-layout-4 wp-block-columns-is-layout-flex\" style=\"border-width:1px;background-color:#f6fc0030\">\n<div class=\"wp-block-column is-layout-flow wp-block-column-is-layout-flow\" style=\"flex-basis:65%\">\n<h4 class=\"wp-block-heading\">&#8220;FS Masters \/ Ulbroka Black&#8221;<br>2021\/2022.gada sezona<\/h4>\n\n\n\n<figure class=\"wp-block-image size-full\"><img loading=\"lazy\" decoding=\"async\" width=\"800\" height=\"533\" src=\"https:\/\/www.fsmasters.lv\/wp-content\/uploads\/2023\/01\/2022_U13_1.vieta_.jpeg\" alt=\"\" class=\"wp-image-5789\" srcset=\"https:\/\/www.fsmasters.lv\/wp-content\/uploads\/2023\/01\/2022_U13_1.vieta_.jpeg 800w, https:\/\/www.fsmasters.lv\/wp-content\/uploads\/2023\/01\/2022_U13_1.vieta_-300x200.jpeg 300w, https:\/\/www.fsmasters.lv\/wp-content\/uploads\/2023\/01\/2022_U13_1.vieta_-768x512.jpeg 768w, https:\/\/www.fsmasters.lv\/wp-content\/uploads\/2023\/01\/2022_U13_1.vieta_-600x400.jpeg 600w\" sizes=\"(max-width: 800px) 100vw, 800px\" \/><\/figure>\n\n\n\n<p>&#8220;FS Masters&#8221; 1.d\u012bvizijas komanda aizvad\u012bjas lielisku \u010dempion\u0101tu nosl\u0113dzot regul\u0101ro turn\u012bru pirmaj\u0101 viet\u0101. Izsl\u0113g\u0161anas sp\u0113l\u0113s div\u0101s sp\u0113l\u0113s tika p\u0101rsp\u0113ta &#8220;Bauskas BJSS&#8221; komanda un fin\u0101l\u0101 ar 9:2 uzvar\u0113ta &#8220;Irlava&#8221; vien\u012bba, izc\u012bnot godam nopeln\u012btu \u010dempionu titulu.<\/p>\n\n\n\n<p><strong>\u010cempion\u0101t\u0101 rezultat\u012bv\u0101kais sp\u0113l\u0113t\u0101js<\/strong> &#8211; Gustavs Marks Zari\u0146\u0161 (FS Masters \/ Ulbroka Black)<\/p>\n\n\n\n<p><strong>\u010cempion\u0101ta lab\u0101kais v\u0101rtsargs<\/strong> &#8211; Oskars Opelts (FS Masters \/ Ulbroka Black)<\/p>\n\n\n\n<p><strong>Treneris:<\/strong> Rem\u0101rs Vik\u0101nis<\/p>\n<\/div>\n\n\n\n<div class=\"wp-block-column is-layout-flow wp-block-column-is-layout-flow\" style=\"flex-basis:35%\">\n<h4 class=\"wp-block-heading\">Sast\u0101vs<br>2008.-2009.g.dz.<\/h4>\n\n\n\n<p>Markus Sanders<br>Arturs St\u012bpnieks<br>Kristaps Petrovskis<br>\u0145ikita Ipo\u013citovs<br>Roberts \u0100boli\u0146\u0161<br>Oskars Opelts<br>Haralds Petrus<br>Kristers T\u012bsi\u0146\u0161<br>Miks Biezais<br>Roberts Josts<br>Valters Ciems<br>Gustavs Marks Zari\u0146\u0161<br>Roberts Timma<br>Roberts \u0100bele<br>Haralds \u0100bele<br>Adrians Ta\u010ds<\/p>\n<\/div>\n<\/div>\n\n\n\n<div class=\"wp-block-columns has-background is-layout-flex wp-container-core-columns-layout-5 wp-block-columns-is-layout-flex\" style=\"border-width:1px;background-color:#f6fc0030\">\n<div class=\"wp-block-column is-layout-flow wp-block-column-is-layout-flow\" style=\"flex-basis:65%\">\n<h4 class=\"wp-block-heading\">&#8220;FS Masters \/ Ulbroka Red&#8221;<br>2021\/2022.gada sezona<\/h4>\n\n\n\n<figure class=\"wp-block-image size-full\"><a href=\"https:\/\/www.fsmasters.lv\/wp-content\/uploads\/2023\/01\/2022_U13_1.vieta_2D.jpeg\"><img loading=\"lazy\" decoding=\"async\" width=\"800\" height=\"533\" src=\"https:\/\/www.fsmasters.lv\/wp-content\/uploads\/2023\/01\/2022_U13_1.vieta_2D.jpeg\" alt=\"\" class=\"wp-image-5790\" srcset=\"https:\/\/www.fsmasters.lv\/wp-content\/uploads\/2023\/01\/2022_U13_1.vieta_2D.jpeg 800w, https:\/\/www.fsmasters.lv\/wp-content\/uploads\/2023\/01\/2022_U13_1.vieta_2D-300x200.jpeg 300w, https:\/\/www.fsmasters.lv\/wp-content\/uploads\/2023\/01\/2022_U13_1.vieta_2D-768x512.jpeg 768w, https:\/\/www.fsmasters.lv\/wp-content\/uploads\/2023\/01\/2022_U13_1.vieta_2D-600x400.jpeg 600w\" sizes=\"(max-width: 800px) 100vw, 800px\" \/><\/a><\/figure>\n\n\n\n<p>M\u016bsu klubs \u0161aj\u0101 sezon\u0101 piedal\u012bj\u0101s ar div\u0101m komand\u0101m, &#8220;FS Masters \/ Ulbroka Red&#8221; 2.div\u012bzij\u0101 regul\u0101raj\u0101 turn\u012br\u0101 p\u0101rliecino\u0161i ierindoj\u0101s 1.viet\u0101. Izsl\u0113g\u0161anas sp\u0113l\u0113s tika p\u0101rsp\u0113tas &#8220;Ogres Vilki&#8221; un &#8220;OSS\/FK Jenoti&#8221; komandas. Dramatisk\u0101 fin\u0101l\u0101 uzvara pret &#8220;Aizkraukle NSS&#8221; komandu un 2.div\u012bzijas \u010dempion\u0101ta zelta meda\u013cas.<\/p>\n\n\n\n<p><strong>Treneris:<\/strong> Ain\u0101rs Ju\u0161k\u0113vi\u010ds<\/p>\n<\/div>\n\n\n\n<div class=\"wp-block-column is-layout-flow wp-block-column-is-layout-flow\" style=\"flex-basis:35%\">\n<h4 class=\"wp-block-heading\">Sast\u0101vs<br>2008.-2010.g.dz.<\/h4>\n\n\n\n<p>Kristaps Toms Ronis<br>Rimants B\u0113rzi\u0146\u0161<br>Rolands \u0160ulcs<br>D\u0101vis Vecumnieks<br>Kristaps Piebalgs<br>Artis Eriksons<br>D\u0101gs Putni\u0146\u0161<br>K\u0101rlis \u010capi\u0146\u0161<br>Otto Fr\u012bdenbergs<br>Em\u012bls Bebris<br>Kristaps Katkovskis<br>Armands B\u0113rzi\u0146\u0161<br>Edvards Martinovs<br>Gustavs Me\u017eraups<br>Everts Miezis<br>Gustavs Alvi\u0137is<br>K\u0101rlis Fel\u0161us<br>Gabriels Garsils<\/p>\n<\/div>\n<\/div>\n\n\n\n<div class=\"wp-block-columns has-background is-layout-flex wp-container-core-columns-layout-6 wp-block-columns-is-layout-flex\" style=\"border-width:1px;background-color:#7bdbb530\">\n<div class=\"wp-block-column is-layout-flow wp-block-column-is-layout-flow\" style=\"flex-basis:65%\">\n<h4 class=\"wp-block-heading\">&#8220;FS Masters \/ Ulbroka&#8221;<br>2020\/2021.gada sezona<\/h4>\n\n\n\n<p>\u010cempion\u0101t\u0101 tika aizvad\u012btas tikai 1 sp\u0113le l\u012bdz tas tika p\u0101rtraukts Covid-19 pandem\u012bjas d\u0113\u013c.<\/p>\n\n\n\n<p><strong>Treneris:<\/strong> Ain\u0101rs Ju\u0161k\u0113vi\u010ds<\/p>\n<\/div>\n\n\n\n<div class=\"wp-block-column is-layout-flow wp-block-column-is-layout-flow\" style=\"flex-basis:35%\">\n<h4 class=\"wp-block-heading\">Sast\u0101vs<br>2007.-2009.g.dz.<\/h4>\n\n\n\n<p>Markuss Jubelis<br>Sandis Damb\u012btis<br>Kri\u0161j\u0101nis Mednis<br>Ren\u0101rs Kova\u013covs<br>K\u0101rlis Spilbergs<br>Gustavs Sald\u016bksnis<br>Kristers Leksis<br>Rihards Krusts<br>Markuss Daniels Trunte<br>Ralfs Kliests<br>Gustavs Gail\u012btis<br>Mat\u012bss Meikali\u0161s<br>Markus Sanders<br>Arturs St\u012bpnieks<br>Kristaps Petrovskis<br>Gustavs Marks Zari\u0146\u0161<br>Roberts Timma<br>Roberts \u0100bele<br>Haralds \u0100bele<\/p>\n<\/div>\n<\/div>\n\n\n\n<div class=\"wp-block-columns has-background is-layout-flex wp-container-core-columns-layout-7 wp-block-columns-is-layout-flex\" style=\"border-width:1px;background-color:#7bdbb530\">\n<div class=\"wp-block-column is-layout-flow wp-block-column-is-layout-flow\" style=\"flex-basis:65%\">\n<h4 class=\"wp-block-heading\">&#8220;FS Masters \/ Ulbroka&#8221;<br>2019\/2020.gada sezona<\/h4>\n\n\n\n<p>Lieliski aizvad\u012bt\u0101 sezona tika p\u0101rtraukta Covid-19 pand\u0113mijas d\u0113\u013c.<\/p>\n\n\n\n<p><strong>Treneris:<\/strong> Ain\u0101rs Ju\u0161k\u0113vi\u010ds<\/p>\n<\/div>\n\n\n\n<div class=\"wp-block-column is-layout-flow wp-block-column-is-layout-flow\" style=\"flex-basis:35%\">\n<h4 class=\"wp-block-heading\">Sast\u0101vs<br>2006.-2007.g.dz.<\/h4>\n\n\n\n<p>Artis Kenstavi\u010ds<br>Henrijs Gustavs Magons<br>Ralfs Kram\u0113ns<br>Rodrigo Rotk\u0101js<br>Linards D\u0101vis Lazdi\u0146\u0161<br>Artis Leimanis<br>R\u016bdolfs Pakalns<br>Ri\u010dards Stepi\u0146\u0161<br>Art\u016brs Gurjanovs<br>Ri\u010dards D\u0101bols<br>Marks Bebris<br>Ivo Raksti\u0146\u0161<br>Ralfs R\u016bdolfs Gaugers<br>Artemijs Smirnovs<br>Lauris Nazarovs<br>Dzintars Vilde<br>Ren\u0101rs Kova\u013covs<\/p>\n<\/div>\n<\/div>\n\n\n\n<div class=\"wp-block-columns has-background is-layout-flex wp-container-core-columns-layout-8 wp-block-columns-is-layout-flex\" style=\"border-width:1px;background-color:#f6fc0030\">\n<div class=\"wp-block-column is-layout-flow wp-block-column-is-layout-flow\" style=\"flex-basis:65%\">\n<h4 class=\"wp-block-heading\">&#8220;FS Masters \/ Ulbroka&#8221;<br>2018\/2019.gada sezona<\/h4>\n\n\n\n<figure class=\"wp-block-image size-full\"><img loading=\"lazy\" decoding=\"async\" width=\"800\" height=\"533\" src=\"https:\/\/www.fsmasters.lv\/wp-content\/uploads\/2023\/01\/2019_U13.jpeg\" alt=\"\" class=\"wp-image-5873\" srcset=\"https:\/\/www.fsmasters.lv\/wp-content\/uploads\/2023\/01\/2019_U13.jpeg 800w, https:\/\/www.fsmasters.lv\/wp-content\/uploads\/2023\/01\/2019_U13-300x200.jpeg 300w, https:\/\/www.fsmasters.lv\/wp-content\/uploads\/2023\/01\/2019_U13-768x512.jpeg 768w, https:\/\/www.fsmasters.lv\/wp-content\/uploads\/2023\/01\/2019_U13-600x400.jpeg 600w\" sizes=\"(max-width: 800px) 100vw, 800px\" \/><\/figure>\n\n\n\n<p><strong>\u010cempion\u0101ta lab\u0101kais v\u0101rtsargs<\/strong> &#8211; Mat\u012bss Aukstars (FS Masters \/ Ulbroka)<\/p>\n\n\n\n<p><strong>\u010cempion\u0101ta lab\u0101kais aizsargs<\/strong> &#8211; D\u0101vids Vilci\u0146\u0161 (FS Masters \/ Ulbroka)<\/p>\n\n\n\n<p><strong>Treneris:<\/strong> Ain\u0101rs Ju\u0161k\u0113vi\u010ds<\/p>\n<\/div>\n\n\n\n<div class=\"wp-block-column is-layout-flow wp-block-column-is-layout-flow\" style=\"flex-basis:35%\">\n<h4 class=\"wp-block-heading\">Sast\u0101vs<br>2005.-2006.g.dz.<\/h4>\n\n\n\n<p>Em\u012bls Jan\u010devskis<br>Gustavs Gregors Pavasars<br>Alekss Sprudz\u0101ns<br>M\u0101rcis L\u016bkass Liepi\u0146\u0161<br>Uldis Maskavs<br>Roberts Trofimenko<br>Art\u016brs Anis<br>Ri\u010dards Konr\u0101ds Stabulnieks<br>Roberts Aunkrogers<br>Mat\u012bss Aukstars<br>Kri\u0161j\u0101nis Kr\u0113mers<br>D\u0101vis \u017dide\u013c\u016bns<br>D\u0101vids Vilci\u0146\u0161<br>Deniss Kor\u0146ilovs<br>\u0122irts Avoti\u0146\u0161<br>Martins M\u0101rcis Vi\u013cumsons<br>Gvido Miezis<br>Romans Mjagkovs<br>Artis Kenstavi\u010ds<br>Henrijs Gustavs Magons<br>Ralfs Kram\u0113ns<br>Rodrigo Rotk\u0101js<\/p>\n<\/div>\n<\/div>\n\n\n\n<div class=\"wp-block-columns has-background is-layout-flex wp-container-core-columns-layout-9 wp-block-columns-is-layout-flex\" style=\"border-width:1px;background-color:#ff6a0029\">\n<div class=\"wp-block-column is-layout-flow wp-block-column-is-layout-flow\" style=\"flex-basis:65%\">\n<h4 class=\"wp-block-heading\">&#8220;FS Masters \/ Ulbroka&#8221;<br>2017\/2018.gada sezona<\/h4>\n\n\n\n<figure class=\"wp-block-image size-full\"><img loading=\"lazy\" decoding=\"async\" width=\"799\" height=\"533\" src=\"https:\/\/www.fsmasters.lv\/wp-content\/uploads\/2023\/01\/2018_U13.jpeg\" alt=\"\" class=\"wp-image-5867\" srcset=\"https:\/\/www.fsmasters.lv\/wp-content\/uploads\/2023\/01\/2018_U13.jpeg 799w, https:\/\/www.fsmasters.lv\/wp-content\/uploads\/2023\/01\/2018_U13-300x200.jpeg 300w, https:\/\/www.fsmasters.lv\/wp-content\/uploads\/2023\/01\/2018_U13-768x512.jpeg 768w, https:\/\/www.fsmasters.lv\/wp-content\/uploads\/2023\/01\/2018_U13-600x400.jpeg 600w\" sizes=\"(max-width: 799px) 100vw, 799px\" \/><\/figure>\n\n\n\n<p><strong>\u010cempion\u0101ta lab\u0101kais uzbruc\u0113js<\/strong> &#8211; Edijs \u0160enbergs (FS Masters \/ Ulbroka)<\/p>\n\n\n\n<p><strong>Treneris:<\/strong> Ain\u0101rs Ju\u0161k\u0113vi\u010ds<\/p>\n<\/div>\n\n\n\n<div class=\"wp-block-column is-layout-flow wp-block-column-is-layout-flow\" style=\"flex-basis:35%\">\n<h4 class=\"wp-block-heading\">Sast\u0101vs<br>2004.-2005.g.dz.<\/h4>\n\n\n\n<p>Ein\u0101rs Osipovs<br>Nikolass Rukavi\u0161\u0146ikovs<br>Haralds Kalni\u0146\u0161<br>Edvards Vilci\u0146\u0161<br>Raivis Visendorfs<br>Linards Irbe<br>Ren\u0101rs R\u0113ders<br>Edijs \u0160enbergs<br>Tomass \u010ci\u017eevskis<br>K\u0101rlis Pedraudzis<br>Em\u012bls Kakti\u0146\u0161<br>Roberts Karpis<br>Sta\u0146islavs Zlobins<br>Nils Rieksti\u0146\u0161<br>Andris G\u012bze<br>Edvards Sta\u0137is<br>Valters Krasti\u0146\u0161<\/p>\n<\/div>\n<\/div>\n\n\n\n<div class=\"wp-block-columns has-background is-layout-flex wp-container-core-columns-layout-10 wp-block-columns-is-layout-flex\" style=\"border-width:1px;background-color:#7bdbb530\">\n<div class=\"wp-block-column is-layout-flow wp-block-column-is-layout-flow\" style=\"flex-basis:65%\">\n<h4 class=\"wp-block-heading\">&#8220;FS Masters \/ Ulbroka&#8221;<br>2016\/2017.gada sezona<\/h4>\n\n\n\n<p><\/p>\n\n\n\n<p><strong>Treneris:<\/strong> Ain\u0101rs Ju\u0161k\u0113vi\u010ds<\/p>\n<\/div>\n\n\n\n<div class=\"wp-block-column is-layout-flow wp-block-column-is-layout-flow\" style=\"flex-basis:35%\">\n<h4 class=\"wp-block-heading\">Sast\u0101vs<br>2003.g.dz.<\/h4>\n\n\n\n<p>Kristofers Kleinhofs<br>Markuss Freibergs<br>Maksis Kl\u016bga<br>Gustavs Tolmanis<br>Aleksandrs C\u012brulis<br>Edgars Trofimovs<br>Eduards Vilks<br>Viljams Lutkevics<br>Roberts Rautmanis<br>Miks Smildzi\u0146\u0161<br>Roberts Brants<br>Oskars Megnis<br>D\u0101niels Kalni\u0146\u0161<br>Gusts Jegorovs<br>Tomass Kristofers Birsti\u0146\u0161<br>Ri\u010dards Me\u017eeniks<br>Kristers Babris<br>Eduards Habermanis<br>Artis Krasti\u0146\u0161<br>Ralfs Klempners<br>Kristers Lo\u010dmelis<br>Pauls Kristens Neijs<br>Kristaps Reidz\u0101ns<\/p>\n<\/div>\n<\/div>\n\n\n\n<div class=\"wp-block-columns has-background is-layout-flex wp-container-core-columns-layout-11 wp-block-columns-is-layout-flex\" style=\"border-width:1px;background-color:#7bdbb530\">\n<div class=\"wp-block-column is-layout-flow wp-block-column-is-layout-flow\" style=\"flex-basis:65%\">\n<h4 class=\"wp-block-heading\">&#8220;FS Masters \/ Blindsave&#8221;<br>2016\/2017.gada sezona<\/h4>\n\n\n\n<p><\/p>\n\n\n\n<p><strong>Treneris:<\/strong> Henrijs Uzraugs<\/p>\n<\/div>\n\n\n\n<div class=\"wp-block-column is-layout-flow wp-block-column-is-layout-flow\" style=\"flex-basis:35%\">\n<h4 class=\"wp-block-heading\">Sast\u0101vs<br>2003.-2006.g.dz.<\/h4>\n\n\n\n<p>Edvards Asars Asarovskis<br>Edmunds Pone<br>Rafaels Anrijs Z\u012bra<br>Martins Rodrigo Lavi\u0146\u0161<br>J\u0113kabs Samsons<br>Edgars Ralovecs<br>Gustavs Ozoli\u0146\u0161<br>Domeniks B\u0113rzi\u0146\u0161<br>Ri\u010dards Bezbilis<br>Andrievs Me\u017eals<br>Toms Burvis<br>Reinis Aukstikalnis<br>J\u0101nis Zeps<br>Adams Soini<br>Olivers Meija<br>Haralds Kalni\u0146\u0161<br>R\u016bdolfs Drevinskis<br>Roberts Zaikovskis<br>J\u0113kabs Zem\u012btis<br>Gustavs R\u0113ders<br>Pauls Leonards Paegle<\/p>\n<\/div>\n<\/div>\n","protected":false},"excerpt":{"rendered":"<p>&#8220;FS Masters \/ Ulbroka&#8221;2024\/2025.gada sezona \u010cempion\u0101ta lab\u0101kais aizsargs &#8211; Olivers \u0160ika (FS Masters \/ Ulbroka) Treneris: Ain\u0101rs Ju\u0161k\u0113vi\u010ds Sast\u0101vs2011.-2012.g.dz. Olivers \u0160ikaRaiko RumpisEduards B\u013cinovsUldis OsisGordejs ZasjadkoAdrians Tip\u0101nsMartins O\u013c\u0161evskisRaivo Edgars PilickisM\u0101rti\u0146\u0161 Pl\u016bmeRod\u017eers C\u012brulisJ\u0113kabs L\u0101cisJuli\u0101ns And\u017eevsToms KurzemnieksKri\u0161s TrofimenkoRihards Filips BitinsGvido Raksti\u0146\u0161Hugo MalkausisToms Vecumnieks &#8220;FS Masters \/ Ulbroka&#8221;2023\/2024.gada sezona Treneri: Rem\u0101rs Vik\u0101nis, Ain\u0101rs Ju\u0161k\u0113vi\u010ds Sast\u0101vs2010.-2012.g.dz. Hugo Beizi\u0137isRoberts KandersKristers KarlsonsAdrians &hellip; <\/p>\n<p class=\"link-more\"><a href=\"https:\/\/www.fsmasters.lv\/?page_id=5788\" class=\"more-link\">Read more<span class=\"screen-reader-text\"> &#8220;U13&#8221;<\/span><\/a><\/p>\n","protected":false},"author":1,"featured_media":0,"parent":5650,"menu_order":7,"comment_status":"closed","ping_status":"closed","template":"","meta":{"footnotes":""},"featured_media_urls":[],"_links":{"self":[{"href":"https:\/\/www.fsmasters.lv\/index.php?rest_route=\/wp\/v2\/pages\/5788"}],"collection":[{"href":"https:\/\/www.fsmasters.lv\/index.php?rest_route=\/wp\/v2\/pages"}],"about":[{"href":"https:\/\/www.fsmasters.lv\/index.php?rest_route=\/wp\/v2\/types\/page"}],"author":[{"embeddable":true,"href":"https:\/\/www.fsmasters.lv\/index.php?rest_route=\/wp\/v2\/users\/1"}],"replies":[{"embeddable":true,"href":"https:\/\/www.fsmasters.lv\/index.php?rest_route=%2Fwp%2Fv2%2Fcomments&post=5788"}],"version-history":[{"count":19,"href":"https:\/\/www.fsmasters.lv\/index.php?rest_route=\/wp\/v2\/pages\/5788\/revisions"}],"predecessor-version":[{"id":6819,"href":"https:\/\/www.fsmasters.lv\/index.php?rest_route=\/wp\/v2\/pages\/5788\/revisions\/6819"}],"up":[{"embeddable":true,"href":"https:\/\/www.fsmasters.lv\/index.php?rest_route=\/wp\/v2\/pages\/5650"}],"wp:attachment":[{"href":"https:\/\/www.fsmasters.lv\/index.php?rest_route=%2Fwp%2Fv2%2Fmedia&parent=5788"}],"curies":[{"name":"wp","href":"https:\/\/api.w.org\/{rel}","templated":true}]}}