{"id":5750,"date":"2023-01-27T14:26:09","date_gmt":"2023-01-27T12:26:09","guid":{"rendered":"https:\/\/www.fsmasters.lv\/?page_id=5750"},"modified":"2025-09-02T09:51:40","modified_gmt":"2025-09-02T07:51:40","slug":"u15","status":"publish","type":"page","link":"https:\/\/www.fsmasters.lv\/?page_id=5750","title":{"rendered":"U15"},"content":{"rendered":"\n<div class=\"wp-block-columns has-background is-layout-flex wp-container-core-columns-layout-1 wp-block-columns-is-layout-flex\" style=\"border-width:1px;background-color:#ff6a0029\">\n<div class=\"wp-block-column is-layout-flow wp-block-column-is-layout-flow\" style=\"flex-basis:65%\">\n<h4 class=\"wp-block-heading\">&#8220;FS Masters \/ Ulbroka&#8221;<br>2024\/2025.gada sezona<\/h4>\n\n\n\n<figure class=\"wp-block-image size-large\"><img fetchpriority=\"high\" decoding=\"async\" width=\"1024\" height=\"683\" src=\"https:\/\/www.fsmasters.lv\/wp-content\/uploads\/2025\/04\/U15_3.vieta_-1024x683.jpg\" alt=\"\" class=\"wp-image-6652\" srcset=\"https:\/\/www.fsmasters.lv\/wp-content\/uploads\/2025\/04\/U15_3.vieta_-1024x683.jpg 1024w, https:\/\/www.fsmasters.lv\/wp-content\/uploads\/2025\/04\/U15_3.vieta_-300x200.jpg 300w, https:\/\/www.fsmasters.lv\/wp-content\/uploads\/2025\/04\/U15_3.vieta_-600x400.jpg 600w, https:\/\/www.fsmasters.lv\/wp-content\/uploads\/2025\/04\/U15_3.vieta_-1200x800.jpg 1200w, https:\/\/www.fsmasters.lv\/wp-content\/uploads\/2025\/04\/U15_3.vieta_.jpg 1800w\" sizes=\"(max-width: 1024px) 100vw, 1024px\" \/><\/figure>\n\n\n\n<p><strong>\u010cempion\u0101ta lab\u0101kais v\u0101rtsargs<\/strong> &#8211; Ralfs Kr\u016bmi\u0146\u0161 (FS Masters \/ Ulbroka Black)<\/p>\n\n\n\n<p><strong>Treneris:<\/strong> Rem\u0101rs Vik\u0101nis<\/p>\n<\/div>\n\n\n\n<div class=\"wp-block-column is-layout-flow wp-block-column-is-layout-flow\" style=\"flex-basis:35%\">\n<h4 class=\"wp-block-heading\">Sast\u0101vs<br>2009.-2010.g.dz.<\/h4>\n\n\n\n<p>Armands B\u0113rzi\u0146\u0161<br>Edvards Martinovs<br>D\u0101vis Art\u016brs Auce<br>Francis Kasparovi\u010ds<br>Ralfs Kr\u016bmi\u0146\u0161<br>Gustavs Me\u017eraups<br>Em\u012bls Osmanis<br>Roberts Timma<br>Elvis Jonass<br>Augusts Gr\u0101v\u012btis<br>Alisters \u0100bolti\u0146\u0161<br>Everts Miezis<br>Gustavs Alvi\u0137is<br>Miks Upenieks<br>K\u0101rlis Fel\u0161us<br>J\u0113kabs Jur\u0123is<br>Adrians Tacs<br>Toms Smirnovs<br>Rihards Gulbis<br>Roberts Kurzemnieks<br>Adrians And\u017eevs<br>Artis Akmenti\u0146\u0161<\/p>\n<\/div>\n<\/div>\n\n\n\n<div class=\"wp-block-columns has-background is-layout-flex wp-container-core-columns-layout-2 wp-block-columns-is-layout-flex\" style=\"border-width:1px;background-color:#f6fc0030\">\n<div class=\"wp-block-column is-layout-flow wp-block-column-is-layout-flow\" style=\"flex-basis:65%\">\n<h4 class=\"wp-block-heading\">&#8220;FS Masters \/ Ulbroka Black&#8221;<br>2023\/2024.gada sezona<\/h4>\n\n\n\n<figure class=\"wp-block-image size-large\"><img decoding=\"async\" width=\"1024\" height=\"683\" src=\"https:\/\/www.fsmasters.lv\/wp-content\/uploads\/2024\/05\/2024_U15_1.vieta_-1024x683.jpeg\" alt=\"\" class=\"wp-image-6357\" srcset=\"https:\/\/www.fsmasters.lv\/wp-content\/uploads\/2024\/05\/2024_U15_1.vieta_-1024x683.jpeg 1024w, https:\/\/www.fsmasters.lv\/wp-content\/uploads\/2024\/05\/2024_U15_1.vieta_-300x200.jpeg 300w, https:\/\/www.fsmasters.lv\/wp-content\/uploads\/2024\/05\/2024_U15_1.vieta_-600x400.jpeg 600w, https:\/\/www.fsmasters.lv\/wp-content\/uploads\/2024\/05\/2024_U15_1.vieta_-1200x800.jpeg 1200w, https:\/\/www.fsmasters.lv\/wp-content\/uploads\/2024\/05\/2024_U15_1.vieta_-1536x1024.jpeg 1536w, https:\/\/www.fsmasters.lv\/wp-content\/uploads\/2024\/05\/2024_U15_1.vieta_.jpeg 1620w\" sizes=\"(max-width: 1024px) 100vw, 1024px\" \/><\/figure>\n\n\n\n<p><strong>\u010cempion\u0101ta rezultat\u012bv\u0101kais uzbruc\u0113js<\/strong> &#8211; Gustavs Marks Zari\u0146\u0161 (FS Masters \/ Ulbroka Black)<\/p>\n\n\n\n<p><strong>\u010cempion\u0101ta lab\u0101kais uzbruc\u0113js<\/strong> &#8211; Roberts \u0100bele (FS Masters \/ Ulbroka Black)<\/p>\n\n\n\n<p><strong>\u010cempion\u0101ta lab\u0101kais aizsargs<\/strong> &#8211; Haralds \u0100bele (FS Masters \/ Ulbroka Black)<\/p>\n\n\n\n<p><strong>Treneris:<\/strong> Rem\u0101rs Vik\u0101nis<\/p>\n<\/div>\n\n\n\n<div class=\"wp-block-column is-layout-flow wp-block-column-is-layout-flow\" style=\"flex-basis:35%\">\n<h4 class=\"wp-block-heading\">Sast\u0101vs<br>2008.-2009.g.dz.<\/h4>\n\n\n\n<p>Markuss Seikstulis<br>Markus Sanders<br>Art\u016brs St\u012bpnieks<br>Kristaps Petrovskis<br>D\u0101vids Cim\u017ea<br>Roberts \u0100boli\u0146\u0161<br>Oskars Opelts<br>Haralds Petrus<br>Kristers T\u012bsi\u0146\u0161<br>Miks Biezais<br>Valters Ciems<br>Gustavs Marks Zari\u0146\u0161<br>Gustavs Liekni\u0146\u0161<br>Roberts Timma<br>Roberts \u0100bele<br>Haralds \u0100bele<\/p>\n<\/div>\n<\/div>\n\n\n\n<div class=\"wp-block-columns has-background is-layout-flex wp-container-core-columns-layout-3 wp-block-columns-is-layout-flex\" style=\"border-width:1px;background-color:#7bdbb530\">\n<div class=\"wp-block-column is-layout-flow wp-block-column-is-layout-flow\" style=\"flex-basis:65%\">\n<h4 class=\"wp-block-heading\">&#8220;FS Masters \/ Ulbroka Red&#8221;<br>2023\/2024.gada sezona<\/h4>\n\n\n\n<p><strong>Treneris:<\/strong> Ain\u0101rs Ju\u0161k\u0113vi\u010ds<\/p>\n<\/div>\n\n\n\n<div class=\"wp-block-column is-layout-flow wp-block-column-is-layout-flow\" style=\"flex-basis:35%\">\n<h4 class=\"wp-block-heading\">Sast\u0101vs<br>2008.-2010.g.dz.<\/h4>\n\n\n\n<p>Kristaps Toms Ronis<br>Rimants B\u0113rzi\u0146\u0161<br>Rolands \u0160ulcs<br>D\u0101vis Vecumnieks<br>Kristpas Piebalgs<br>Artis Eriksons<br>D\u0101gs Putni\u0146\u0161<br>Otto Fr\u012bdenbergs<br>Em\u012bls Bebris<br>Armands B\u0113rzi\u0146\u0161<br>Edvards Martinovs<br>Markuss Ziedi\u0146\u0161<br>Francis Kasparovi\u010ds<br>Gustavs Me\u017eraups<br>Everts Miezis<br>Gustavs Alvi\u0137is<br>K\u0101rlis Fel\u0161us<br>Gabriels Garsils<\/p>\n<\/div>\n<\/div>\n\n\n\n<div class=\"wp-block-columns has-background is-layout-flex wp-container-core-columns-layout-4 wp-block-columns-is-layout-flex\" style=\"border-width:1px;background-color:#abb7c224\">\n<div class=\"wp-block-column is-layout-flow wp-block-column-is-layout-flow\" style=\"flex-basis:65%\">\n<h4 class=\"wp-block-heading\">&#8220;FS Masters \/ Ulbroka&#8221;<br>2022\/2023.gada sezona<\/h4>\n\n\n\n<figure class=\"wp-block-image size-large\"><img decoding=\"async\" width=\"1024\" height=\"682\" src=\"https:\/\/www.fsmasters.lv\/wp-content\/uploads\/2023\/04\/2023_U15_2.vieta_-1024x682.jpeg\" alt=\"\" class=\"wp-image-5998\" srcset=\"https:\/\/www.fsmasters.lv\/wp-content\/uploads\/2023\/04\/2023_U15_2.vieta_-1024x682.jpeg 1024w, https:\/\/www.fsmasters.lv\/wp-content\/uploads\/2023\/04\/2023_U15_2.vieta_-300x200.jpeg 300w, https:\/\/www.fsmasters.lv\/wp-content\/uploads\/2023\/04\/2023_U15_2.vieta_-768x512.jpeg 768w, https:\/\/www.fsmasters.lv\/wp-content\/uploads\/2023\/04\/2023_U15_2.vieta_-1536x1024.jpeg 1536w, https:\/\/www.fsmasters.lv\/wp-content\/uploads\/2023\/04\/2023_U15_2.vieta_-600x400.jpeg 600w, https:\/\/www.fsmasters.lv\/wp-content\/uploads\/2023\/04\/2023_U15_2.vieta_-1200x800.jpeg 1200w, https:\/\/www.fsmasters.lv\/wp-content\/uploads\/2023\/04\/2023_U15_2.vieta_.jpeg 2000w\" sizes=\"(max-width: 1024px) 100vw, 1024px\" \/><\/figure>\n\n\n\n<p><strong>\u010cempion\u0101ta lab\u0101kais uzbruc\u0113js<\/strong> &#8211; Kristers Leksis (FS Masters \/ Ulbroka)<\/p>\n\n\n\n<p><strong>Treneris:<\/strong> Andris P\u012blups<\/p>\n<\/div>\n\n\n\n<div class=\"wp-block-column is-layout-flow wp-block-column-is-layout-flow\" style=\"flex-basis:35%\">\n<h4 class=\"wp-block-heading\">Sast\u0101vs<br>2007.-2008.g.dz.<\/h4>\n\n\n\n<p>Markuss Jubelis<br>Kri\u0161j\u0101nis Mednis<br>Ren\u0101rs Kova\u013covs<br>Henrijs Bjorns Neilands<br>K\u0101rlis Spilbergs<br>Kristers Leksis<br>R\u016bdolfs Dubrovskis<br>Rihards Krusts<br>Ralfs Kliests<br>Markus Sanders<br>Art\u016brs St\u012bpnieks<br>Kristaps Petrovskis<br>Roberts \u0100boli\u0146\u0161<br>Oskars Opelts<br>Kristers T\u012bsi\u0146\u0161<br>Miks Biezais<br>Gustavs Marks Zari\u0146\u0161<\/p>\n<\/div>\n<\/div>\n\n\n\n<div class=\"wp-block-columns has-background is-layout-flex wp-container-core-columns-layout-5 wp-block-columns-is-layout-flex\" style=\"border-width:1px;background-color:#f6fc0030\">\n<div class=\"wp-block-column is-layout-flow wp-block-column-is-layout-flow\" style=\"flex-basis:65%\">\n<h4 class=\"wp-block-heading\">&#8220;FS Masters \/ Ulbroka&#8221;<br>2021\/2022.gada sezona<\/h4>\n\n\n\n<figure class=\"wp-block-image size-full\"><img loading=\"lazy\" decoding=\"async\" width=\"800\" height=\"533\" src=\"https:\/\/www.fsmasters.lv\/wp-content\/uploads\/2023\/01\/2022_U15_1.vieta_.jpeg\" alt=\"\" class=\"wp-image-5757\" srcset=\"https:\/\/www.fsmasters.lv\/wp-content\/uploads\/2023\/01\/2022_U15_1.vieta_.jpeg 800w, https:\/\/www.fsmasters.lv\/wp-content\/uploads\/2023\/01\/2022_U15_1.vieta_-300x200.jpeg 300w, https:\/\/www.fsmasters.lv\/wp-content\/uploads\/2023\/01\/2022_U15_1.vieta_-768x512.jpeg 768w, https:\/\/www.fsmasters.lv\/wp-content\/uploads\/2023\/01\/2022_U15_1.vieta_-600x400.jpeg 600w\" sizes=\"(max-width: 800px) 100vw, 800px\" \/><\/figure>\n\n\n\n<p><strong>\u010cempion\u0101ta rezultat\u012bv\u0101kais uzbruc\u0113js<\/strong> &#8211; Artemijs Smirnovs (FS Masters \/ Ulbroka)<\/p>\n\n\n\n<p><strong>\u010cempion\u0101ta lab\u0101kais v\u0101rtsargs<\/strong> &#8211; Henrijs Gustavs Magons (FS Masters \/ Ulbroka)<\/p>\n\n\n\n<p><strong>Treneris:<\/strong> Andris P\u012blups<\/p>\n<\/div>\n\n\n\n<div class=\"wp-block-column is-layout-flow wp-block-column-is-layout-flow\" style=\"flex-basis:35%\">\n<h4 class=\"wp-block-heading\">Sast\u0101vs<br>2006.-2007.g.dz.<\/h4>\n\n\n\n<p>Artis Kenstavi\u010ds<br>Henrijs Gustavs Magons<br>Rodrigo Rotk\u0101js<br>Linards D\u0101vis Lazdi\u0146\u0161<br>Artis Leimanis<br>Ri\u010dards Stepi\u0146\u0161<br>Ri\u010dards D\u0101bols<br>Marks Bebris<br>Artemijs Smirnovs<br>K\u0101rlis \u010ca\u010de<br>Lauris Nazarovs<br>Dzintars Vilde<br>Markuss Jubelis<br>Ren\u0101rs Kova\u013covs<br>Henrijs Bjorns Neilands<br>K\u0101rlis Spilbergs<br>Kristers Leksis<br>Rihards Krusts<br>Ralfs Kliests<\/p>\n<\/div>\n<\/div>\n\n\n\n<div class=\"wp-block-columns has-background is-layout-flex wp-container-core-columns-layout-6 wp-block-columns-is-layout-flex\" style=\"border-width:1px;background-color:#7bdbb530\">\n<div class=\"wp-block-column is-layout-flow wp-block-column-is-layout-flow\" style=\"flex-basis:65%\">\n<h4 class=\"wp-block-heading\">&#8220;FS Masters \/ Ulbroka&#8221;<br>2020\/2021.gada sezona<\/h4>\n\n\n\n<p>Ies\u0101ktais \u010dempion\u0101ts diem\u017e\u0113l tika p\u0101rtraukts Covid-19 pandem\u012bjas d\u0113\u013c aizvadot tikai divas sp\u0113les.<\/p>\n\n\n\n<p><strong>Treneris:<\/strong> Andris P\u012blups<\/p>\n<\/div>\n\n\n\n<div class=\"wp-block-column is-layout-flow wp-block-column-is-layout-flow\" style=\"flex-basis:35%\">\n<h4 class=\"wp-block-heading\">Sast\u0101vs<br>2005.-2006.g.dz.<\/h4>\n\n\n\n<p>Em\u012bls Jan\u010devskis<br>Gustavs Gregors Pavasars<br>Uldis Maskavs<br>Roberts Trofimenko<br>Art\u016brs Anis<br>Ri\u010dards Konr\u0101ds Stabulnieks<br>Roberts Aunkrogers<br>Mat\u012bss Aukstars<br>Roberts Stangainis<br>Kri\u0161j\u0101nis Kr\u0113mers<br>D\u0101vids Vilci\u0146\u0161<br>Gvido Miezis<br>Romans Mjagkovs<br>Artis Kenstavi\u010ds<br>Henrijs Gustavs Magons<br>Ralfs Kram\u0113ns<\/p>\n<\/div>\n<\/div>\n\n\n\n<div class=\"wp-block-columns has-background is-layout-flex wp-container-core-columns-layout-7 wp-block-columns-is-layout-flex\" style=\"border-width:1px;background-color:#7bdbb530\">\n<div class=\"wp-block-column is-layout-flow wp-block-column-is-layout-flow\" style=\"flex-basis:65%\">\n<h4 class=\"wp-block-heading\">&#8220;FSM Ulbroka \/ R1TV&#8221;<br>2019\/2020.gada sezona<\/h4>\n\n\n\n<p>P\u0101rliecino\u0161i ies\u0101ktais \u010dempion\u0101ts diem\u017e\u0113l tika p\u0101rtraukts Covid-19 pandem\u012bjas d\u0113\u013c. Aizvad\u012btaj\u0101s 13 sp\u0113l\u0113s tika g\u016btas graujo\u0161as uzvaras nostiprinot favor\u012bta statusu c\u012b\u0146\u0101 par zelta meda\u013c\u0101m.<\/p>\n\n\n\n<p><strong>Treneris:<\/strong> Andris P\u012blups<\/p>\n<\/div>\n\n\n\n<div class=\"wp-block-column is-layout-flow wp-block-column-is-layout-flow\" style=\"flex-basis:35%\">\n<h4 class=\"wp-block-heading\">Sast\u0101vs<br>2004.-2005.g.dz.<\/h4>\n\n\n\n<p>Ein\u0101rs Osipovs<br>Nikolass Rukavi\u0161\u0146ikovs<br>Haralds Kalni\u0146\u0161<br>Raivis Visendorfs<br>Deivids Gr\u0101velsons<br>Ren\u0101rs R\u0113ders<br>Edijs \u0160enbergs<br>Eduards Se\u013civerstovs<br>Tomass \u010ci\u017eevskis<br>R\u016bdolfs Drevinskis<br>Nils Rieksti\u0146\u0161<br>Andris G\u012bze<br>Edvards Sta\u0137is<br>Reinis Kir\u0161teins<br>Roberts Zaikovskis<br>Daniels Runkovskis<br>Gustavs \u0160pacs<br>Em\u012bls Jan\u010devskis<br>Roberts Trofimenko<br>Art\u016brs Anis<\/p>\n<\/div>\n<\/div>\n","protected":false},"excerpt":{"rendered":"<p>&#8220;FS Masters \/ Ulbroka&#8221;2024\/2025.gada sezona \u010cempion\u0101ta lab\u0101kais v\u0101rtsargs &#8211; Ralfs Kr\u016bmi\u0146\u0161 (FS Masters \/ Ulbroka Black) Treneris: Rem\u0101rs Vik\u0101nis Sast\u0101vs2009.-2010.g.dz. Armands B\u0113rzi\u0146\u0161Edvards MartinovsD\u0101vis Art\u016brs AuceFrancis Kasparovi\u010dsRalfs Kr\u016bmi\u0146\u0161Gustavs Me\u017eraupsEm\u012bls OsmanisRoberts TimmaElvis JonassAugusts Gr\u0101v\u012btisAlisters \u0100bolti\u0146\u0161Everts MiezisGustavs Alvi\u0137isMiks UpenieksK\u0101rlis Fel\u0161usJ\u0113kabs Jur\u0123isAdrians TacsToms SmirnovsRihards GulbisRoberts KurzemnieksAdrians And\u017eevsArtis Akmenti\u0146\u0161 &#8220;FS Masters \/ Ulbroka Black&#8221;2023\/2024.gada sezona \u010cempion\u0101ta rezultat\u012bv\u0101kais uzbruc\u0113js &#8211; Gustavs &hellip; <\/p>\n<p class=\"link-more\"><a href=\"https:\/\/www.fsmasters.lv\/?page_id=5750\" class=\"more-link\">Read more<span class=\"screen-reader-text\"> &#8220;U15&#8221;<\/span><\/a><\/p>\n","protected":false},"author":1,"featured_media":0,"parent":5650,"menu_order":5,"comment_status":"closed","ping_status":"closed","template":"","meta":{"footnotes":""},"featured_media_urls":[],"_links":{"self":[{"href":"https:\/\/www.fsmasters.lv\/index.php?rest_route=\/wp\/v2\/pages\/5750"}],"collection":[{"href":"https:\/\/www.fsmasters.lv\/index.php?rest_route=\/wp\/v2\/pages"}],"about":[{"href":"https:\/\/www.fsmasters.lv\/index.php?rest_route=\/wp\/v2\/types\/page"}],"author":[{"embeddable":true,"href":"https:\/\/www.fsmasters.lv\/index.php?rest_route=\/wp\/v2\/users\/1"}],"replies":[{"embeddable":true,"href":"https:\/\/www.fsmasters.lv\/index.php?rest_route=%2Fwp%2Fv2%2Fcomments&post=5750"}],"version-history":[{"count":16,"href":"https:\/\/www.fsmasters.lv\/index.php?rest_route=\/wp\/v2\/pages\/5750\/revisions"}],"predecessor-version":[{"id":6817,"href":"https:\/\/www.fsmasters.lv\/index.php?rest_route=\/wp\/v2\/pages\/5750\/revisions\/6817"}],"up":[{"embeddable":true,"href":"https:\/\/www.fsmasters.lv\/index.php?rest_route=\/wp\/v2\/pages\/5650"}],"wp:attachment":[{"href":"https:\/\/www.fsmasters.lv\/index.php?rest_route=%2Fwp%2Fv2%2Fmedia&parent=5750"}],"curies":[{"name":"wp","href":"https:\/\/api.w.org\/{rel}","templated":true}]}}