{"id":5427,"date":"2023-01-11T19:35:32","date_gmt":"2023-01-11T17:35:32","guid":{"rendered":"https:\/\/www.fsmasters.lv\/?page_id=5427"},"modified":"2026-02-06T04:18:37","modified_gmt":"2026-02-06T02:18:37","slug":"florbola-skola-masters","status":"publish","type":"page","link":"https:\/\/www.fsmasters.lv\/","title":{"rendered":"Florbola Skola &#8220;MASTERS&#8221;"},"content":{"rendered":"\t\t<div data-elementor-type=\"wp-page\" data-elementor-id=\"5427\" class=\"elementor elementor-5427\">\n\t\t\t\t\t\t\t\t\t<section class=\"elementor-section elementor-top-section elementor-element elementor-element-44d08210 elementor-section-boxed elementor-section-height-default elementor-section-height-default\" data-id=\"44d08210\" data-element_type=\"section\">\n\t\t\t\t\t\t<div class=\"elementor-container elementor-column-gap-default\">\n\t\t\t\t\t<div class=\"elementor-column elementor-col-100 elementor-top-column elementor-element elementor-element-f6e13ff\" data-id=\"f6e13ff\" data-element_type=\"column\">\n\t\t\t<div class=\"elementor-widget-wrap elementor-element-populated\">\n\t\t\t\t\t\t\t\t<div class=\"elementor-element elementor-element-15dc75 elementor-widget elementor-widget-text-editor\" data-id=\"15dc75\" data-element_type=\"widget\" data-widget_type=\"text-editor.default\">\n\t\t\t\t<div class=\"elementor-widget-container\">\n\t\t\t<style>\/*! elementor - v3.18.0 - 20-12-2023 *\/\n.elementor-widget-text-editor.elementor-drop-cap-view-stacked .elementor-drop-cap{background-color:#69727d;color:#fff}.elementor-widget-text-editor.elementor-drop-cap-view-framed .elementor-drop-cap{color:#69727d;border:3px solid;background-color:transparent}.elementor-widget-text-editor:not(.elementor-drop-cap-view-default) .elementor-drop-cap{margin-top:8px}.elementor-widget-text-editor:not(.elementor-drop-cap-view-default) .elementor-drop-cap-letter{width:1em;height:1em}.elementor-widget-text-editor .elementor-drop-cap{float:left;text-align:center;line-height:1;font-size:50px}.elementor-widget-text-editor .elementor-drop-cap-letter{display:inline-block}<\/style>\t\t\t\t<p><!-- wp:columns --><\/p>\n<div class=\"wp-block-columns\">\n<p><!-- wp:column --><\/p>\n<div class=\"wp-block-column\">\n<p><!-- wp:image {\"id\":6801,\"sizeSlug\":\"large\",\"linkDestination\":\"custom\"} --><\/p>\n<figure class=\"wp-block-image size-large\"><img fetchpriority=\"high\" decoding=\"async\" width=\"1024\" height=\"858\" class=\"wp-image-6801\" src=\"https:\/\/www.fsmasters.lv\/wp-content\/uploads\/2025\/09\/fsm-nac-treneties-oc-teika-platais-1024x858.jpeg\" alt=\"\" srcset=\"https:\/\/www.fsmasters.lv\/wp-content\/uploads\/2025\/09\/fsm-nac-treneties-oc-teika-platais-1024x858.jpeg 1024w, https:\/\/www.fsmasters.lv\/wp-content\/uploads\/2025\/09\/fsm-nac-treneties-oc-teika-platais-300x251.jpeg 300w, https:\/\/www.fsmasters.lv\/wp-content\/uploads\/2025\/09\/fsm-nac-treneties-oc-teika-platais-2000x1677.jpeg 2000w\" sizes=\"(max-width: 1024px) 100vw, 1024px\" \/><\/figure>\n<p><!-- \/wp:image --><\/p>\n<p><!-- wp:paragraph {\"fontSize\":\"x-small\"} --><\/p>\n<p class=\"has-x-small-font-size\">FS &#8220;Masters&#8221; pied\u0101v\u0101 tren\u0113ties tr\u012bs fili\u0101l\u0113s:<\/p>\n<p><!-- \/wp:paragraph --><\/p>\n<p><!-- wp:list --><\/p>\n<ul>\n<li style=\"list-style-type: none;\">\n<ul><!-- wp:list-item {\"fontSize\":\"x-small\"} --><\/ul>\n<\/li>\n<\/ul>\n<ul>\n<li style=\"list-style-type: none;\">\n<ul>\n<li class=\"has-x-small-font-size\">Rimi Olimpiskaj\u0101 centr\u0101, R\u012bga, Grostonas iela 6b;<\/li>\n<\/ul>\n<\/li>\n<\/ul>\n<p><!-- \/wp:list-item --><\/p>\n<p><!-- wp:list-item {\"fontSize\":\"x-small\"} --><\/p>\n<ul>\n<li style=\"list-style-type: none;\">\n<ul>\n<li class=\"has-x-small-font-size\">Teikas vidusskol\u0101, R\u012bga, Aizkraukles iela 14;<\/li>\n<\/ul>\n<\/li>\n<\/ul>\n<p><!-- \/wp:list-item --><\/p>\n<p><!-- wp:list-item {\"fontSize\":\"x-small\"} --><\/p>\n<ul>\n<li style=\"list-style-type: none;\">\n<ul>\n<li class=\"has-x-small-font-size\">Ulbrokas sporta kompleks\u0101, Ulbrokas vidusskola, ciemats \u201cV\u0101lodzes\u201d.<\/li>\n<\/ul>\n<\/li>\n<\/ul>\n<p><!-- \/wp:list-item --><\/p>\n<p><!-- \/wp:list --><\/p>\n<p><!-- wp:paragraph {\"fontSize\":\"x-small\"} --><\/p>\n<p class=\"has-x-small-font-size\">Tiek uz\u0146emti b\u0113rni no 6 gadu vecuma, Teikas vidusskol\u0101 no 4 gadu vecuma. M\u0113s realiz\u0113jam akredit\u0113tu profesion\u0101l\u0101s ievirzes programmu &#8211; esam sporta skola.<\/p>\n<p><!-- \/wp:paragraph --><\/p>\n<p><!-- wp:paragraph {\"fontSize\":\"x-small\"} --><\/p>\n<p class=\"has-x-small-font-size\">Esam viens no liel\u0101kajiem un sp\u0113c\u012bg\u0101kajiem florbola klubiem Latvij\u0101. Treni\u0146i notiek 3 l\u012bdz 5 reizes ned\u0113\u013c\u0101, visas vecuma grupas piedal\u0101s Latvijas \u010dempion\u0101t\u0101, r\u012bkojam nometnes un braucam uz starptautiskiem turn\u012briem.<\/p>\n<p><!-- \/wp:paragraph --><\/p>\n<p><!-- wp:buttons {\"layout\":{\"type\":\"flex\",\"justifyContent\":\"center\"}} --><\/p>\n<div class=\"wp-block-buttons\">\n<p><!-- wp:button {\"className\":\"is-style-outline\"} --><\/p>\n<div class=\"wp-block-button is-style-outline\"><a class=\"wp-block-button__link wp-element-button\" href=\"https:\/\/www.fsmasters.lv\/?page_id=153\">Pieteikties treni\u0146iem<\/a><\/div>\n<p><!-- \/wp:button --><\/p>\n<\/div>\n<p><!-- \/wp:buttons --><\/p>\n<\/div>\n<p><!-- \/wp:column --><\/p>\n<p><!-- wp:column --><\/p>\n<div class=\"wp-block-column\">\n<p><!-- wp:image {\"id\":6823,\"sizeSlug\":\"large\",\"linkDestination\":\"custom\"} --><\/p>\n<figure class=\"wp-block-image size-large\"><img decoding=\"async\" width=\"1024\" height=\"858\" class=\"wp-image-6823\" src=\"https:\/\/www.fsmasters.lv\/wp-content\/uploads\/2025\/09\/fsm-live-1024x858.jpg\" alt=\"\" srcset=\"https:\/\/www.fsmasters.lv\/wp-content\/uploads\/2025\/09\/fsm-live-1024x858.jpg 1024w, https:\/\/www.fsmasters.lv\/wp-content\/uploads\/2025\/09\/fsm-live-300x251.jpg 300w, https:\/\/www.fsmasters.lv\/wp-content\/uploads\/2025\/09\/fsm-live-2000x1677.jpg 2000w\" sizes=\"(max-width: 1024px) 100vw, 1024px\" \/><\/figure>\n<p><!-- \/wp:image --><\/p>\n<p><!-- wp:paragraph {\"fontSize\":\"x-small\"} --><\/p>\n<p class=\"has-x-small-font-size\">Sekot l\u012bdzi FS &#8220;Masters&#8221; komandas m\u0101jas sp\u0113l\u0113m iesp\u0113jams, apmekl\u0113jot ofici\u0101lo Latvijas Florbola Savien\u012bbas YouTube kan\u0101lu, k\u0101 ar\u012b Best4Sport TV kan\u0101los. Tur pieejami Virsl\u012bgas atk\u0101rtojumi un apskati.<\/p>\n<p><!-- \/wp:paragraph --><\/p>\n<p><!-- wp:paragraph {\"fontSize\":\"x-small\"} --><\/p>\n<p class=\"has-x-small-font-size\">M\u016bsu Solidsport kan\u0101l\u0101 skat\u0101mas 1. L\u012bgas kluba sp\u0113les.<\/p>\n<p style=\"font-size: 14px;\">Seko l\u012bdzi virsl\u012bgai\u00a0<a style=\"background-color: #ffffff; font-size: 14px;\" href=\"https:\/\/www.youtube.com\/@floorballtvlv\" target=\"_blank\" rel=\"noopener\">www.youtube.com\/@floorballlvtv<\/a>\u00a0un\u00a0<a style=\"font-size: 14px; background-color: #ffffff;\" href=\"https:\/\/best4sport.tv\/\" target=\"_blank\" rel=\"noopener\">best4sport.tv<\/a><\/p>\n<p><!-- \/wp:paragraph --><\/p>\n<p><!-- wp:paragraph {\"fontSize\":\"x-small\"} --><\/p>\n<p class=\"has-x-small-font-size\">Seko l\u012bdzi 1. L\u012bgai\u00a0<a href=\"https:\/\/solidsport.com\/fs-masters\" target=\"_blank\" rel=\"noreferrer noopener\">www.solidsport.com\/fs-masters<\/a><\/p>\n<p><!-- \/wp:paragraph --><\/p>\n<\/div>\n<p><!-- \/wp:column --><\/p>\n<\/div>\n<p><!-- \/wp:columns --><\/p>\n<p><!-- wp:separator {\"className\":\"is-style-wide\"} --><\/p>\n<hr class=\"wp-block-separator has-alpha-channel-opacity is-style-wide\" \/>\n<p><!-- \/wp:separator --><\/p>\t\t\t\t\t\t<\/div>\n\t\t\t\t<\/div>\n\t\t\t\t\t<\/div>\n\t\t<\/div>\n\t\t\t\t\t\t\t<\/div>\n\t\t<\/section>\n\t\t\t\t\t\t\t<\/div>\n\t\t","protected":false},"excerpt":{"rendered":"<p>FS &#8220;Masters&#8221; pied\u0101v\u0101 tren\u0113ties tr\u012bs fili\u0101l\u0113s: Tiek uz\u0146emti b\u0113rni no 6 gadu vecuma, Teikas vidusskol\u0101 no 4 gadu vecuma. M\u0113s realiz\u0113jam akredit\u0113tu profesion\u0101l\u0101s ievirzes programmu &#8211; esam sporta skola. Esam viens no liel\u0101kajiem un sp\u0113c\u012bg\u0101kajiem florbola klubiem Latvij\u0101. Treni\u0146i notiek 3 l\u012bdz 5 reizes ned\u0113\u013c\u0101, visas vecuma grupas piedal\u0101s Latvijas \u010dempion\u0101t\u0101, r\u012bkojam nometnes un braucam &hellip; <\/p>\n<p class=\"link-more\"><a href=\"https:\/\/www.fsmasters.lv\/\" class=\"more-link\">Read more<span class=\"screen-reader-text\"> &#8220;Florbola Skola &#8220;MASTERS&#8221;&#8221;<\/span><\/a><\/p>\n","protected":false},"author":1,"featured_media":0,"parent":0,"menu_order":0,"comment_status":"closed","ping_status":"closed","template":"","meta":{"footnotes":""},"featured_media_urls":[],"_links":{"self":[{"href":"https:\/\/www.fsmasters.lv\/index.php?rest_route=\/wp\/v2\/pages\/5427"}],"collection":[{"href":"https:\/\/www.fsmasters.lv\/index.php?rest_route=\/wp\/v2\/pages"}],"about":[{"href":"https:\/\/www.fsmasters.lv\/index.php?rest_route=\/wp\/v2\/types\/page"}],"author":[{"embeddable":true,"href":"https:\/\/www.fsmasters.lv\/index.php?rest_route=\/wp\/v2\/users\/1"}],"replies":[{"embeddable":true,"href":"https:\/\/www.fsmasters.lv\/index.php?rest_route=%2Fwp%2Fv2%2Fcomments&post=5427"}],"version-history":[{"count":76,"href":"https:\/\/www.fsmasters.lv\/index.php?rest_route=\/wp\/v2\/pages\/5427\/revisions"}],"predecessor-version":[{"id":6875,"href":"https:\/\/www.fsmasters.lv\/index.php?rest_route=\/wp\/v2\/pages\/5427\/revisions\/6875"}],"wp:attachment":[{"href":"https:\/\/www.fsmasters.lv\/index.php?rest_route=%2Fwp%2Fv2%2Fmedia&parent=5427"}],"curies":[{"name":"wp","href":"https:\/\/api.w.org\/{rel}","templated":true}]}}