{"id":4956,"date":"2020-08-24T12:42:28","date_gmt":"2020-08-24T10:42:28","guid":{"rendered":"http:\/\/www.fsmasters.lv\/?page_id=4956"},"modified":"2025-09-11T12:53:52","modified_gmt":"2025-09-11T10:53:52","slug":"gints-vinbergs","status":"publish","type":"page","link":"https:\/\/www.fsmasters.lv\/?page_id=4956","title":{"rendered":"Gints V\u012bnbergs"},"content":{"rendered":"\n<div class=\"wp-block-columns is-layout-flex wp-container-core-columns-layout-1 wp-block-columns-is-layout-flex\">\n<div class=\"wp-block-column is-layout-flow wp-block-column-is-layout-flow\" style=\"flex-basis:66.66%\">\n<p>Dzimis 1991.gada 4.febru\u0101r\u012b. Dzim\u0161anas vieta &#8211; R\u012bga.<br>Mobilais telefons: <strong>26851916<\/strong><br>Epasts: <strong>gints.vinbergs@gmail.com<\/strong><\/p>\n\n\n\n<p><strong>Florbola BIO<\/strong>:<br>Ar florbolu s\u0101cis nodarboties 2005.gad\u0101. Aizs\u0101cis darboties v\u0101rtsarga poz\u012bcij\u0101, p\u0113c\u0101k p\u0101rkvalific\u0113joties k\u0101 laukuma sp\u0113l\u0113t\u0101js. P\u0101rsvar\u0101 sp\u0113l\u0113jis Latvija florbola \u010dempion\u0101ta 1.l\u012bg\u0101. B\u0113rnu un jaunie\u0161u florbola treneris kop\u0161 2011.gada. Izc\u012bn\u012btas vair\u0101kas godalgotas vietas gan Latvijas \u010dempion\u0101t\u0101 florbol\u0101, gan starptautiskos turn\u012bros, piem\u0113ram, Tallink Floorball Cup, Unihoc Riga Cup.<\/p>\n\n\n\n<p><strong>Trenera CV:<\/strong><br>2019.g. l\u012bdz \u0161im laikam treneris b\u0113rnu un jaunie\u0161u komand\u0101s \u201eFS Masters\/Ulbroka\u201d<br>2014.g. l\u012bdz 2017.g. treneris Latvijas sievie\u0161u un Latvijas sievie\u0161u u19 izlases treneris<\/p>\n<\/div>\n\n\n\n<div class=\"wp-block-column is-layout-flow wp-block-column-is-layout-flow\" style=\"flex-basis:33.33%\">\n<figure class=\"wp-block-image size-large\"><img fetchpriority=\"high\" decoding=\"async\" width=\"768\" height=\"1024\" src=\"https:\/\/www.fsmasters.lv\/wp-content\/uploads\/2025\/09\/GVinbergs-768x1024.jpg\" alt=\"\" class=\"wp-image-6855\" srcset=\"https:\/\/www.fsmasters.lv\/wp-content\/uploads\/2025\/09\/GVinbergs-768x1024.jpg 768w, https:\/\/www.fsmasters.lv\/wp-content\/uploads\/2025\/09\/GVinbergs-225x300.jpg 225w, https:\/\/www.fsmasters.lv\/wp-content\/uploads\/2025\/09\/GVinbergs.jpg 800w\" sizes=\"(max-width: 768px) 100vw, 768px\" \/><\/figure>\n<\/div>\n<\/div>\n","protected":false},"excerpt":{"rendered":"<p>Dzimis 1991.gada 4.febru\u0101r\u012b. Dzim\u0161anas vieta &#8211; R\u012bga.Mobilais telefons: 26851916Epasts: gints.vinbergs@gmail.com Florbola BIO:Ar florbolu s\u0101cis nodarboties 2005.gad\u0101. Aizs\u0101cis darboties v\u0101rtsarga poz\u012bcij\u0101, p\u0113c\u0101k p\u0101rkvalific\u0113joties k\u0101 laukuma sp\u0113l\u0113t\u0101js. P\u0101rsvar\u0101 sp\u0113l\u0113jis Latvija florbola \u010dempion\u0101ta 1.l\u012bg\u0101. B\u0113rnu un jaunie\u0161u florbola treneris kop\u0161 2011.gada. Izc\u012bn\u012btas vair\u0101kas godalgotas vietas gan Latvijas \u010dempion\u0101t\u0101 florbol\u0101, gan starptautiskos turn\u012bros, piem\u0113ram, Tallink Floorball Cup, Unihoc Riga &hellip; <\/p>\n<p class=\"link-more\"><a href=\"https:\/\/www.fsmasters.lv\/?page_id=4956\" class=\"more-link\">Read more<span class=\"screen-reader-text\"> &#8220;Gints V\u012bnbergs&#8221;<\/span><\/a><\/p>\n","protected":false},"author":1,"featured_media":0,"parent":17,"menu_order":8,"comment_status":"closed","ping_status":"closed","template":"","meta":{"footnotes":""},"featured_media_urls":[],"_links":{"self":[{"href":"https:\/\/www.fsmasters.lv\/index.php?rest_route=\/wp\/v2\/pages\/4956"}],"collection":[{"href":"https:\/\/www.fsmasters.lv\/index.php?rest_route=\/wp\/v2\/pages"}],"about":[{"href":"https:\/\/www.fsmasters.lv\/index.php?rest_route=\/wp\/v2\/types\/page"}],"author":[{"embeddable":true,"href":"https:\/\/www.fsmasters.lv\/index.php?rest_route=\/wp\/v2\/users\/1"}],"replies":[{"embeddable":true,"href":"https:\/\/www.fsmasters.lv\/index.php?rest_route=%2Fwp%2Fv2%2Fcomments&post=4956"}],"version-history":[{"count":12,"href":"https:\/\/www.fsmasters.lv\/index.php?rest_route=\/wp\/v2\/pages\/4956\/revisions"}],"predecessor-version":[{"id":6856,"href":"https:\/\/www.fsmasters.lv\/index.php?rest_route=\/wp\/v2\/pages\/4956\/revisions\/6856"}],"up":[{"embeddable":true,"href":"https:\/\/www.fsmasters.lv\/index.php?rest_route=\/wp\/v2\/pages\/17"}],"wp:attachment":[{"href":"https:\/\/www.fsmasters.lv\/index.php?rest_route=%2Fwp%2Fv2%2Fmedia&parent=4956"}],"curies":[{"name":"wp","href":"https:\/\/api.w.org\/{rel}","templated":true}]}}