{"id":4951,"date":"2020-08-20T10:59:56","date_gmt":"2020-08-20T08:59:56","guid":{"rendered":"http:\/\/www.fsmasters.lv\/?page_id=4951"},"modified":"2020-09-21T11:04:15","modified_gmt":"2020-09-21T09:04:15","slug":"tomass-birstins","status":"publish","type":"page","link":"https:\/\/www.fsmasters.lv\/?page_id=4951","title":{"rendered":"Tomass Birsti\u0146\u0161"},"content":{"rendered":"<p><img decoding=\"async\" class=\"alignleft wp-image-5062\" src=\"https:\/\/www.fsmasters.lv\/wp-content\/uploads\/2020\/09\/55_tomass_kristofers_birstins_10.10.2003.jpg\" alt=\"\" width=\"100\" height=\"149\" srcset=\"https:\/\/www.fsmasters.lv\/wp-content\/uploads\/2020\/09\/55_tomass_kristofers_birstins_10.10.2003.jpg 820w, https:\/\/www.fsmasters.lv\/wp-content\/uploads\/2020\/09\/55_tomass_kristofers_birstins_10.10.2003-202x300.jpg 202w, https:\/\/www.fsmasters.lv\/wp-content\/uploads\/2020\/09\/55_tomass_kristofers_birstins_10.10.2003-768x1143.jpg 768w, https:\/\/www.fsmasters.lv\/wp-content\/uploads\/2020\/09\/55_tomass_kristofers_birstins_10.10.2003-688x1024.jpg 688w, https:\/\/www.fsmasters.lv\/wp-content\/uploads\/2020\/09\/55_tomass_kristofers_birstins_10.10.2003-600x900.jpg 600w\" sizes=\"(max-width: 100px) 100vw, 100px\" \/>Dzim\u0161anas dati: <strong>10.10.2003<\/strong><br \/>\nPoz\u012bcija:\u00a0<strong>Uzbruc\u0113js<\/strong><br \/>\nNumurs:\u00a0<strong>#55<\/strong><br \/>\nAugums:\u00a0<strong>175 cm<\/strong><br \/>\nSvars: <strong>70 kg<br \/>\n<\/strong>Florbol\u0101 kop\u0161: <strong>2012.gada<br \/>\n<\/strong>Pirm\u0101 komanda: <strong>Carnikava-Saulkrasti<br \/>\n<\/strong>Kluba sist\u0113m\u0101 kop\u0161: <strong>2016.gada<\/strong><\/p>\n<p>&nbsp;<\/p>\n<p><strong>Statistika Latvijas \u010dempion\u0101t\u0101 kluba komand\u0101s<\/strong><\/p>\n<p><strong>Virsl\u012bga<\/strong><\/p>\n<p><strong>\n<table id=\"wp-table-reloaded-id-192-no-1\" class=\"wp-table-reloaded wp-table-reloaded-id-192\">\n<thead>\n\t<tr class=\"row-1 odd\">\n\t\t<th class=\"column-1\">Sezona<\/th><th class=\"column-2\">Komanda<\/th><th class=\"column-3\">L\u012bga<\/th><th class=\"column-4\">Sp\u0113les<\/th><th class=\"column-5\">V\u0101rti<\/th><th class=\"column-6\">Piesp\u0113les<\/th><th class=\"column-7\">Punkti<\/th><th class=\"column-8\">SM<\/th>\n\t<\/tr>\n<\/thead>\n<tfoot>\n\t<tr class=\"row-3 odd\">\n\t\t<th colspan=\"3\" class=\"column-1 colspan-3\">Kop\u0101<\/th><th class=\"column-4\">16<\/th><th class=\"column-5\">0<\/th><th class=\"column-6\">3<\/th><th class=\"column-7\">3<\/th><th class=\"column-8\">2<\/th>\n\t<\/tr>\n<\/tfoot>\n<tbody class=\"row-hover\">\n\t<tr class=\"row-2 even\">\n\t\t<td class=\"column-1\">2019\/2020<\/td><td class=\"column-2\">Latvijas Hipot\u0113ka\/Oxdog Ulbroka<\/td><td class=\"column-3\">Virsl\u012bga<\/td><td class=\"column-4\">16<\/td><td class=\"column-5\">0<\/td><td class=\"column-6\">3<\/td><td class=\"column-7\">3<\/td><td class=\"column-8\">2<\/td>\n\t<\/tr>\n<\/tbody>\n<\/table>\n<\/strong><\/p>\n<p><strong>Farmklubs<\/strong><\/p>\n<p><strong>\n<table id=\"wp-table-reloaded-id-191-no-1\" class=\"wp-table-reloaded wp-table-reloaded-id-191\">\n<thead>\n\t<tr class=\"row-1 odd\">\n\t\t<th class=\"column-1\">Sezona<\/th><th class=\"column-2\">Komanda<\/th><th class=\"column-3\">L\u012bga<\/th><th class=\"column-4\">Sp\u0113les<\/th><th class=\"column-5\">V\u0101rti<\/th><th class=\"column-6\">Piesp\u0113les<\/th><th class=\"column-7\">Punkti<\/th><th class=\"column-8\">SM<\/th>\n\t<\/tr>\n<\/thead>\n<tfoot>\n\t<tr class=\"row-4 even\">\n\t\t<th colspan=\"3\" class=\"column-1 colspan-3\">Kop\u0101<\/th><th class=\"column-4\">24<\/th><th class=\"column-5\">15<\/th><th class=\"column-6\">9<\/th><th class=\"column-7\">24<\/th><th class=\"column-8\">4<\/th>\n\t<\/tr>\n<\/tfoot>\n<tbody class=\"row-hover\">\n\t<tr class=\"row-2 even\">\n\t\t<td class=\"column-1\">2019\/2020<\/td><td class=\"column-2\">LU\/FS Masters<\/td><td class=\"column-3\">1.l\u012bga<\/td><td class=\"column-4\">9<\/td><td class=\"column-5\">9<\/td><td class=\"column-6\">4<\/td><td class=\"column-7\">13<\/td><td class=\"column-8\">4<\/td>\n\t<\/tr>\n\t<tr class=\"row-3 odd\">\n\t\t<td class=\"column-1\">2018\/2019<\/td><td class=\"column-2\">LU\/FS Masters<\/td><td class=\"column-3\">1.l\u012bga<\/td><td class=\"column-4\">15<\/td><td class=\"column-5\">6<\/td><td class=\"column-6\">5<\/td><td class=\"column-7\">11<\/td><td class=\"column-8\">0<\/td>\n\t<\/tr>\n<\/tbody>\n<\/table>\n<\/strong><\/p>\n<p><strong>Juniori<\/strong><\/p>\n<p><strong>\n<table id=\"wp-table-reloaded-id-190-no-1\" class=\"wp-table-reloaded wp-table-reloaded-id-190\">\n<thead>\n\t<tr class=\"row-1 odd\">\n\t\t<th class=\"column-1\">Sezona<\/th><th class=\"column-2\">Komanda<\/th><th class=\"column-3\">L\u012bga<\/th><th class=\"column-4\">Sp\u0113les<\/th><th class=\"column-5\">V\u0101rti<\/th><th class=\"column-6\">Piesp\u0113les<\/th><th class=\"column-7\">Punkti<\/th><th class=\"column-8\">SM<\/th>\n\t<\/tr>\n<\/thead>\n<tfoot>\n\t<tr class=\"row-7 odd\">\n\t\t<th colspan=\"3\" class=\"column-1 colspan-3\">Kop\u0101<\/th><th class=\"column-4\">59<\/th><th class=\"column-5\">96<\/th><th class=\"column-6\">50<\/th><th class=\"column-7\">146<\/th><th class=\"column-8\">14<\/th>\n\t<\/tr>\n<\/tfoot>\n<tbody class=\"row-hover\">\n\t<tr class=\"row-2 even\">\n\t\t<td class=\"column-1\">2019\/2020<\/td><td class=\"column-2\">FSM Ulbroka\/R1TV<\/td><td class=\"column-3\">U-18<\/td><td class=\"column-4\">4<\/td><td class=\"column-5\">8<\/td><td class=\"column-6\">3<\/td><td class=\"column-7\">11<\/td><td class=\"column-8\">2<\/td>\n\t<\/tr>\n\t<tr class=\"row-3 odd\">\n\t\t<td class=\"column-1\">2019\/2020<\/td><td class=\"column-2\">FSM Ulbroka\/R1TV<\/td><td class=\"column-3\">U-16\/1<\/td><td class=\"column-4\">15<\/td><td class=\"column-5\">40<\/td><td class=\"column-6\">20<\/td><td class=\"column-7\">60<\/td><td class=\"column-8\">4<\/td>\n\t<\/tr>\n\t<tr class=\"row-4 even\">\n\t\t<td class=\"column-1\">2018\/2019<\/td><td class=\"column-2\">FS Masters\/Ulbroka<\/td><td class=\"column-3\">U-16\/1<\/td><td class=\"column-4\">10<\/td><td class=\"column-5\">10<\/td><td class=\"column-6\">10<\/td><td class=\"column-7\">20<\/td><td class=\"column-8\">0<\/td>\n\t<\/tr>\n\t<tr class=\"row-5 odd\">\n\t\t<td class=\"column-1\">2017\/2018<\/td><td class=\"column-2\">FS Masters\/Ulbroka<\/td><td class=\"column-3\">U-14\/1<\/td><td class=\"column-4\">13<\/td><td class=\"column-5\">19<\/td><td class=\"column-6\">7<\/td><td class=\"column-7\">26<\/td><td class=\"column-8\">4<\/td>\n\t<\/tr>\n\t<tr class=\"row-6 even\">\n\t\t<td class=\"column-1\">2016\/2017<\/td><td class=\"column-2\">FS Masters\/Ulbroka<\/td><td class=\"column-3\">U-13\/1<\/td><td class=\"column-4\">17<\/td><td class=\"column-5\">19<\/td><td class=\"column-6\">10<\/td><td class=\"column-7\">29<\/td><td class=\"column-8\">4<\/td>\n\t<\/tr>\n<\/tbody>\n<\/table>\n<\/strong><\/p>\n","protected":false},"excerpt":{"rendered":"<p>Dzim\u0161anas dati: 10.10.2003 Poz\u012bcija:\u00a0Uzbruc\u0113js Numurs:\u00a0#55 Augums:\u00a0175 cm Svars: 70 kg Florbol\u0101 kop\u0161: 2012.gada Pirm\u0101 komanda: Carnikava-Saulkrasti Kluba sist\u0113m\u0101 kop\u0161: 2016.gada &nbsp; Statistika Latvijas \u010dempion\u0101t\u0101 kluba komand\u0101s Virsl\u012bga Farmklubs Juniori<\/p>\n","protected":false},"author":2,"featured_media":0,"parent":40,"menu_order":0,"comment_status":"closed","ping_status":"closed","template":"","meta":{"footnotes":""},"featured_media_urls":[],"_links":{"self":[{"href":"https:\/\/www.fsmasters.lv\/index.php?rest_route=\/wp\/v2\/pages\/4951"}],"collection":[{"href":"https:\/\/www.fsmasters.lv\/index.php?rest_route=\/wp\/v2\/pages"}],"about":[{"href":"https:\/\/www.fsmasters.lv\/index.php?rest_route=\/wp\/v2\/types\/page"}],"author":[{"embeddable":true,"href":"https:\/\/www.fsmasters.lv\/index.php?rest_route=\/wp\/v2\/users\/2"}],"replies":[{"embeddable":true,"href":"https:\/\/www.fsmasters.lv\/index.php?rest_route=%2Fwp%2Fv2%2Fcomments&post=4951"}],"version-history":[{"count":2,"href":"https:\/\/www.fsmasters.lv\/index.php?rest_route=\/wp\/v2\/pages\/4951\/revisions"}],"predecessor-version":[{"id":5108,"href":"https:\/\/www.fsmasters.lv\/index.php?rest_route=\/wp\/v2\/pages\/4951\/revisions\/5108"}],"up":[{"embeddable":true,"href":"https:\/\/www.fsmasters.lv\/index.php?rest_route=\/wp\/v2\/pages\/40"}],"wp:attachment":[{"href":"https:\/\/www.fsmasters.lv\/index.php?rest_route=%2Fwp%2Fv2%2Fmedia&parent=4951"}],"curies":[{"name":"wp","href":"https:\/\/api.w.org\/{rel}","templated":true}]}}