{"id":485,"date":"2010-09-01T23:51:03","date_gmt":"2010-09-01T20:51:03","guid":{"rendered":"http:\/\/www.fsmasters.lv\/?page_id=485"},"modified":"2011-09-02T12:10:33","modified_gmt":"2011-09-02T09:10:33","slug":"u-16","status":"publish","type":"page","link":"https:\/\/www.fsmasters.lv\/?page_id=485","title":{"rendered":"U-16"},"content":{"rendered":"<p>\u0160aj\u0101 sezon\u0101 U-16 komanda Latvijas \u010dempion\u0101t\u0101 izc\u012bnija 4.vietu sav\u0101 vecuma grup\u0101.<\/p>\n<p><strong>Sp\u0113\u013cu rezult\u0101ti<\/strong><\/p>\n\n<table id=\"wp-table-reloaded-id-10-no-1\" class=\"wp-table-reloaded wp-table-reloaded-id-10\">\n<thead>\n\t<tr class=\"row-1 odd\">\n\t\t<th class=\"column-1\">Datums<\/th><th class=\"column-2\">Laiks<\/th><th class=\"column-3\">M\u0101jinieki<\/th><th class=\"column-4\">Viesi<\/th><th class=\"column-5\">Rezult\u0101ts<\/th>\n\t<\/tr>\n<\/thead>\n<tbody class=\"row-hover\">\n\t<tr class=\"row-2 even\">\n\t\t<td class=\"column-1\">13.11.2009<\/td><td class=\"column-2\">17:15<\/td><td class=\"column-3\">Bauskas BJSS<\/td><td class=\"column-4\"><strong>Ulbroka<strong><\/td><td class=\"column-5\">8:6 (4:2,4:2)<\/td>\n\t<\/tr>\n\t<tr class=\"row-3 odd\">\n\t\t<td class=\"column-1\">25.11.2009<\/td><td class=\"column-2\">21:15<\/td><td class=\"column-3\">Kur\u0161i 93\/94<\/td><td class=\"column-4\"><strong>Ulbroka<strong><\/td><td class=\"column-5\">5:3 (3:3,2:0)<\/td>\n\t<\/tr>\n\t<tr class=\"row-4 even\">\n\t\t<td class=\"column-1\">06.12.2009<\/td><td class=\"column-2\">13:15<\/td><td class=\"column-3\"><strong>Ulbroka<strong><\/td><td class=\"column-4\">Talsi 93<\/td><td class=\"column-5\">4:2 (2:2,2:0)<\/td>\n\t<\/tr>\n\t<tr class=\"row-5 odd\">\n\t\t<td class=\"column-1\">08.02.2010<\/td><td class=\"column-2\">18:00<\/td><td class=\"column-3\"><strong>Ulbroka<strong><\/td><td class=\"column-4\">Bauskas BJSS<\/td><td class=\"column-5\">8:7 (5:2,3:5)<\/td>\n\t<\/tr>\n\t<tr class=\"row-6 even\">\n\t\t<td class=\"column-1\">22.02.2010<\/td><td class=\"column-2\">17:30<\/td><td class=\"column-3\"><strong>Ulbroka<strong><\/td><td class=\"column-4\">Kur\u0161i 93\/94<\/td><td class=\"column-5\">3:4 SM (0:1,3:2,0:0,0:1)<\/td>\n\t<\/tr>\n\t<tr class=\"row-7 odd\">\n\t\t<td class=\"column-1\">04.03.2010<\/td><td class=\"column-2\">19:15<\/td><td class=\"column-3\">Talsi 93<\/td><td class=\"column-4\"><strong>Ulbroka<strong><\/td><td class=\"column-5\">3:6 (2:4,1:2)<\/td>\n\t<\/tr>\n\t<tr class=\"row-8 even\">\n\t\t<td colspan=\"5\" class=\"column-1 colspan-5\"><strong>1\/4 fin\u0101ls<strong><\/td>\n\t<\/tr>\n\t<tr class=\"row-9 odd\">\n\t\t<td class=\"column-1\">01.04.2010<\/td><td class=\"column-2\">16:30<\/td><td class=\"column-3\">Rubene<\/td><td class=\"column-4\"><strong>Ulbroka<strong><\/td><td class=\"column-5\">5:1 (2:0,1:0,2:1)<\/td>\n\t<\/tr>\n\t<tr class=\"row-10 even\">\n\t\t<td class=\"column-1\">08.04.2010<\/td><td class=\"column-2\">16:20<\/td><td class=\"column-3\"><strong>Ulbroka<strong><\/td><td class=\"column-4\">Rubene<\/td><td class=\"column-5\">8:3 (1:2,3:1,4:0)<\/td>\n\t<\/tr>\n\t<tr class=\"row-11 odd\">\n\t\t<td colspan=\"5\" class=\"column-1 colspan-5\"><strong>1\/2 fin\u0101ls<strong><\/td>\n\t<\/tr>\n\t<tr class=\"row-12 even\">\n\t\t<td class=\"column-1\">19.04.2010<\/td><td class=\"column-2\">17:30<\/td><td class=\"column-3\"><strong>Ulbroka<strong><\/td><td class=\"column-4\">P\u0101rgauja\/CSS 93<\/td><td class=\"column-5\">5:10 (2:4,1:3,2:3)<\/td>\n\t<\/tr>\n\t<tr class=\"row-13 odd\">\n\t\t<td class=\"column-1\">26.04.2010<\/td><td class=\"column-2\">19:00<\/td><td class=\"column-3\">P\u0101rgauja\/CSS 93<\/td><td class=\"column-4\"><strong>Ulbroka<strong><\/td><td class=\"column-5\">8:3 (4:2,0:1,4:0)<\/td>\n\t<\/tr>\n\t<tr class=\"row-14 even\">\n\t\t<td colspan=\"5\" class=\"column-1 colspan-5\"><strong>par 3. vietu<strong><\/td>\n\t<\/tr>\n\t<tr class=\"row-15 odd\">\n\t\t<td class=\"column-1\">02.05.2010<\/td><td class=\"column-2\">14:30<\/td><td class=\"column-3\">Kur\u0161i 93\/94<\/td><td class=\"column-4\"><strong>Ulbroka<strong><\/td><td class=\"column-5\">9:8 OT (3:2,1:3,4:3,1:0)<\/td>\n\t<\/tr>\n<\/tbody>\n<\/table>\n\n<p><strong>Sp\u0113l\u0113t\u0101ju statistika<\/strong><\/p>\n<p>\n<table id=\"wp-table-reloaded-id-13-no-1\" class=\"wp-table-reloaded wp-table-reloaded-id-13\">\n<thead>\n\t<tr class=\"row-1 odd\">\n\t\t<th class=\"column-1\">#<\/th><th class=\"column-2\">V\u0101rds, uzv\u0101rds<\/th><th class=\"column-3\">Dzim\u0161anas dati<\/th><th class=\"column-4\">Poz\u012bcija<\/th><th class=\"column-5\">Sp\u0113les<\/th><th class=\"column-6\">V\u0101rti<\/th><th class=\"column-7\">Piesp\u0113les<\/th><th class=\"column-8\">Punkti<\/th><th class=\"column-9\">SM<\/th>\n\t<\/tr>\n<\/thead>\n<tfoot>\n\t<tr class=\"row-23 odd\">\n\t\t<th colspan=\"9\" class=\"column-1 colspan-9\">Treneris - Andris P\u012blups<br \/>\r\nTreneris - Ain\u0101rs Ju\u0161k\u0113vi\u010ds<\/th>\n\t<\/tr>\n<\/tfoot>\n<tbody class=\"row-hover\">\n\t<tr class=\"row-2 even\">\n\t\t<td class=\"column-1\">1<\/td><td class=\"column-2\"><strong>Pauls Jur\u0101ns<strong><\/td><td class=\"column-3\">08.08.1993<\/td><td class=\"column-4\">V<\/td><td class=\"column-5\">1<\/td><td class=\"column-6\">0<\/td><td class=\"column-7\">0<\/td><td class=\"column-8\">0<\/td><td class=\"column-9\">0<\/td>\n\t<\/tr>\n\t<tr class=\"row-3 odd\">\n\t\t<td class=\"column-1\">6<\/td><td class=\"column-2\"><strong>Ed\u017eus Ceri\u0146\u0161<strong><\/td><td class=\"column-3\">03.07.1995<\/td><td class=\"column-4\">U<\/td><td class=\"column-5\">10<\/td><td class=\"column-6\">6<\/td><td class=\"column-7\">3<\/td><td class=\"column-8\">9<\/td><td class=\"column-9\">0<\/td>\n\t<\/tr>\n\t<tr class=\"row-4 even\">\n\t\t<td class=\"column-1\">7<\/td><td class=\"column-2\"><strong>Niks \u0136uzulis<strong><\/td><td class=\"column-3\">11.05.1994<\/td><td class=\"column-4\">U<\/td><td class=\"column-5\">11<\/td><td class=\"column-6\">4<\/td><td class=\"column-7\">6<\/td><td class=\"column-8\">10<\/td><td class=\"column-9\">4<\/td>\n\t<\/tr>\n\t<tr class=\"row-5 odd\">\n\t\t<td class=\"column-1\">8<\/td><td class=\"column-2\"><strong>Klauss Kairis<strong><\/td><td class=\"column-3\">09.10.1994<\/td><td class=\"column-4\">U<\/td><td class=\"column-5\">9<\/td><td class=\"column-6\">13<\/td><td class=\"column-7\">13<\/td><td class=\"column-8\">26<\/td><td class=\"column-9\">2<\/td>\n\t<\/tr>\n\t<tr class=\"row-6 even\">\n\t\t<td class=\"column-1\">9<\/td><td class=\"column-2\"><strong>R\u016bdolfs Gr\u012bns<strong><\/td><td class=\"column-3\">09.09.1993<\/td><td class=\"column-4\">U<\/td><td class=\"column-5\">5<\/td><td class=\"column-6\">2<\/td><td class=\"column-7\">0<\/td><td class=\"column-8\">2<\/td><td class=\"column-9\">0<\/td>\n\t<\/tr>\n\t<tr class=\"row-7 odd\">\n\t\t<td class=\"column-1\">10<\/td><td class=\"column-2\"><strong>J\u0101nis P\u016btelis<strong><\/td><td class=\"column-3\">22.08.1994<\/td><td class=\"column-4\">A<\/td><td class=\"column-5\">11<\/td><td class=\"column-6\">0<\/td><td class=\"column-7\">2<\/td><td class=\"column-8\">2<\/td><td class=\"column-9\">2<\/td>\n\t<\/tr>\n\t<tr class=\"row-8 even\">\n\t\t<td class=\"column-1\">11<\/td><td class=\"column-2\"><strong>Bruno Jur\u0161evics<strong><\/td><td class=\"column-3\">25.09.1993<\/td><td class=\"column-4\">U<\/td><td class=\"column-5\">11<\/td><td class=\"column-6\">8<\/td><td class=\"column-7\">5<\/td><td class=\"column-8\">13<\/td><td class=\"column-9\">8<\/td>\n\t<\/tr>\n\t<tr class=\"row-9 odd\">\n\t\t<td class=\"column-1\">12<\/td><td class=\"column-2\"><strong>R\u016bdolfs Joffe<strong><\/td><td class=\"column-3\">31.08.1993<\/td><td class=\"column-4\">A<\/td><td class=\"column-5\">3<\/td><td class=\"column-6\">0<\/td><td class=\"column-7\">0<\/td><td class=\"column-8\">0<\/td><td class=\"column-9\">0<\/td>\n\t<\/tr>\n\t<tr class=\"row-10 even\">\n\t\t<td class=\"column-1\">15<\/td><td class=\"column-2\"><strong>Niks Ozoli\u0146\u0161<strong><\/td><td class=\"column-3\">11.06.1993<\/td><td class=\"column-4\">A<\/td><td class=\"column-5\">8<\/td><td class=\"column-6\">0<\/td><td class=\"column-7\">1<\/td><td class=\"column-8\">1<\/td><td class=\"column-9\">0<\/td>\n\t<\/tr>\n\t<tr class=\"row-11 odd\">\n\t\t<td class=\"column-1\">17<\/td><td class=\"column-2\"><strong>Krists \u0160telmahers<strong><\/td><td class=\"column-3\">17.08.1993<\/td><td class=\"column-4\">A<\/td><td class=\"column-5\">10<\/td><td class=\"column-6\">5<\/td><td class=\"column-7\">1<\/td><td class=\"column-8\">6<\/td><td class=\"column-9\">6<\/td>\n\t<\/tr>\n\t<tr class=\"row-12 even\">\n\t\t<td class=\"column-1\">18<\/td><td class=\"column-2\"><strong>Ralfs Up\u0101ns<strong><\/td><td class=\"column-3\">01.03.1994<\/td><td class=\"column-4\">U<\/td><td class=\"column-5\">10<\/td><td class=\"column-6\">0<\/td><td class=\"column-7\">0<\/td><td class=\"column-8\">0<\/td><td class=\"column-9\">0<\/td>\n\t<\/tr>\n\t<tr class=\"row-13 odd\">\n\t\t<td class=\"column-1\">20<\/td><td class=\"column-2\"><strong>J\u0101nis Gr\u016bbe<strong><\/td><td class=\"column-3\">02.08.1994<\/td><td class=\"column-4\">A<\/td><td class=\"column-5\">10<\/td><td class=\"column-6\">0<\/td><td class=\"column-7\">0<\/td><td class=\"column-8\">0<\/td><td class=\"column-9\">0<\/td>\n\t<\/tr>\n\t<tr class=\"row-14 even\">\n\t\t<td class=\"column-1\">22<\/td><td class=\"column-2\"><strong>Kaspars Elcis<strong><\/td><td class=\"column-3\">15.06.1994<\/td><td class=\"column-4\">U<\/td><td class=\"column-5\">11<\/td><td class=\"column-6\">3<\/td><td class=\"column-7\">3<\/td><td class=\"column-8\">6<\/td><td class=\"column-9\">20<\/td>\n\t<\/tr>\n\t<tr class=\"row-15 odd\">\n\t\t<td class=\"column-1\">28<\/td><td class=\"column-2\"><strong>Krists Bergans-Ber\u0123is<strong><\/td><td class=\"column-3\">19.03.1993<\/td><td class=\"column-4\">A<\/td><td class=\"column-5\">3<\/td><td class=\"column-6\">0<\/td><td class=\"column-7\">0<\/td><td class=\"column-8\">0<\/td><td class=\"column-9\">0<\/td>\n\t<\/tr>\n\t<tr class=\"row-16 even\">\n\t\t<td class=\"column-1\">34<\/td><td class=\"column-2\"><strong>Elvis Pohevics<strong><\/td><td class=\"column-3\">03.02.1995<\/td><td class=\"column-4\">U<\/td><td class=\"column-5\">6<\/td><td class=\"column-6\">1<\/td><td class=\"column-7\">0<\/td><td class=\"column-8\">1<\/td><td class=\"column-9\">0<\/td>\n\t<\/tr>\n\t<tr class=\"row-17 odd\">\n\t\t<td class=\"column-1\">37<\/td><td class=\"column-2\"><strong>D\u0101vis \u0160miti\u0146\u0161<strong><\/td><td class=\"column-3\">30.08.1993<\/td><td class=\"column-4\">U<\/td><td class=\"column-5\">8<\/td><td class=\"column-6\">5<\/td><td class=\"column-7\">0<\/td><td class=\"column-8\">5<\/td><td class=\"column-9\">8<\/td>\n\t<\/tr>\n\t<tr class=\"row-18 even\">\n\t\t<td class=\"column-1\">52<\/td><td class=\"column-2\"><strong>Mi\u0137elis Dravnieks<strong><\/td><td class=\"column-3\">19.08.1995<\/td><td class=\"column-4\">A<\/td><td class=\"column-5\">11<\/td><td class=\"column-6\">0<\/td><td class=\"column-7\">1<\/td><td class=\"column-8\">1<\/td><td class=\"column-9\">0<\/td>\n\t<\/tr>\n\t<tr class=\"row-19 odd\">\n\t\t<td class=\"column-1\">73<\/td><td class=\"column-2\"><strong>Kristaps Logins<strong><\/td><td class=\"column-3\">02.05.1995<\/td><td class=\"column-4\">U<\/td><td class=\"column-5\">5<\/td><td class=\"column-6\">0<\/td><td class=\"column-7\">0<\/td><td class=\"column-8\">0<\/td><td class=\"column-9\">0<\/td>\n\t<\/tr>\n\t<tr class=\"row-20 even\">\n\t\t<td class=\"column-1\">95<\/td><td class=\"column-2\"><strong>Rolands Pe\u013c\u0146a<strong><\/td><td class=\"column-3\">19.05.1995<\/td><td class=\"column-4\">U<\/td><td class=\"column-5\">11<\/td><td class=\"column-6\">7<\/td><td class=\"column-7\">4<\/td><td class=\"column-8\">11<\/td><td class=\"column-9\">0<\/td>\n\t<\/tr>\n\t<tr class=\"row-21 odd\">\n\t\t<td class=\"column-1\">98<\/td><td class=\"column-2\"><strong>Didzis Cellers-Celerts<strong><\/td><td class=\"column-3\">21.12.1994<\/td><td class=\"column-4\">V<\/td><td class=\"column-5\">11<\/td><td class=\"column-6\">0<\/td><td class=\"column-7\">0<\/td><td class=\"column-8\">0<\/td><td class=\"column-9\">0<\/td>\n\t<\/tr>\n\t<tr class=\"row-22 even\">\n\t\t<td class=\"column-1\">99<\/td><td class=\"column-2\"><strong>K\u0101rlis Zars<strong><\/td><td class=\"column-3\">22.11.1995<\/td><td class=\"column-4\">A<\/td><td class=\"column-5\">10<\/td><td class=\"column-6\">1<\/td><td class=\"column-7\">4<\/td><td class=\"column-8\">5<\/td><td class=\"column-9\">0<\/td>\n\t<\/tr>\n<\/tbody>\n<\/table>\n<br \/>\n<\/strong><\/p>\n","protected":false},"excerpt":{"rendered":"<p>\u0160aj\u0101 sezon\u0101 U-16 komanda Latvijas \u010dempion\u0101t\u0101 izc\u012bnija 4.vietu sav\u0101 vecuma grup\u0101. Sp\u0113\u013cu rezult\u0101ti Sp\u0113l\u0113t\u0101ju statistika<\/p>\n","protected":false},"author":1,"featured_media":0,"parent":75,"menu_order":3,"comment_status":"open","ping_status":"open","template":"page-full-width.php","meta":{"footnotes":""},"featured_media_urls":[],"_links":{"self":[{"href":"https:\/\/www.fsmasters.lv\/index.php?rest_route=\/wp\/v2\/pages\/485"}],"collection":[{"href":"https:\/\/www.fsmasters.lv\/index.php?rest_route=\/wp\/v2\/pages"}],"about":[{"href":"https:\/\/www.fsmasters.lv\/index.php?rest_route=\/wp\/v2\/types\/page"}],"author":[{"embeddable":true,"href":"https:\/\/www.fsmasters.lv\/index.php?rest_route=\/wp\/v2\/users\/1"}],"replies":[{"embeddable":true,"href":"https:\/\/www.fsmasters.lv\/index.php?rest_route=%2Fwp%2Fv2%2Fcomments&post=485"}],"version-history":[{"count":6,"href":"https:\/\/www.fsmasters.lv\/index.php?rest_route=\/wp\/v2\/pages\/485\/revisions"}],"predecessor-version":[{"id":1019,"href":"https:\/\/www.fsmasters.lv\/index.php?rest_route=\/wp\/v2\/pages\/485\/revisions\/1019"}],"up":[{"embeddable":true,"href":"https:\/\/www.fsmasters.lv\/index.php?rest_route=\/wp\/v2\/pages\/75"}],"wp:attachment":[{"href":"https:\/\/www.fsmasters.lv\/index.php?rest_route=%2Fwp%2Fv2%2Fmedia&parent=485"}],"curies":[{"name":"wp","href":"https:\/\/api.w.org\/{rel}","templated":true}]}}