{"id":4841,"date":"2019-11-07T14:20:01","date_gmt":"2019-11-07T12:20:01","guid":{"rendered":"http:\/\/www.fsmasters.lv\/?page_id=4841"},"modified":"2024-08-13T17:16:57","modified_gmt":"2024-08-13T15:16:57","slug":"hoodie-2","status":"publish","type":"page","link":"https:\/\/www.fsmasters.lv\/?page_id=4841","title":{"rendered":"H\u016bdijs Masters floorball"},"content":{"rendered":"\n<div class=\"wp-block-columns has-background is-layout-flex wp-container-core-columns-layout-1 wp-block-columns-is-layout-flex\" style=\"background-color:#0037870f\">\n<div class=\"wp-block-column is-layout-flow wp-block-column-is-layout-flow\" style=\"flex-basis:55%\">\n<figure class=\"wp-block-image size-full\"><img fetchpriority=\"high\" decoding=\"async\" width=\"1200\" height=\"1199\" src=\"https:\/\/www.fsmasters.lv\/wp-content\/uploads\/2024\/08\/DzemperisArKapuci_Mastersfloorball.png\" alt=\"\" class=\"wp-image-6407\" srcset=\"https:\/\/www.fsmasters.lv\/wp-content\/uploads\/2024\/08\/DzemperisArKapuci_Mastersfloorball.png 1200w, https:\/\/www.fsmasters.lv\/wp-content\/uploads\/2024\/08\/DzemperisArKapuci_Mastersfloorball-300x300.png 300w, https:\/\/www.fsmasters.lv\/wp-content\/uploads\/2024\/08\/DzemperisArKapuci_Mastersfloorball-1024x1024.png 1024w, https:\/\/www.fsmasters.lv\/wp-content\/uploads\/2024\/08\/DzemperisArKapuci_Mastersfloorball-150x150.png 150w, https:\/\/www.fsmasters.lv\/wp-content\/uploads\/2024\/08\/DzemperisArKapuci_Mastersfloorball-600x600.png 600w, https:\/\/www.fsmasters.lv\/wp-content\/uploads\/2024\/08\/DzemperisArKapuci_Mastersfloorball-800x800.png 800w\" sizes=\"(max-width: 1200px) 100vw, 1200px\" \/><\/figure>\n<\/div>\n\n\n\n<div class=\"wp-block-column is-layout-flow wp-block-column-is-layout-flow\" style=\"flex-basis:45%\">\n<p>Jaun\u0101 dizaina h\u016bdijs. Velc to, kad ierodies uz sp\u0113l\u0113m atbalst\u012bt m\u016bsu komandas!<\/p>\n\n\n\n<p>Moderns, sportiska stila d\u017eemperis ar kapuci un priek\u0161kabatu. Dubultbieza un savelkama kapuce ar biez\u0101m, nostiprin\u0101t\u0101m aukli\u0146\u0101m. Pagarin\u0101ts piegriezums. MP3 izeja kabat\u0101. D\u017eemperis ir no m\u012bksta tr\u012bs sl\u0101\u0146os veidota polikokvilnas materi\u0101la. Iek\u0161pus\u0113 50% poliesters, 50% kokvilna &#8211; siltumam un komfortam, vidussl\u0101nis ir no 100% poliestera papildus siltumam un apjomam, \u0101rpuse no 100% kokvilnas materi\u0101la, kas labi izskat\u0101s.<br>Materi\u0101ls: 80% kokvilna, 20% poliesters, bl\u012bvums 280g.<\/p>\n\n\n\n<p>Izm\u0113ri:<br>Pieaugu\u0161o: XS &#8211; 3XL<br>B\u0113rnu: 128, 140, 152<\/p>\n\n\n\n<p>Cena: <strong>30 EUR<\/strong><\/p>\n\n\n<form enctype=\"multipart\/form-data\" action=\"\/index.php?rest_route=%2Fwp%2Fv2%2Fpages%2F4841#usermessage14b\" method=\"post\" class=\"cform h%c5%abdijs-masters-floorball \" id=\"cforms14form\"><fieldset class=\"cf-fs1\" style=\"\"><legend>PAS\u016aT\u012aJUMA FORMA<\/legend><ol class=\"cf-ol\"><li id=\"li-14-2\" class=\"\"><label id=\"label-14-2\" for=\"cf14_field_2\"><span>V\u0101rds<\/span><\/label><input type=\"text\" name=\"cf14_field_2\" id=\"cf14_field_2\" class=\"single fldrequired\" value=\"\" onfocus=\"clearField(this)\" onblur=\"setField(this)\" title=\"\"\/><span class=\"reqtxt\"><\/span><\/li><li id=\"li-14-3\" class=\"\"><label id=\"label-14-3\" for=\"cf14_field_3\"><span>Uzv\u0101rds<\/span><\/label><input type=\"text\" name=\"cf14_field_3\" id=\"cf14_field_3\" class=\"single fldrequired\" value=\"\" onfocus=\"clearField(this)\" onblur=\"setField(this)\" title=\"\"\/><span class=\"reqtxt\"><\/span><\/li><li id=\"li-14-4\" class=\"\"><label id=\"label-14-4\" for=\"cf14_field_4\"><span>Epasts<\/span><\/label><input type=\"text\" name=\"cf14_field_4\" id=\"cf14_field_4\" class=\"single fldemail fldrequired\" value=\"\" onfocus=\"clearField(this)\" onblur=\"setField(this)\" title=\"\"\/><span class=\"emailreqtxt\"><\/span><\/li><li id=\"li-14-5\" class=\"\"><label id=\"label-14-5\" for=\"cf14_field_5\"><span>T\u0101lrunis<\/span><\/label><input type=\"text\" name=\"cf14_field_5\" id=\"cf14_field_5\" class=\"single fldrequired\" value=\"\" onfocus=\"clearField(this)\" onblur=\"setField(this)\" title=\"\"\/><span class=\"reqtxt\"><\/span><\/li><li id=\"li-14-6\" class=\"\"><label id=\"label-14-6\" for=\"cf14_field_6\"><span>Izm\u0113rs<\/span><\/label><select name=\"cf14_field_6\" id=\"cf14_field_6\" class=\"cformselect fldrequired\" title=\"\"><option value=\"-----\">-----<\/option><option value=\"B\u0113rnu 128 \">B\u0113rnu 128 <\/option><option value=\"B\u0113rnu 140 \">B\u0113rnu 140 <\/option><option value=\"B\u0113rnu 152 \">B\u0113rnu 152 <\/option><option value=\"Pieaugu\u0161o XS \">Pieaugu\u0161o XS <\/option><option value=\"Pieaugu\u0161o S \">Pieaugu\u0161o S <\/option><option value=\"Pieaugu\u0161o M \">Pieaugu\u0161o M <\/option><option value=\"Pieaugu\u0161o L \">Pieaugu\u0161o L <\/option><option value=\"Pieaugu\u0161o XL \">Pieaugu\u0161o XL <\/option><option value=\"Pieaugu\u0161o 2XL \">Pieaugu\u0161o 2XL <\/option><option value=\"Pieaugu\u0161o 3XL\">Pieaugu\u0161o 3XL<\/option><\/select><span class=\"reqtxt\"><\/span><\/li><\/ol><\/fieldset><fieldset class=\"cf_hidden\"><legend>&nbsp;<\/legend><input type=\"hidden\" name=\"cf_working14\" id=\"cf_working14\" value=\"<span>L\u016bdzu uzgaidiet...<\/span>\"\/><input type=\"hidden\" name=\"cf_failure14\" id=\"cf_failure14\" value=\"<span>L\u016bdzu, aizpild\u012bt visus nepiecie\u0161amos laukus!<\/span>\"\/><input type=\"hidden\" name=\"cf_customerr14\" id=\"cf_customerr14\" value=\"y\"\/><\/fieldset><p class=\"cf-sb\"><input type=\"submit\" name=\"sendbutton14\" id=\"sendbutton14\" class=\"sendbutton\" value=\"Pas\u016bt\u012bt\" \/><\/p><\/form><div id=\"usermessage14b\" class=\"cf_info \" ><\/div>\n<\/div>\n<\/div>\n\n\n\n<p class=\"has-small-font-size\"><em><strong>Preces izgatavo\u0161anu veic SIA Inlight. P\u0113c pas\u016bt\u012bjuma sa\u0146em\u0161anas uz nor\u0101d\u012bto epastu tiks nos\u016bt\u012bts r\u0113\u0137ins. Preces sa\u0146em\u0161ana SIA Inlight veikal\u0101 C\u0113su iel\u0101 5, R\u012bg\u0101. Par cit\u0101m preces apmaksas, sa\u0146em\u0161anas vai pieg\u0101des iesp\u0113j\u0101m zvan\u012bt 25917585.<\/strong><\/em><\/p>\n","protected":false},"excerpt":{"rendered":"<p>Jaun\u0101 dizaina h\u016bdijs. Velc to, kad ierodies uz sp\u0113l\u0113m atbalst\u012bt m\u016bsu komandas! Moderns, sportiska stila d\u017eemperis ar kapuci un priek\u0161kabatu. Dubultbieza un savelkama kapuce ar biez\u0101m, nostiprin\u0101t\u0101m aukli\u0146\u0101m. Pagarin\u0101ts piegriezums. MP3 izeja kabat\u0101. D\u017eemperis ir no m\u012bksta tr\u012bs sl\u0101\u0146os veidota polikokvilnas materi\u0101la. Iek\u0161pus\u0113 50% poliesters, 50% kokvilna &#8211; siltumam un komfortam, vidussl\u0101nis ir no 100% &hellip; <\/p>\n<p class=\"link-more\"><a href=\"https:\/\/www.fsmasters.lv\/?page_id=4841\" class=\"more-link\">Read more<span class=\"screen-reader-text\"> &#8220;H\u016bdijs Masters floorball&#8221;<\/span><\/a><\/p>\n","protected":false},"author":1,"featured_media":0,"parent":2751,"menu_order":5,"comment_status":"closed","ping_status":"closed","template":"page-gallery-album-list.php","meta":{"footnotes":""},"featured_media_urls":[],"_links":{"self":[{"href":"https:\/\/www.fsmasters.lv\/index.php?rest_route=\/wp\/v2\/pages\/4841"}],"collection":[{"href":"https:\/\/www.fsmasters.lv\/index.php?rest_route=\/wp\/v2\/pages"}],"about":[{"href":"https:\/\/www.fsmasters.lv\/index.php?rest_route=\/wp\/v2\/types\/page"}],"author":[{"embeddable":true,"href":"https:\/\/www.fsmasters.lv\/index.php?rest_route=\/wp\/v2\/users\/1"}],"replies":[{"embeddable":true,"href":"https:\/\/www.fsmasters.lv\/index.php?rest_route=%2Fwp%2Fv2%2Fcomments&post=4841"}],"version-history":[{"count":13,"href":"https:\/\/www.fsmasters.lv\/index.php?rest_route=\/wp\/v2\/pages\/4841\/revisions"}],"predecessor-version":[{"id":6408,"href":"https:\/\/www.fsmasters.lv\/index.php?rest_route=\/wp\/v2\/pages\/4841\/revisions\/6408"}],"up":[{"embeddable":true,"href":"https:\/\/www.fsmasters.lv\/index.php?rest_route=\/wp\/v2\/pages\/2751"}],"wp:attachment":[{"href":"https:\/\/www.fsmasters.lv\/index.php?rest_route=%2Fwp%2Fv2%2Fmedia&parent=4841"}],"curies":[{"name":"wp","href":"https:\/\/api.w.org\/{rel}","templated":true}]}}