{"id":4648,"date":"2019-08-24T08:51:49","date_gmt":"2019-08-24T06:51:49","guid":{"rendered":"http:\/\/www.fsmasters.lv\/?page_id=4648"},"modified":"2020-09-21T11:13:17","modified_gmt":"2020-09-21T09:13:17","slug":"daniels-anis","status":"publish","type":"page","link":"https:\/\/www.fsmasters.lv\/?page_id=4648","title":{"rendered":"Daniels Anis"},"content":{"rendered":"<p><img decoding=\"async\" class=\"alignleft wp-image-5114\" src=\"https:\/\/www.fsmasters.lv\/wp-content\/uploads\/2020\/09\/33_daniels_anis_07.10.2002.jpg\" alt=\"\" width=\"100\" height=\"149\" srcset=\"https:\/\/www.fsmasters.lv\/wp-content\/uploads\/2020\/09\/33_daniels_anis_07.10.2002.jpg 820w, https:\/\/www.fsmasters.lv\/wp-content\/uploads\/2020\/09\/33_daniels_anis_07.10.2002-202x300.jpg 202w, https:\/\/www.fsmasters.lv\/wp-content\/uploads\/2020\/09\/33_daniels_anis_07.10.2002-768x1143.jpg 768w, https:\/\/www.fsmasters.lv\/wp-content\/uploads\/2020\/09\/33_daniels_anis_07.10.2002-688x1024.jpg 688w, https:\/\/www.fsmasters.lv\/wp-content\/uploads\/2020\/09\/33_daniels_anis_07.10.2002-600x900.jpg 600w\" sizes=\"(max-width: 100px) 100vw, 100px\" \/>Dzim\u0161anas dati: <strong>07.10.2002<\/strong><br \/>\nPoz\u012bcija:\u00a0<strong>Uzbruc\u0113js<\/strong><br \/>\nNumurs:\u00a0<strong>#33<\/strong><br \/>\nAugums:\u00a0<strong>190 cm<\/strong><br \/>\nSvars: <strong>82 kg<br \/>\n<\/strong>Florbol\u0101 kop\u0161: <strong>2010.gada<br \/>\n<\/strong>Pirm\u0101 komanda: <strong>R\u012bgas Lauvas<br \/>\n<\/strong>Kluba sist\u0113m\u0101 kop\u0161: <strong>2012.gada<\/strong><\/p>\n<p>&nbsp;<\/p>\n<p><strong>Statistika Latvijas \u010dempion\u0101t\u0101 kluba komand\u0101s<\/strong><\/p>\n<p><strong>Virsl\u012bga<\/strong><\/p>\n<p><strong>\n<table id=\"wp-table-reloaded-id-178-no-1\" class=\"wp-table-reloaded wp-table-reloaded-id-178\">\n<thead>\n\t<tr class=\"row-1 odd\">\n\t\t<th class=\"column-1\">Sezona<\/th><th class=\"column-2\">Komanda<\/th><th class=\"column-3\">L\u012bga<\/th><th class=\"column-4\">Sp\u0113les<\/th><th class=\"column-5\">V\u0101rti<\/th><th class=\"column-6\">Piesp\u0113les<\/th><th class=\"column-7\">Punkti<\/th><th class=\"column-8\">SM<\/th>\n\t<\/tr>\n<\/thead>\n<tfoot>\n\t<tr class=\"row-4 even\">\n\t\t<th colspan=\"3\" class=\"column-1 colspan-3\">Kop\u0101<\/th><th class=\"column-4\">38<\/th><th class=\"column-5\">28<\/th><th class=\"column-6\">10<\/th><th class=\"column-7\">38<\/th><th class=\"column-8\">16<\/th>\n\t<\/tr>\n<\/tfoot>\n<tbody class=\"row-hover\">\n\t<tr class=\"row-2 even\">\n\t\t<td class=\"column-1\">2019\/2020<\/td><td class=\"column-2\">Latvijas Hipot\u0113ka\/Oxdog Ulbroka<\/td><td class=\"column-3\">Virsl\u012bga<\/td><td class=\"column-4\">23<\/td><td class=\"column-5\">27<\/td><td class=\"column-6\">8<\/td><td class=\"column-7\">35<\/td><td class=\"column-8\">10<\/td>\n\t<\/tr>\n\t<tr class=\"row-3 odd\">\n\t\t<td class=\"column-1\">2018\/2019<\/td><td class=\"column-2\">Betsafe Oxdog Ulbroka<\/td><td class=\"column-3\">Virsl\u012bga<\/td><td class=\"column-4\">15<\/td><td class=\"column-5\">1<\/td><td class=\"column-6\">2<\/td><td class=\"column-7\">3<\/td><td class=\"column-8\">6<\/td>\n\t<\/tr>\n<\/tbody>\n<\/table>\n<\/strong><\/p>\n<p><strong>Farmklubs<\/strong><\/p>\n<p><strong>\n<table id=\"wp-table-reloaded-id-179-no-1\" class=\"wp-table-reloaded wp-table-reloaded-id-179\">\n<thead>\n\t<tr class=\"row-1 odd\">\n\t\t<th class=\"column-1\">Sezona<\/th><th class=\"column-2\">Komanda<\/th><th class=\"column-3\">L\u012bga<\/th><th class=\"column-4\">Sp\u0113les<\/th><th class=\"column-5\">V\u0101rti<\/th><th class=\"column-6\">Piesp\u0113les<\/th><th class=\"column-7\">Punkti<\/th><th class=\"column-8\">SM<\/th>\n\t<\/tr>\n<\/thead>\n<tfoot>\n\t<tr class=\"row-3 odd\">\n\t\t<th colspan=\"3\" class=\"column-1 colspan-3\">Kop\u0101<\/th><th class=\"column-4\">21<\/th><th class=\"column-5\">19<\/th><th class=\"column-6\">13<\/th><th class=\"column-7\">32<\/th><th class=\"column-8\">22<\/th>\n\t<\/tr>\n<\/tfoot>\n<tbody class=\"row-hover\">\n\t<tr class=\"row-2 even\">\n\t\t<td class=\"column-1\">2017\/2018<\/td><td class=\"column-2\">LU\/FS Masters<\/td><td class=\"column-3\">1.l\u012bga<\/td><td class=\"column-4\">21<\/td><td class=\"column-5\">19<\/td><td class=\"column-6\">13<\/td><td class=\"column-7\">32<\/td><td class=\"column-8\">22<\/td>\n\t<\/tr>\n<\/tbody>\n<\/table>\n<\/strong><\/p>\n<p><strong>Juniori<\/strong><\/p>\n<p><strong>\n<table id=\"wp-table-reloaded-id-180-no-1\" class=\"wp-table-reloaded wp-table-reloaded-id-180\">\n<thead>\n\t<tr class=\"row-1 odd\">\n\t\t<th class=\"column-1\">Sezona<\/th><th class=\"column-2\">Komanda<\/th><th class=\"column-3\">L\u012bga<\/th><th class=\"column-4\">Sp\u0113les<\/th><th class=\"column-5\">V\u0101rti<\/th><th class=\"column-6\">Piesp\u0113les<\/th><th class=\"column-7\">Punkti<\/th><th class=\"column-8\">SM<\/th>\n\t<\/tr>\n<\/thead>\n<tfoot>\n\t<tr class=\"row-10 even\">\n\t\t<th colspan=\"3\" class=\"column-1 colspan-3\">Kop\u0101<\/th><th class=\"column-4\">107<\/th><th class=\"column-5\">314<\/th><th class=\"column-6\">144<\/th><th class=\"column-7\">458<\/th><th class=\"column-8\">49<\/th>\n\t<\/tr>\n<\/tfoot>\n<tbody class=\"row-hover\">\n\t<tr class=\"row-2 even\">\n\t\t<td class=\"column-1\">2019\/2020<\/td><td class=\"column-2\">FSM Ulbroka\/R1TV<\/td><td class=\"column-3\">U-18<\/td><td class=\"column-4\">2<\/td><td class=\"column-5\">6<\/td><td class=\"column-6\">2<\/td><td class=\"column-7\">8<\/td><td class=\"column-8\">0<\/td>\n\t<\/tr>\n\t<tr class=\"row-3 odd\">\n\t\t<td class=\"column-1\">2018\/2019<\/td><td class=\"column-2\">FS Masters\/Ulbroka<\/td><td class=\"column-3\">U-16\/1<\/td><td class=\"column-4\">12<\/td><td class=\"column-5\">32<\/td><td class=\"column-6\">22<\/td><td class=\"column-7\">54<\/td><td class=\"column-8\">9<\/td>\n\t<\/tr>\n\t<tr class=\"row-4 even\">\n\t\t<td class=\"column-1\">2017\/2018<\/td><td class=\"column-2\">FS Masters\/BT1<\/td><td class=\"column-3\">U-16\/1<\/td><td class=\"column-4\">13<\/td><td class=\"column-5\">32<\/td><td class=\"column-6\">8<\/td><td class=\"column-7\">40<\/td><td class=\"column-8\">14<\/td>\n\t<\/tr>\n\t<tr class=\"row-5 odd\">\n\t\t<td class=\"column-1\">2016\/2017<\/td><td class=\"column-2\">FS Masters\/BT1<\/td><td class=\"column-3\">U-14\/1<\/td><td class=\"column-4\">21<\/td><td class=\"column-5\">92<\/td><td class=\"column-6\">46<\/td><td class=\"column-7\">138<\/td><td class=\"column-8\">6<\/td>\n\t<\/tr>\n\t<tr class=\"row-6 even\">\n\t\t<td class=\"column-1\">2015\/2016<\/td><td class=\"column-2\">FS Masters\/BT1<\/td><td class=\"column-3\">U-14<\/td><td class=\"column-4\">21<\/td><td class=\"column-5\">32<\/td><td class=\"column-6\">27<\/td><td class=\"column-7\">59<\/td><td class=\"column-8\">6<\/td>\n\t<\/tr>\n\t<tr class=\"row-7 odd\">\n\t\t<td class=\"column-1\">2014\/2015<\/td><td class=\"column-2\">FS Masters\/Ulbroka<\/td><td class=\"column-3\">U-12<\/td><td class=\"column-4\">17<\/td><td class=\"column-5\">75<\/td><td class=\"column-6\">24<\/td><td class=\"column-7\">99<\/td><td class=\"column-8\">4<\/td>\n\t<\/tr>\n\t<tr class=\"row-8 even\">\n\t\t<td class=\"column-1\">2013\/2014<\/td><td class=\"column-2\">FS Masters\/Ulbroka<\/td><td class=\"column-3\">U-12<\/td><td class=\"column-4\">15<\/td><td class=\"column-5\">14<\/td><td class=\"column-6\">12<\/td><td class=\"column-7\">26<\/td><td class=\"column-8\">6<\/td>\n\t<\/tr>\n\t<tr class=\"row-9 odd\">\n\t\t<td class=\"column-1\">2012\/2013<\/td><td class=\"column-2\">FS Masters\/Ulbroka<\/td><td class=\"column-3\">U-12<\/td><td class=\"column-4\">16<\/td><td class=\"column-5\">31<\/td><td class=\"column-6\">3<\/td><td class=\"column-7\">34<\/td><td class=\"column-8\">4<\/td>\n\t<\/tr>\n<\/tbody>\n<\/table>\n<\/strong><\/p>\n","protected":false},"excerpt":{"rendered":"<p>Dzim\u0161anas dati: 07.10.2002 Poz\u012bcija:\u00a0Uzbruc\u0113js Numurs:\u00a0#33 Augums:\u00a0190 cm Svars: 82 kg Florbol\u0101 kop\u0161: 2010.gada Pirm\u0101 komanda: R\u012bgas Lauvas Kluba sist\u0113m\u0101 kop\u0161: 2012.gada &nbsp; Statistika Latvijas \u010dempion\u0101t\u0101 kluba komand\u0101s Virsl\u012bga Farmklubs Juniori<\/p>\n","protected":false},"author":2,"featured_media":0,"parent":40,"menu_order":0,"comment_status":"closed","ping_status":"closed","template":"","meta":{"footnotes":""},"featured_media_urls":[],"_links":{"self":[{"href":"https:\/\/www.fsmasters.lv\/index.php?rest_route=\/wp\/v2\/pages\/4648"}],"collection":[{"href":"https:\/\/www.fsmasters.lv\/index.php?rest_route=\/wp\/v2\/pages"}],"about":[{"href":"https:\/\/www.fsmasters.lv\/index.php?rest_route=\/wp\/v2\/types\/page"}],"author":[{"embeddable":true,"href":"https:\/\/www.fsmasters.lv\/index.php?rest_route=\/wp\/v2\/users\/2"}],"replies":[{"embeddable":true,"href":"https:\/\/www.fsmasters.lv\/index.php?rest_route=%2Fwp%2Fv2%2Fcomments&post=4648"}],"version-history":[{"count":4,"href":"https:\/\/www.fsmasters.lv\/index.php?rest_route=\/wp\/v2\/pages\/4648\/revisions"}],"predecessor-version":[{"id":5558,"href":"https:\/\/www.fsmasters.lv\/index.php?rest_route=\/wp\/v2\/pages\/4648\/revisions\/5558"}],"up":[{"embeddable":true,"href":"https:\/\/www.fsmasters.lv\/index.php?rest_route=\/wp\/v2\/pages\/40"}],"wp:attachment":[{"href":"https:\/\/www.fsmasters.lv\/index.php?rest_route=%2Fwp%2Fv2%2Fmedia&parent=4648"}],"curies":[{"name":"wp","href":"https:\/\/api.w.org\/{rel}","templated":true}]}}