{"id":4645,"date":"2019-08-24T08:42:33","date_gmt":"2019-08-24T06:42:33","guid":{"rendered":"http:\/\/www.fsmasters.lv\/?page_id=4645"},"modified":"2020-09-21T10:39:16","modified_gmt":"2020-09-21T08:39:16","slug":"eduards-sture","status":"publish","type":"page","link":"https:\/\/www.fsmasters.lv\/?page_id=4645","title":{"rendered":"Eduards St\u016bre"},"content":{"rendered":"<p><img decoding=\"async\" class=\"alignleft wp-image-5060\" src=\"https:\/\/www.fsmasters.lv\/wp-content\/uploads\/2020\/09\/26_eduards_sture_31.08.1996.jpg\" alt=\"\" width=\"100\" height=\"149\" srcset=\"https:\/\/www.fsmasters.lv\/wp-content\/uploads\/2020\/09\/26_eduards_sture_31.08.1996.jpg 820w, https:\/\/www.fsmasters.lv\/wp-content\/uploads\/2020\/09\/26_eduards_sture_31.08.1996-202x300.jpg 202w, https:\/\/www.fsmasters.lv\/wp-content\/uploads\/2020\/09\/26_eduards_sture_31.08.1996-768x1143.jpg 768w, https:\/\/www.fsmasters.lv\/wp-content\/uploads\/2020\/09\/26_eduards_sture_31.08.1996-688x1024.jpg 688w, https:\/\/www.fsmasters.lv\/wp-content\/uploads\/2020\/09\/26_eduards_sture_31.08.1996-600x900.jpg 600w\" sizes=\"(max-width: 100px) 100vw, 100px\" \/>Dzim\u0161anas dati: <strong>31.08.1996<\/strong><br \/>\nPoz\u012bcija:\u00a0<strong>Uzbruc\u0113js<\/strong><br \/>\nNumurs:\u00a0<strong>#26<\/strong><br \/>\nAugums:\u00a0<strong>186 cm<\/strong><br \/>\nSvars: <strong>80\u00a0kg<br \/>\n<\/strong>Florbol\u0101 kop\u0161: <strong>2008.gada<br \/>\n<\/strong>Pirm\u0101 komanda: <strong>Ulbroka 96<br \/>\n<\/strong>Kluba sist\u0113m\u0101 kop\u0161: <strong>2008.gada<\/strong><\/p>\n<p>&nbsp;<\/p>\n<p><strong>Statistika Latvijas \u010dempion\u0101t\u0101 kluba komand\u0101s<\/strong><\/p>\n<p><strong>Virsl\u012bga<\/strong><\/p>\n<p><strong>\n<table id=\"wp-table-reloaded-id-115-no-1\" class=\"wp-table-reloaded wp-table-reloaded-id-115\">\n<thead>\n\t<tr class=\"row-1 odd\">\n\t\t<th class=\"column-1\">Sezona<\/th><th class=\"column-2\">Komanda<\/th><th class=\"column-3\">L\u012bga<\/th><th class=\"column-4\">Sp\u0113les<\/th><th class=\"column-5\">V\u0101rti<\/th><th class=\"column-6\">Piesp\u0113les<\/th><th class=\"column-7\">Punkti<\/th><th class=\"column-8\">SM<\/th>\n\t<\/tr>\n<\/thead>\n<tfoot>\n\t<tr class=\"row-5 odd\">\n\t\t<th colspan=\"3\" class=\"column-1 colspan-3\">Kop\u0101<\/th><th class=\"column-4\">24<\/th><th class=\"column-5\">21<\/th><th class=\"column-6\">11<\/th><th class=\"column-7\">32<\/th><th class=\"column-8\">4<\/th>\n\t<\/tr>\n<\/tfoot>\n<tbody class=\"row-hover\">\n\t<tr class=\"row-2 even\">\n\t\t<td class=\"column-1\">2014\/2015<\/td><td class=\"column-2\">LU\/FS Masters<\/td><td class=\"column-3\">1.l\u012bga<\/td><td class=\"column-4\">2<\/td><td class=\"column-5\">1<\/td><td class=\"column-6\">2<\/td><td class=\"column-7\">3<\/td><td class=\"column-8\">2<\/td>\n\t<\/tr>\n\t<tr class=\"row-3 odd\">\n\t\t<td class=\"column-1\">2013\/2014<\/td><td class=\"column-2\">LU\/FS Masters<\/td><td class=\"column-3\">1.l\u012bga<\/td><td class=\"column-4\">11<\/td><td class=\"column-5\">12<\/td><td class=\"column-6\">4<\/td><td class=\"column-7\">16<\/td><td class=\"column-8\">2<\/td>\n\t<\/tr>\n\t<tr class=\"row-4 even\">\n\t\t<td class=\"column-1\">2012\/2013<\/td><td class=\"column-2\">LU\/FS Masters<\/td><td class=\"column-3\">1.l\u012bga<\/td><td class=\"column-4\">11<\/td><td class=\"column-5\">8<\/td><td class=\"column-6\">5<\/td><td class=\"column-7\">13<\/td><td class=\"column-8\">0<\/td>\n\t<\/tr>\n<\/tbody>\n<\/table>\n<\/strong><\/p>\n<p><strong>Farmklubs<\/strong><\/p>\n<p><strong>\n<table id=\"wp-table-reloaded-id-116-no-1\" class=\"wp-table-reloaded wp-table-reloaded-id-116\">\n<thead>\n\t<tr class=\"row-1 odd\">\n\t\t<th class=\"column-1\">Sezona<\/th><th class=\"column-2\">Komanda<\/th><th class=\"column-3\">L\u012bga<\/th><th class=\"column-4\">Sp\u0113les<\/th><th class=\"column-5\">V\u0101rti<\/th><th class=\"column-6\">Piesp\u0113les<\/th><th class=\"column-7\">Punkti<\/th><th class=\"column-8\">SM<\/th>\n\t<\/tr>\n<\/thead>\n<tfoot>\n\t<tr class=\"row-8 even\">\n\t\t<th colspan=\"3\" class=\"column-1 colspan-3\">Kop\u0101<\/th><th class=\"column-4\">123<\/th><th class=\"column-5\">35<\/th><th class=\"column-6\">14<\/th><th class=\"column-7\">49<\/th><th class=\"column-8\">20<\/th>\n\t<\/tr>\n<\/tfoot>\n<tbody class=\"row-hover\">\n\t<tr class=\"row-2 even\">\n\t\t<td class=\"column-1\">2019\/2020<\/td><td class=\"column-2\">Latvijas Hipot\u0113ka\/Oxdog Ulbroka<\/td><td class=\"column-3\">Virsl\u012bga<\/td><td class=\"column-4\">25<\/td><td class=\"column-5\">10<\/td><td class=\"column-6\">4<\/td><td class=\"column-7\">14<\/td><td class=\"column-8\">10<\/td>\n\t<\/tr>\n\t<tr class=\"row-3 odd\">\n\t\t<td class=\"column-1\">2018\/2019<\/td><td class=\"column-2\">Betsafe Oxdog Ulbroka<\/td><td class=\"column-3\">Virsl\u012bga<\/td><td class=\"column-4\">26<\/td><td class=\"column-5\">10<\/td><td class=\"column-6\">1<\/td><td class=\"column-7\">11<\/td><td class=\"column-8\">4<\/td>\n\t<\/tr>\n\t<tr class=\"row-4 even\">\n\t\t<td class=\"column-1\">2015\/2016<\/td><td class=\"column-2\">Ulbroka\/FS Masters<\/td><td class=\"column-3\">Virsl\u012bga<\/td><td class=\"column-4\">31<\/td><td class=\"column-5\">4<\/td><td class=\"column-6\">4<\/td><td class=\"column-7\">8<\/td><td class=\"column-8\">2<\/td>\n\t<\/tr>\n\t<tr class=\"row-5 odd\">\n\t\t<td class=\"column-1\">2014\/2015<\/td><td class=\"column-2\">Ulbroka\/FS Masters<\/td><td class=\"column-3\">Virsl\u012bga<\/td><td class=\"column-4\">24<\/td><td class=\"column-5\">9<\/td><td class=\"column-6\">5<\/td><td class=\"column-7\">14<\/td><td class=\"column-8\">0<\/td>\n\t<\/tr>\n\t<tr class=\"row-6 even\">\n\t\t<td class=\"column-1\">2013\/2014<\/td><td class=\"column-2\">Ulbroka\/FS Masters<\/td><td class=\"column-3\">Virsl\u012bga<\/td><td class=\"column-4\">22<\/td><td class=\"column-5\">1<\/td><td class=\"column-6\">0<\/td><td class=\"column-7\">1<\/td><td class=\"column-8\">4<\/td>\n\t<\/tr>\n\t<tr class=\"row-7 odd\">\n\t\t<td class=\"column-1\">2012\/2013<\/td><td class=\"column-2\">Ulbroka\/FS Masters<\/td><td class=\"column-3\">Virsl\u012bga<\/td><td class=\"column-4\">5<\/td><td class=\"column-5\">1<\/td><td class=\"column-6\">0<\/td><td class=\"column-7\">1<\/td><td class=\"column-8\">0<\/td>\n\t<\/tr>\n<\/tbody>\n<\/table>\n<\/strong><\/p>\n<p><strong>Juniori<\/strong><\/p>\n<p><strong>\n<table id=\"wp-table-reloaded-id-117-no-1\" class=\"wp-table-reloaded wp-table-reloaded-id-117\">\n<thead>\n\t<tr class=\"row-1 odd\">\n\t\t<th class=\"column-1\">Sezona<\/th><th class=\"column-2\">Komanda<\/th><th class=\"column-3\">L\u012bga<\/th><th class=\"column-4\">Sp\u0113les<\/th><th class=\"column-5\">V\u0101rti<\/th><th class=\"column-6\">Piesp\u0113les<\/th><th class=\"column-7\">Punkti<\/th><th class=\"column-8\">SM<\/th>\n\t<\/tr>\n<\/thead>\n<tfoot>\n\t<tr class=\"row-11 odd\">\n\t\t<th colspan=\"3\" class=\"column-1 colspan-3\">Kop\u0101<\/th><th class=\"column-4\">135<\/th><th class=\"column-5\">219<\/th><th class=\"column-6\">74<\/th><th class=\"column-7\">293<\/th><th class=\"column-8\">40<\/th>\n\t<\/tr>\n<\/tfoot>\n<tbody class=\"row-hover\">\n\t<tr class=\"row-2 even\">\n\t\t<td class=\"column-1\">2014\/2015<\/td><td class=\"column-2\">FS Masters\/Ulbroka<\/td><td class=\"column-3\">U-18<\/td><td class=\"column-4\">13<\/td><td class=\"column-5\">23<\/td><td class=\"column-6\">10<\/td><td class=\"column-7\">33<\/td><td class=\"column-8\">2<\/td>\n\t<\/tr>\n\t<tr class=\"row-3 odd\">\n\t\t<td class=\"column-1\">2013\/2014<\/td><td class=\"column-2\">FS Masters\/Ulbroka<\/td><td class=\"column-3\">U-18<\/td><td class=\"column-4\">21<\/td><td class=\"column-5\">26<\/td><td class=\"column-6\">10<\/td><td class=\"column-7\">36<\/td><td class=\"column-8\">6<\/td>\n\t<\/tr>\n\t<tr class=\"row-4 even\">\n\t\t<td class=\"column-1\">2012\/2013<\/td><td class=\"column-2\">FS Masters\/Ulbroka<\/td><td class=\"column-3\">U-18<\/td><td class=\"column-4\">12<\/td><td class=\"column-5\">15<\/td><td class=\"column-6\">3<\/td><td class=\"column-7\">18<\/td><td class=\"column-8\">0<\/td>\n\t<\/tr>\n\t<tr class=\"row-5 odd\">\n\t\t<td class=\"column-1\">2012\/2013<\/td><td class=\"column-2\">FS Masters\/Ulbroka<\/td><td class=\"column-3\">U-16<\/td><td class=\"column-4\">12<\/td><td class=\"column-5\">12<\/td><td class=\"column-6\">4<\/td><td class=\"column-7\">16<\/td><td class=\"column-8\">8<\/td>\n\t<\/tr>\n\t<tr class=\"row-6 even\">\n\t\t<td class=\"column-1\">2011\/2012<\/td><td class=\"column-2\">FS Masters\/Ulbroka<\/td><td class=\"column-3\">U-16<\/td><td class=\"column-4\">13<\/td><td class=\"column-5\">21<\/td><td class=\"column-6\">6<\/td><td class=\"column-7\">27<\/td><td class=\"column-8\">0<\/td>\n\t<\/tr>\n\t<tr class=\"row-7 odd\">\n\t\t<td class=\"column-1\">2010\/2011<\/td><td class=\"column-2\">FS Masters\/Ulbroka<\/td><td class=\"column-3\">U-16<\/td><td class=\"column-4\">9<\/td><td class=\"column-5\">0<\/td><td class=\"column-6\">0<\/td><td class=\"column-7\">0<\/td><td class=\"column-8\">0<\/td>\n\t<\/tr>\n\t<tr class=\"row-8 even\">\n\t\t<td class=\"column-1\">2010\/2011<\/td><td class=\"column-2\">FS Masters\/Ulbroka<\/td><td class=\"column-3\">U-14<\/td><td class=\"column-4\">23<\/td><td class=\"column-5\">69<\/td><td class=\"column-6\">26<\/td><td class=\"column-7\">95<\/td><td class=\"column-8\">12<\/td>\n\t<\/tr>\n\t<tr class=\"row-9 odd\">\n\t\t<td class=\"column-1\">2009\/2010<\/td><td class=\"column-2\">Ulbroka<\/td><td class=\"column-3\">U-14<\/td><td class=\"column-4\">12<\/td><td class=\"column-5\">9<\/td><td class=\"column-6\">3<\/td><td class=\"column-7\">12<\/td><td class=\"column-8\">2<\/td>\n\t<\/tr>\n\t<tr class=\"row-10 even\">\n\t\t<td class=\"column-1\">2008\/2009<\/td><td class=\"column-2\">Ulbroka<\/td><td class=\"column-3\">U-12<\/td><td class=\"column-4\">20<\/td><td class=\"column-5\">44<\/td><td class=\"column-6\">12<\/td><td class=\"column-7\">56<\/td><td class=\"column-8\">10<\/td>\n\t<\/tr>\n<\/tbody>\n<\/table>\n<\/strong><\/p>\n","protected":false},"excerpt":{"rendered":"<p>Dzim\u0161anas dati: 31.08.1996 Poz\u012bcija:\u00a0Uzbruc\u0113js Numurs:\u00a0#26 Augums:\u00a0186 cm Svars: 80\u00a0kg Florbol\u0101 kop\u0161: 2008.gada Pirm\u0101 komanda: Ulbroka 96 Kluba sist\u0113m\u0101 kop\u0161: 2008.gada &nbsp; Statistika Latvijas \u010dempion\u0101t\u0101 kluba komand\u0101s Virsl\u012bga Farmklubs Juniori<\/p>\n","protected":false},"author":2,"featured_media":0,"parent":40,"menu_order":0,"comment_status":"closed","ping_status":"closed","template":"","meta":{"footnotes":""},"featured_media_urls":[],"_links":{"self":[{"href":"https:\/\/www.fsmasters.lv\/index.php?rest_route=\/wp\/v2\/pages\/4645"}],"collection":[{"href":"https:\/\/www.fsmasters.lv\/index.php?rest_route=\/wp\/v2\/pages"}],"about":[{"href":"https:\/\/www.fsmasters.lv\/index.php?rest_route=\/wp\/v2\/types\/page"}],"author":[{"embeddable":true,"href":"https:\/\/www.fsmasters.lv\/index.php?rest_route=\/wp\/v2\/users\/2"}],"replies":[{"embeddable":true,"href":"https:\/\/www.fsmasters.lv\/index.php?rest_route=%2Fwp%2Fv2%2Fcomments&post=4645"}],"version-history":[{"count":5,"href":"https:\/\/www.fsmasters.lv\/index.php?rest_route=\/wp\/v2\/pages\/4645\/revisions"}],"predecessor-version":[{"id":5094,"href":"https:\/\/www.fsmasters.lv\/index.php?rest_route=\/wp\/v2\/pages\/4645\/revisions\/5094"}],"up":[{"embeddable":true,"href":"https:\/\/www.fsmasters.lv\/index.php?rest_route=\/wp\/v2\/pages\/40"}],"wp:attachment":[{"href":"https:\/\/www.fsmasters.lv\/index.php?rest_route=%2Fwp%2Fv2%2Fmedia&parent=4645"}],"curies":[{"name":"wp","href":"https:\/\/api.w.org\/{rel}","templated":true}]}}