{"id":46,"date":"2010-07-14T15:19:05","date_gmt":"2010-07-14T13:19:05","guid":{"rendered":"http:\/\/www.fsmasters.lv\/?page_id=46"},"modified":"2025-09-11T12:35:41","modified_gmt":"2025-09-11T10:35:41","slug":"vards-uzvards","status":"publish","type":"page","link":"https:\/\/www.fsmasters.lv\/?page_id=46","title":{"rendered":"Andris P\u012blups"},"content":{"rendered":"\n<div class=\"wp-block-columns is-layout-flex wp-container-core-columns-layout-1 wp-block-columns-is-layout-flex\">\n<div class=\"wp-block-column is-layout-flow wp-block-column-is-layout-flow\" style=\"flex-basis:66.66%\">\n<p>Dzimis 1976.gada 20.mart\u0101. Dzimt\u0101 vieta \u2013 L\u012bgatne.<\/p>\n\n\n\n<p>Mobilais telefons: <strong>25917585<\/strong><br>E-pasts: <strong>andris[at]fsmasters.lv<\/strong><\/p>\n\n\n\n<p><strong>Florbola BIO:<br><\/strong>Ar florbolu s\u0101cis nodarboties jau no t\u0101 pirms\u0101kumiem Latvij\u0101 \u2013 1994.gad\u0101. Sp\u0113l\u0113jis virsl\u012bgas komand\u0101s \u201cL\u012bgatne\u201d, \u201cRTU\/Lekrings\u201d (v\u0113l\u0101k \u201eRTU-Klinkmann\u201d, \u201eRTU\/Inspecta\u201d), \u201cLauku Av\u012bze\u201d (v\u0113l\u0101k \u201cLatvijas Av\u012bze\u201d). Sp\u0113l\u0113t\u0101ja amplu\u0101 \u2013 aizsargs (agr\u0101k centrs). 1995.gad\u0101 Latvijas v\u012brie\u0161u izlases sast\u0101v\u0101 piedal\u012bjies Eiropas \u010dempion\u0101t\u0101 un izc\u012bn\u012bjis 7.vietu. Vair\u0101kk\u0101rt piedal\u012bjies Eiropas \u010cempionu kausa izc\u012b\u0146as turn\u012br\u0101.<\/p>\n\n\n\n<p><strong>Trenera CV:<\/strong><\/p>\n\n\n\n<p>2014.g. l\u012bdz 2021.g. un 2023.g. l\u012bdz \u0161im laikam galvenais treneris v\u012brie\u0161u virsl\u012bgas komand\u0101 &#8220;FS Masters\/Ulbroka&#8221;;<br>2022.g l\u012bdz 2024.g. galvenais treneris v\u012brie\u0161u 1.l\u012bgas komand\u0101 \u201cLatvijas Universit\u0101te\/FS Masters\u201d<br>2016.g. treneris Latvijas v\u012brie\u0161u izlas\u0113;<br>2015.g. galvenais treneris Latvijas U-19 v\u012brie\u0161u izlas\u0113<br>2015.g. l\u012bdz 2016.g. galvenais treneris sievie\u0161u virsl\u012bgas komand\u0101 &#8220;NND&#8221;;<br>2013.g. l\u012bdz 2014.g. galvenais treneris v\u012brie\u0161u NLA komand\u0101 &#8220;UHC Uster&#8221; (\u0160veice);<br>2010.g. l\u012bdz 2012.g. galvenais treneris v\u012brie\u0161u 1.l\u012bgas komand\u0101 \u201cFK \u0100da\u017ei\u201d;<br>2009.g. l\u012bdz 2011.g. treneris Latvijas U-19 v\u012brie\u0161u izlas\u0113;<br>2008.g. treneris Latvijas Studentu izlas\u0113;<br>2006.g. l\u012bdz 2013.g. galvenais treneris sievie\u0161u virsl\u012bgas komand\u0101 \u201eRSU\u201d;<br>2003.g. l\u012bdz 2012.g. galvenais treneris v\u012brie\u0161u virsl\u012bgas komand\u0101 \u201eRTU\/Inspecta\u201d;<br>2001.g. l\u012bdz 2003.g. treneris v\u012brie\u0161u virsl\u012bgas komand\u0101 \u201eLauku Av\u012bze\u201d;<br>1999.g. l\u012bdz \u0161im laikam treneris b\u0113rnu un jaunie\u0161u komand\u0101s \u201eFS Masters\/Ulbroka\u201d (agr\u0101k \u201eLauku Av\u012bze\u201d).<\/p>\n\n\n\n<p><strong>Augst\u0101kie trenera sasniegumi:<br><\/strong>1.vieta 2011.g. EuroFloorball Cup ar v\u012brie\u0161u komandu &#8220;RTU\/Inspecta&#8221; un sievie\u0161u komandu &#8220;RSU\/Runway&#8221;;<br>1.vieta 2016.\/2017.g., 2017.\/2018.g., 2023.\/2024.g. un 2024.\/2025.g. L\u010c Virsl\u012bg\u0101 v\u012brie\u0161iem ar komandu \u201eFS Masters\/Ulbroka\u201d;<br>1.vieta 2009.\/2010.g. un 2010.\/2011.g. L\u010c Virsl\u012bg\u0101 v\u012brie\u0161iem ar komandu \u201eRTU\/Inspecta\u201d;<br>1.vieta 2010.\/2011.g. un 2011.\/2012.g. L\u010c Virsl\u012bg\u0101 sieviet\u0113m ar komandu \u201eRSU\/Runway\u201d;<br>1.vieta 2011.\/2012.g. L\u010c 1.l\u012bg\u0101 v\u012brie\u0161iem ar komandu &#8220;FK \u0100da\u017ei&#8221;;<br>1.vieta 2009.g. SELL studentu sp\u0113l\u0113s ar &#8220;RTU&#8221; v\u012brie\u0161u komandu;<br>1.vieta 2010.\/2011.g. un 2011.\/2012.g. Latvijas Augstskolu L\u012bg\u0101 ar &#8220;RTU&#8221; v\u012brie\u0161u komandu;<br>Vair\u0101kk\u0101rt\u0113jas 1.vietas&nbsp;Latvijas Universi\u0101d\u0113 ar &#8220;RTU&#8221; v\u012brie\u0161u komandu;<br>2.vieta 2015.\/2016.g L\u010c Virsl\u012bg\u0101 sieviet\u0113m ar komandu &#8220;NND&#8221;;<br>4.vieta 2008.g. P\u010c ar Latvijas Studentu izlasi;<br>5.vieta 2011.g. P\u010c ar Latvijas U-19 v\u012brie\u0161u izlasi;<br>Dal\u012bba Champions Cup 2012 ar sievie\u0161u komandu &#8220;RSU&#8221;;<br>Vair\u0101kk\u0101rt\u0113jas 1.vietas L\u010c b\u0113rniem un jaunie\u0161iem ar komand\u0101m \u201eFS Masters\/Ulbroka\u201d.<\/p>\n\n\n\n<p>LFS atzinusi par lab\u0101ko treneri 2010.\/2011., 2016.\/2017. un 2023.\/2024., 2024.\/2025.g. sezon\u0101s.<\/p>\n<\/div>\n\n\n\n<div class=\"wp-block-column is-layout-flow wp-block-column-is-layout-flow\" style=\"flex-basis:33.33%\">\n<figure class=\"wp-block-image size-large\"><img fetchpriority=\"high\" decoding=\"async\" width=\"768\" height=\"1024\" src=\"https:\/\/www.fsmasters.lv\/wp-content\/uploads\/2025\/09\/WAPilups-768x1024.jpg\" alt=\"\" class=\"wp-image-6830\" srcset=\"https:\/\/www.fsmasters.lv\/wp-content\/uploads\/2025\/09\/WAPilups-768x1024.jpg 768w, https:\/\/www.fsmasters.lv\/wp-content\/uploads\/2025\/09\/WAPilups-225x300.jpg 225w, https:\/\/www.fsmasters.lv\/wp-content\/uploads\/2025\/09\/WAPilups.jpg 800w\" sizes=\"(max-width: 768px) 100vw, 768px\" \/><\/figure>\n<\/div>\n<\/div>\n","protected":false},"excerpt":{"rendered":"<p>Dzimis 1976.gada 20.mart\u0101. Dzimt\u0101 vieta \u2013 L\u012bgatne. Mobilais telefons: 25917585E-pasts: andris[at]fsmasters.lv Florbola BIO:Ar florbolu s\u0101cis nodarboties jau no t\u0101 pirms\u0101kumiem Latvij\u0101 \u2013 1994.gad\u0101. Sp\u0113l\u0113jis virsl\u012bgas komand\u0101s \u201cL\u012bgatne\u201d, \u201cRTU\/Lekrings\u201d (v\u0113l\u0101k \u201eRTU-Klinkmann\u201d, \u201eRTU\/Inspecta\u201d), \u201cLauku Av\u012bze\u201d (v\u0113l\u0101k \u201cLatvijas Av\u012bze\u201d). Sp\u0113l\u0113t\u0101ja amplu\u0101 \u2013 aizsargs (agr\u0101k centrs). 1995.gad\u0101 Latvijas v\u012brie\u0161u izlases sast\u0101v\u0101 piedal\u012bjies Eiropas \u010dempion\u0101t\u0101 un izc\u012bn\u012bjis 7.vietu. Vair\u0101kk\u0101rt piedal\u012bjies &hellip; <\/p>\n<p class=\"link-more\"><a href=\"https:\/\/www.fsmasters.lv\/?page_id=46\" class=\"more-link\">Read more<span class=\"screen-reader-text\"> &#8220;Andris P\u012blups&#8221;<\/span><\/a><\/p>\n","protected":false},"author":1,"featured_media":0,"parent":17,"menu_order":1,"comment_status":"closed","ping_status":"closed","template":"","meta":{"footnotes":""},"featured_media_urls":[],"_links":{"self":[{"href":"https:\/\/www.fsmasters.lv\/index.php?rest_route=\/wp\/v2\/pages\/46"}],"collection":[{"href":"https:\/\/www.fsmasters.lv\/index.php?rest_route=\/wp\/v2\/pages"}],"about":[{"href":"https:\/\/www.fsmasters.lv\/index.php?rest_route=\/wp\/v2\/types\/page"}],"author":[{"embeddable":true,"href":"https:\/\/www.fsmasters.lv\/index.php?rest_route=\/wp\/v2\/users\/1"}],"replies":[{"embeddable":true,"href":"https:\/\/www.fsmasters.lv\/index.php?rest_route=%2Fwp%2Fv2%2Fcomments&post=46"}],"version-history":[{"count":44,"href":"https:\/\/www.fsmasters.lv\/index.php?rest_route=\/wp\/v2\/pages\/46\/revisions"}],"predecessor-version":[{"id":6844,"href":"https:\/\/www.fsmasters.lv\/index.php?rest_route=\/wp\/v2\/pages\/46\/revisions\/6844"}],"up":[{"embeddable":true,"href":"https:\/\/www.fsmasters.lv\/index.php?rest_route=\/wp\/v2\/pages\/17"}],"wp:attachment":[{"href":"https:\/\/www.fsmasters.lv\/index.php?rest_route=%2Fwp%2Fv2%2Fmedia&parent=46"}],"curies":[{"name":"wp","href":"https:\/\/api.w.org\/{rel}","templated":true}]}}