{"id":4250,"date":"2018-01-18T16:17:26","date_gmt":"2018-01-18T14:17:26","guid":{"rendered":"http:\/\/www.fsmasters.lv\/?page_id=4250"},"modified":"2024-03-06T16:55:40","modified_gmt":"2024-03-06T14:55:40","slug":"treninu-forma","status":"publish","type":"page","link":"https:\/\/www.fsmasters.lv\/?page_id=4250","title":{"rendered":"Treni\u0146u forma"},"content":{"rendered":"\n<div class=\"wp-block-columns has-background is-layout-flex wp-container-core-columns-layout-1 wp-block-columns-is-layout-flex\" style=\"background-color:#0037870f\">\n<div class=\"wp-block-column is-layout-flow wp-block-column-is-layout-flow\" style=\"flex-basis:55%\">\n<figure class=\"wp-block-image size-full\"><img fetchpriority=\"high\" decoding=\"async\" width=\"1200\" height=\"1200\" src=\"https:\/\/www.fsmasters.lv\/wp-content\/uploads\/2024\/03\/Treninu_forma.png\" alt=\"\" class=\"wp-image-6323\" srcset=\"https:\/\/www.fsmasters.lv\/wp-content\/uploads\/2024\/03\/Treninu_forma.png 1200w, https:\/\/www.fsmasters.lv\/wp-content\/uploads\/2024\/03\/Treninu_forma-300x300.png 300w, https:\/\/www.fsmasters.lv\/wp-content\/uploads\/2024\/03\/Treninu_forma-1024x1024.png 1024w, https:\/\/www.fsmasters.lv\/wp-content\/uploads\/2024\/03\/Treninu_forma-150x150.png 150w, https:\/\/www.fsmasters.lv\/wp-content\/uploads\/2024\/03\/Treninu_forma-600x600.png 600w, https:\/\/www.fsmasters.lv\/wp-content\/uploads\/2024\/03\/Treninu_forma-800x800.png 800w\" sizes=\"(max-width: 1200px) 100vw, 1200px\" \/><\/figure>\n\n\n\n<p>Izm\u0113ru tabula:<\/p>\n\n\n\n<figure class=\"wp-block-image size-large\"><img decoding=\"async\" width=\"1024\" height=\"305\" src=\"https:\/\/www.fsmasters.lv\/wp-content\/uploads\/2020\/09\/Nike_izmeru_tabula_2-1024x305.png\" alt=\"\" class=\"wp-image-5040\" srcset=\"https:\/\/www.fsmasters.lv\/wp-content\/uploads\/2020\/09\/Nike_izmeru_tabula_2-1024x305.png 1024w, https:\/\/www.fsmasters.lv\/wp-content\/uploads\/2020\/09\/Nike_izmeru_tabula_2-300x89.png 300w, https:\/\/www.fsmasters.lv\/wp-content\/uploads\/2020\/09\/Nike_izmeru_tabula_2-768x228.png 768w, https:\/\/www.fsmasters.lv\/wp-content\/uploads\/2020\/09\/Nike_izmeru_tabula_2-600x178.png 600w, https:\/\/www.fsmasters.lv\/wp-content\/uploads\/2020\/09\/Nike_izmeru_tabula_2.png 1123w\" sizes=\"(max-width: 1024px) 100vw, 1024px\" \/><\/figure>\n<\/div>\n\n\n\n<div class=\"wp-block-column is-layout-flow wp-block-column-is-layout-flow\" style=\"flex-basis:45%\">\n<p>Florbola skolas \u201cMasters\u201d treni\u0146a forma.<\/p>\n\n\n\n<p>Audums: 100% poliesters, Dri-FIT tehnolo\u0123ija<br>Izm\u0113ri:<br>Pieaugu\u0161o \u2013 S, M, L, XL, XXL<br>B\u0113rnu \u2013&nbsp;XS, S, M, L, XL<\/p>\n\n\n\n<p>Cena: <strong>40.00 EUR<\/strong><\/p>\n\n\n\n<p><span style=\"color: #ff0000;\"><strong><em>Jaunajiem FS &#8220;Masters&#8221; sp\u0113l\u0113t\u0101jiem numuru iepriek\u0161 saska\u0146ot ar treneri!<\/em><\/strong><\/span><\/p>\n\n\n<form enctype=\"multipart\/form-data\" action=\"\/index.php?rest_route=%2Fwp%2Fv2%2Fpages%2F4250#usermessage7b\" method=\"post\" class=\"cform treni%c5%86u-forma \" id=\"cforms7form\"><fieldset class=\"cf-fs1\" style=\"\"><legend>PAS\u016aT\u012aJUMA FORMA<\/legend><ol class=\"cf-ol\"><li id=\"li-7-2\" class=\"\"><label id=\"label-7-2\" for=\"cf7_field_2\"><span>V\u0101rds<\/span><\/label><input type=\"text\" name=\"cf7_field_2\" id=\"cf7_field_2\" class=\"single fldrequired\" value=\"\" onfocus=\"clearField(this)\" onblur=\"setField(this)\" title=\"\"\/><span class=\"reqtxt\"><\/span><\/li><li id=\"li-7-3\" class=\"\"><label id=\"label-7-3\" for=\"cf7_field_3\"><span>Uzv\u0101rds<\/span><\/label><input type=\"text\" name=\"cf7_field_3\" id=\"cf7_field_3\" class=\"single fldrequired\" value=\"\" onfocus=\"clearField(this)\" onblur=\"setField(this)\" title=\"\"\/><span class=\"reqtxt\"><\/span><\/li><li id=\"li-7-4\" class=\"\"><label id=\"label-7-4\" for=\"cf7_field_4\"><span>Epasts<\/span><\/label><input type=\"text\" name=\"cf7_field_4\" id=\"cf7_field_4\" class=\"single fldemail fldrequired\" value=\"\" onfocus=\"clearField(this)\" onblur=\"setField(this)\" title=\"\"\/><span class=\"emailreqtxt\"><\/span><\/li><li id=\"li-7-5\" class=\"\"><label id=\"label-7-5\" for=\"cf7_field_5\"><span>T\u0101lrunis<\/span><\/label><input type=\"text\" name=\"cf7_field_5\" id=\"cf7_field_5\" class=\"single fldrequired\" value=\"\" onfocus=\"clearField(this)\" onblur=\"setField(this)\" title=\"\"\/><span class=\"reqtxt\"><\/span><\/li><li id=\"li-7-6\" class=\"\"><label id=\"label-7-6\" for=\"cf7_field_6\"><span>Krekls (izm\u0113rs)<\/span><\/label><select name=\"cf7_field_6\" id=\"cf7_field_6\" class=\"cformselect\" title=\"\"><option value=\"-----\">-----<\/option><option value=\"Youth XS\">Youth XS<\/option><option value=\"Youth S\">Youth S<\/option><option value=\"Youth M\">Youth M<\/option><option value=\"Youth L\">Youth L<\/option><option value=\"Youth XL\">Youth XL<\/option><option value=\"Mens S\">Mens S<\/option><option value=\"Mens M\">Mens M<\/option><option value=\"Mens L\">Mens L<\/option><option value=\"Mens XL\">Mens XL<\/option><option value=\"Mens XXL\">Mens XXL<\/option><\/select><\/li><li id=\"li-7-7\" class=\"\"><label id=\"label-7-7\" for=\"cf7_field_7\"><span>\u0160orti (izm\u0113rs)<\/span><\/label><select name=\"cf7_field_7\" id=\"cf7_field_7\" class=\"cformselect\" title=\"\"><option value=\"-----\">-----<\/option><option value=\"Youth XS\">Youth XS<\/option><option value=\"Youth S\">Youth S<\/option><option value=\"Youth M\">Youth M<\/option><option value=\"Youth L\">Youth L<\/option><option value=\"Youth XL\">Youth XL<\/option><option value=\"Mens S\">Mens S<\/option><option value=\"Mens M\">Mens M<\/option><option value=\"Mens L\">Mens L<\/option><option value=\"Mens XL\">Mens XL<\/option><option value=\"Mens XXL\">Mens XXL<\/option><\/select><\/li><li id=\"li-7-8\" class=\"\"><label id=\"label-7-8\" for=\"cf7_field_8\"><span>Numurs (1-99)<\/span><\/label><input type=\"text\" name=\"cf7_field_8\" id=\"cf7_field_8\" class=\"single fldrequired\" value=\"\" onfocus=\"clearField(this)\" onblur=\"setField(this)\" title=\"\"\/><span class=\"reqtxt\"><\/span><\/li><li id=\"li-7-9\" class=\"\"><label id=\"label-7-9\" for=\"cf7_field_9\"><span>Koment\u0101rs (ja ir k\u0101das \u012bpa\u0161as v\u0113lmes saist\u012bb\u0101 ar preces pieg\u0101di, izm\u0113riem, daudzumu, izgatavo\u0161anu utml.)<\/span><\/label><textarea cols=\"30\" rows=\"8\" name=\"cf7_field_9\" id=\"cf7_field_9\" class=\"area\" onfocus=\"clearField(this)\" onblur=\"setField(this)\" title=\"\"><\/textarea><\/li><\/ol><\/fieldset><fieldset class=\"cf_hidden\"><legend>&nbsp;<\/legend><input type=\"hidden\" name=\"cf_working7\" id=\"cf_working7\" value=\"<span>L\u016bdzu uzgaidiet...<\/span>\"\/><input type=\"hidden\" name=\"cf_failure7\" id=\"cf_failure7\" value=\"<span>L\u016bdzu, aizpild\u012bt visus nepiecie\u0161amos laukus!<\/span>\"\/><input type=\"hidden\" name=\"cf_customerr7\" id=\"cf_customerr7\" value=\"y\"\/><\/fieldset><p class=\"cf-sb\"><input type=\"submit\" name=\"sendbutton7\" id=\"sendbutton7\" class=\"sendbutton\" value=\"Pas\u016bt\u012bt\" \/><\/p><\/form><div id=\"usermessage7b\" class=\"cf_info \" ><\/div>\n<\/div>\n<\/div>\n\n\n\n<p><strong><em>Preces izgatavo\u0161anu veic SIA Inlight. P\u0113c pas\u016bt\u012bjuma sa\u0146em\u0161anas&nbsp;un&nbsp;izgatavo\u0161anas uz nor\u0101d\u012bto epastu tiks nos\u016bt\u012bts r\u0113\u0137ins. Ja pas\u016bt\u012bt\u0101 prece nav noliktav\u0101, tas var aiz\u0146emt vair\u0101kas ned\u0113\u013cas. Parasti prece tiek nodota grupas trenerim un nog\u0101d\u0101ta uz treni\u0146u, bet ja ir \u012bpa\u0161as v\u0113lmes preci var sa\u0146emt SIA Inlight veikal\u0101 C\u0113su iel\u0101 5, R\u012bg\u0101. Par cit\u0101m preces apmaksas, sa\u0146em\u0161anas vai pieg\u0101des iesp\u0113j\u0101m zvan\u012bt 25917585.<\/em><\/strong><\/p>\n","protected":false},"excerpt":{"rendered":"<p>Izm\u0113ru tabula: Florbola skolas \u201cMasters\u201d treni\u0146a forma. Audums: 100% poliesters, Dri-FIT tehnolo\u0123ijaIzm\u0113ri:Pieaugu\u0161o \u2013 S, M, L, XL, XXLB\u0113rnu \u2013&nbsp;XS, S, M, L, XL Cena: 40.00 EUR Jaunajiem FS &#8220;Masters&#8221; sp\u0113l\u0113t\u0101jiem numuru iepriek\u0161 saska\u0146ot ar treneri! Preces izgatavo\u0161anu veic SIA Inlight. P\u0113c pas\u016bt\u012bjuma sa\u0146em\u0161anas&nbsp;un&nbsp;izgatavo\u0161anas uz nor\u0101d\u012bto epastu tiks nos\u016bt\u012bts r\u0113\u0137ins. Ja pas\u016bt\u012bt\u0101 prece nav noliktav\u0101, tas &hellip; <\/p>\n<p class=\"link-more\"><a href=\"https:\/\/www.fsmasters.lv\/?page_id=4250\" class=\"more-link\">Read more<span class=\"screen-reader-text\"> &#8220;Treni\u0146u forma&#8221;<\/span><\/a><\/p>\n","protected":false},"author":2,"featured_media":0,"parent":2751,"menu_order":2,"comment_status":"closed","ping_status":"closed","template":"","meta":{"footnotes":""},"featured_media_urls":[],"_links":{"self":[{"href":"https:\/\/www.fsmasters.lv\/index.php?rest_route=\/wp\/v2\/pages\/4250"}],"collection":[{"href":"https:\/\/www.fsmasters.lv\/index.php?rest_route=\/wp\/v2\/pages"}],"about":[{"href":"https:\/\/www.fsmasters.lv\/index.php?rest_route=\/wp\/v2\/types\/page"}],"author":[{"embeddable":true,"href":"https:\/\/www.fsmasters.lv\/index.php?rest_route=\/wp\/v2\/users\/2"}],"replies":[{"embeddable":true,"href":"https:\/\/www.fsmasters.lv\/index.php?rest_route=%2Fwp%2Fv2%2Fcomments&post=4250"}],"version-history":[{"count":19,"href":"https:\/\/www.fsmasters.lv\/index.php?rest_route=\/wp\/v2\/pages\/4250\/revisions"}],"predecessor-version":[{"id":6325,"href":"https:\/\/www.fsmasters.lv\/index.php?rest_route=\/wp\/v2\/pages\/4250\/revisions\/6325"}],"up":[{"embeddable":true,"href":"https:\/\/www.fsmasters.lv\/index.php?rest_route=\/wp\/v2\/pages\/2751"}],"wp:attachment":[{"href":"https:\/\/www.fsmasters.lv\/index.php?rest_route=%2Fwp%2Fv2%2Fmedia&parent=4250"}],"curies":[{"name":"wp","href":"https:\/\/api.w.org\/{rel}","templated":true}]}}