{"id":3235,"date":"2015-10-11T20:19:41","date_gmt":"2015-10-11T18:19:41","guid":{"rendered":"http:\/\/www.fsmasters.lv\/?page_id=3235"},"modified":"2015-10-11T20:19:41","modified_gmt":"2015-10-11T18:19:41","slug":"20112012-2","status":"publish","type":"page","link":"https:\/\/www.fsmasters.lv\/?page_id=3235","title":{"rendered":"2011\/2012"},"content":{"rendered":"<p>Jaunas virsotnes sasniedza m\u016bsu kluba virsl\u012bgas komanda, kura izc\u012bnija augsto 4.vietu Latvijas \u010cempion\u0101t\u0101. Pirmo sezonu aizvad\u012bja kluba otr\u0101 komanda, kur\u0101 start\u0113 zem Latvijas Universit\u0101tes v\u0101rda un sp\u0113l\u0113 gados jaun\u0101kie sp\u0113l\u0113t\u0101ji kop\u0101 ar studentiem.<\/p>\n<p>&#8220;Ulbrokas\/FS Masters&#8221; virsl\u012bga &#8211; 4.vieta<br \/>\n&#8220;Latvijas Universit\u0101te\/FS Masters&#8221; 2.l\u012bga &#8211; zaud\u0113jums 1\/4fin\u0101l\u0101<br \/>\nU18 &#8211; zaud\u0113jums 1\/4fin\u0101l\u0101<br \/>\nU16 &#8211; 1.vieta<br \/>\nU14 &#8211; 1.vieta<br \/>\nU12 &#8211; zaud\u0113jums 1\/4fin\u0101l\u0101<br \/>\nU10 &#8211; \u00a04.vieta<\/p>\n","protected":false},"excerpt":{"rendered":"<p>Jaunas virsotnes sasniedza m\u016bsu kluba virsl\u012bgas komanda, kura izc\u012bnija augsto 4.vietu Latvijas \u010cempion\u0101t\u0101. Pirmo sezonu aizvad\u012bja kluba otr\u0101 komanda, kur\u0101 start\u0113 zem Latvijas Universit\u0101tes v\u0101rda un sp\u0113l\u0113 gados jaun\u0101kie sp\u0113l\u0113t\u0101ji kop\u0101 ar studentiem. &#8220;Ulbrokas\/FS Masters&#8221; virsl\u012bga &#8211; 4.vieta &#8220;Latvijas Universit\u0101te\/FS Masters&#8221; 2.l\u012bga &#8211; zaud\u0113jums 1\/4fin\u0101l\u0101 U18 &#8211; zaud\u0113jums 1\/4fin\u0101l\u0101 U16 &#8211; 1.vieta U14 &#8211; 1.vieta &hellip; <\/p>\n<p class=\"link-more\"><a href=\"https:\/\/www.fsmasters.lv\/?page_id=3235\" class=\"more-link\">Read more<span class=\"screen-reader-text\"> &#8220;2011\/2012&#8221;<\/span><\/a><\/p>\n","protected":false},"author":1,"featured_media":3236,"parent":54,"menu_order":9,"comment_status":"open","ping_status":"open","template":"","meta":{"footnotes":""},"featured_media_urls":{"thumbnail":["https:\/\/www.fsmasters.lv\/wp-content\/uploads\/2015\/10\/fsmasters_u16-150x150.jpg",150,150,true],"medium":["https:\/\/www.fsmasters.lv\/wp-content\/uploads\/2015\/10\/fsmasters_u16-300x199.jpg",300,199,true],"medium_large":["https:\/\/www.fsmasters.lv\/wp-content\/uploads\/2015\/10\/fsmasters_u16.jpg",768,512,false],"large":["https:\/\/www.fsmasters.lv\/wp-content\/uploads\/2015\/10\/fsmasters_u16.jpg",800,533,false],"1536x1536":["https:\/\/www.fsmasters.lv\/wp-content\/uploads\/2015\/10\/fsmasters_u16.jpg",800,533,false],"2048x2048":["https:\/\/www.fsmasters.lv\/wp-content\/uploads\/2015\/10\/fsmasters_u16.jpg",800,533,false],"inspiro-featured-image":["https:\/\/www.fsmasters.lv\/wp-content\/uploads\/2015\/10\/fsmasters_u16.jpg",800,533,false],"inspiro-loop":["https:\/\/www.fsmasters.lv\/wp-content\/uploads\/2015\/10\/fsmasters_u16-800x320.jpg",800,320,true],"inspiro-loop@2x":["https:\/\/www.fsmasters.lv\/wp-content\/uploads\/2015\/10\/fsmasters_u16.jpg",800,533,false],"portfolio_item-thumbnail":["https:\/\/www.fsmasters.lv\/wp-content\/uploads\/2015\/10\/fsmasters_u16-600x400.jpg",600,400,true],"portfolio_item-thumbnail@2x":["https:\/\/www.fsmasters.lv\/wp-content\/uploads\/2015\/10\/fsmasters_u16.jpg",800,533,false],"portfolio_item-masonry":["https:\/\/www.fsmasters.lv\/wp-content\/uploads\/2015\/10\/fsmasters_u16-600x400.jpg",600,400,true],"portfolio_item-masonry@2x":["https:\/\/www.fsmasters.lv\/wp-content\/uploads\/2015\/10\/fsmasters_u16.jpg",800,533,false],"portfolio_item-thumbnail_cinema":["https:\/\/www.fsmasters.lv\/wp-content\/uploads\/2015\/10\/fsmasters_u16-800x335.jpg",800,335,true],"portfolio_item-thumbnail_portrait":["https:\/\/www.fsmasters.lv\/wp-content\/uploads\/2015\/10\/fsmasters_u16-600x533.jpg",600,533,true],"portfolio_item-thumbnail_portrait@2x":["https:\/\/www.fsmasters.lv\/wp-content\/uploads\/2015\/10\/fsmasters_u16.jpg",800,533,false],"portfolio_item-thumbnail_square":["https:\/\/www.fsmasters.lv\/wp-content\/uploads\/2015\/10\/fsmasters_u16.jpg",800,533,false]},"_links":{"self":[{"href":"https:\/\/www.fsmasters.lv\/index.php?rest_route=\/wp\/v2\/pages\/3235"}],"collection":[{"href":"https:\/\/www.fsmasters.lv\/index.php?rest_route=\/wp\/v2\/pages"}],"about":[{"href":"https:\/\/www.fsmasters.lv\/index.php?rest_route=\/wp\/v2\/types\/page"}],"author":[{"embeddable":true,"href":"https:\/\/www.fsmasters.lv\/index.php?rest_route=\/wp\/v2\/users\/1"}],"replies":[{"embeddable":true,"href":"https:\/\/www.fsmasters.lv\/index.php?rest_route=%2Fwp%2Fv2%2Fcomments&post=3235"}],"version-history":[{"count":2,"href":"https:\/\/www.fsmasters.lv\/index.php?rest_route=\/wp\/v2\/pages\/3235\/revisions"}],"predecessor-version":[{"id":3238,"href":"https:\/\/www.fsmasters.lv\/index.php?rest_route=\/wp\/v2\/pages\/3235\/revisions\/3238"}],"up":[{"embeddable":true,"href":"https:\/\/www.fsmasters.lv\/index.php?rest_route=\/wp\/v2\/pages\/54"}],"wp:featuredmedia":[{"embeddable":true,"href":"https:\/\/www.fsmasters.lv\/index.php?rest_route=\/wp\/v2\/media\/3236"}],"wp:attachment":[{"href":"https:\/\/www.fsmasters.lv\/index.php?rest_route=%2Fwp%2Fv2%2Fmedia&parent=3235"}],"curies":[{"name":"wp","href":"https:\/\/api.w.org\/{rel}","templated":true}]}}