{"id":3231,"date":"2015-10-11T20:09:53","date_gmt":"2015-10-11T18:09:53","guid":{"rendered":"http:\/\/www.fsmasters.lv\/?page_id=3231"},"modified":"2015-10-11T20:09:53","modified_gmt":"2015-10-11T18:09:53","slug":"20122013-2","status":"publish","type":"page","link":"https:\/\/www.fsmasters.lv\/?page_id=3231","title":{"rendered":"2012\/2013"},"content":{"rendered":"<p>Kluba jaunie\u0161u komandas turpina lieliski start\u0113t Latvijas \u010cempion\u0101t\u0101, kur izc\u012bn\u012btas divas zeltas meda\u013cas.<\/p>\n<p>&#8220;Ulbroka\/FS Masters&#8221; virsl\u012bga &#8211; 10.vieta<br \/>\n&#8220;Latvijas Universit\u0101te\/FS Masters&#8221; 1.l\u012bga &#8211; 5.vieta Centra div\u012bzij\u0101<br \/>\nU18 &#8211; 1.vieta<br \/>\nU16 &#8211; 3.vieta<br \/>\nU14 &#8211; 1.vieta<br \/>\nU12 &#8211; zaud\u0113jums 1\/4fin\u0101l\u0101<br \/>\nU10 &#8211; 2.vieta<\/p>\n","protected":false},"excerpt":{"rendered":"<p>Kluba jaunie\u0161u komandas turpina lieliski start\u0113t Latvijas \u010cempion\u0101t\u0101, kur izc\u012bn\u012btas divas zeltas meda\u013cas. &#8220;Ulbroka\/FS Masters&#8221; virsl\u012bga &#8211; 10.vieta &#8220;Latvijas Universit\u0101te\/FS Masters&#8221; 1.l\u012bga &#8211; 5.vieta Centra div\u012bzij\u0101 U18 &#8211; 1.vieta U16 &#8211; 3.vieta U14 &#8211; 1.vieta U12 &#8211; zaud\u0113jums 1\/4fin\u0101l\u0101 U10 &#8211; 2.vieta<\/p>\n","protected":false},"author":1,"featured_media":3232,"parent":54,"menu_order":9,"comment_status":"open","ping_status":"open","template":"","meta":{"footnotes":""},"featured_media_urls":{"thumbnail":["https:\/\/www.fsmasters.lv\/wp-content\/uploads\/2015\/10\/fsmasters_u18-150x150.jpg",150,150,true],"medium":["https:\/\/www.fsmasters.lv\/wp-content\/uploads\/2015\/10\/fsmasters_u18-300x199.jpg",300,199,true],"medium_large":["https:\/\/www.fsmasters.lv\/wp-content\/uploads\/2015\/10\/fsmasters_u18.jpg",768,512,false],"large":["https:\/\/www.fsmasters.lv\/wp-content\/uploads\/2015\/10\/fsmasters_u18.jpg",800,533,false],"1536x1536":["https:\/\/www.fsmasters.lv\/wp-content\/uploads\/2015\/10\/fsmasters_u18.jpg",800,533,false],"2048x2048":["https:\/\/www.fsmasters.lv\/wp-content\/uploads\/2015\/10\/fsmasters_u18.jpg",800,533,false],"inspiro-featured-image":["https:\/\/www.fsmasters.lv\/wp-content\/uploads\/2015\/10\/fsmasters_u18.jpg",800,533,false],"inspiro-loop":["https:\/\/www.fsmasters.lv\/wp-content\/uploads\/2015\/10\/fsmasters_u18-800x320.jpg",800,320,true],"inspiro-loop@2x":["https:\/\/www.fsmasters.lv\/wp-content\/uploads\/2015\/10\/fsmasters_u18.jpg",800,533,false],"portfolio_item-thumbnail":["https:\/\/www.fsmasters.lv\/wp-content\/uploads\/2015\/10\/fsmasters_u18-600x400.jpg",600,400,true],"portfolio_item-thumbnail@2x":["https:\/\/www.fsmasters.lv\/wp-content\/uploads\/2015\/10\/fsmasters_u18.jpg",800,533,false],"portfolio_item-masonry":["https:\/\/www.fsmasters.lv\/wp-content\/uploads\/2015\/10\/fsmasters_u18-600x400.jpg",600,400,true],"portfolio_item-masonry@2x":["https:\/\/www.fsmasters.lv\/wp-content\/uploads\/2015\/10\/fsmasters_u18.jpg",800,533,false],"portfolio_item-thumbnail_cinema":["https:\/\/www.fsmasters.lv\/wp-content\/uploads\/2015\/10\/fsmasters_u18-800x335.jpg",800,335,true],"portfolio_item-thumbnail_portrait":["https:\/\/www.fsmasters.lv\/wp-content\/uploads\/2015\/10\/fsmasters_u18-600x533.jpg",600,533,true],"portfolio_item-thumbnail_portrait@2x":["https:\/\/www.fsmasters.lv\/wp-content\/uploads\/2015\/10\/fsmasters_u18.jpg",800,533,false],"portfolio_item-thumbnail_square":["https:\/\/www.fsmasters.lv\/wp-content\/uploads\/2015\/10\/fsmasters_u18.jpg",800,533,false]},"_links":{"self":[{"href":"https:\/\/www.fsmasters.lv\/index.php?rest_route=\/wp\/v2\/pages\/3231"}],"collection":[{"href":"https:\/\/www.fsmasters.lv\/index.php?rest_route=\/wp\/v2\/pages"}],"about":[{"href":"https:\/\/www.fsmasters.lv\/index.php?rest_route=\/wp\/v2\/types\/page"}],"author":[{"embeddable":true,"href":"https:\/\/www.fsmasters.lv\/index.php?rest_route=\/wp\/v2\/users\/1"}],"replies":[{"embeddable":true,"href":"https:\/\/www.fsmasters.lv\/index.php?rest_route=%2Fwp%2Fv2%2Fcomments&post=3231"}],"version-history":[{"count":2,"href":"https:\/\/www.fsmasters.lv\/index.php?rest_route=\/wp\/v2\/pages\/3231\/revisions"}],"predecessor-version":[{"id":3234,"href":"https:\/\/www.fsmasters.lv\/index.php?rest_route=\/wp\/v2\/pages\/3231\/revisions\/3234"}],"up":[{"embeddable":true,"href":"https:\/\/www.fsmasters.lv\/index.php?rest_route=\/wp\/v2\/pages\/54"}],"wp:featuredmedia":[{"embeddable":true,"href":"https:\/\/www.fsmasters.lv\/index.php?rest_route=\/wp\/v2\/media\/3232"}],"wp:attachment":[{"href":"https:\/\/www.fsmasters.lv\/index.php?rest_route=%2Fwp%2Fv2%2Fmedia&parent=3231"}],"curies":[{"name":"wp","href":"https:\/\/api.w.org\/{rel}","templated":true}]}}