{"id":3219,"date":"2015-10-11T18:52:08","date_gmt":"2015-10-11T16:52:08","guid":{"rendered":"http:\/\/www.fsmasters.lv\/?page_id=3219"},"modified":"2015-10-11T20:00:32","modified_gmt":"2015-10-11T18:00:32","slug":"20132014-2","status":"publish","type":"page","link":"https:\/\/www.fsmasters.lv\/?page_id=3219","title":{"rendered":"2013\/2014"},"content":{"rendered":"<p>Lieliski rezult\u0101ti m\u016bsu kluba jaunie\u0161u komand\u0101m, kuras kopum\u0101 izc\u012bnija meda\u013cas vis\u0101s vecuma grup\u0101s.<\/p>\n<p>&#8220;Ulbrokas\/FS Masters&#8221; virsl\u012bga &#8211; 9.vieta<br \/>\n&#8220;Latvijas Universit\u0101te\/FS Masters&#8221; 1.l\u012bga &#8211; 5.-8.vieta<br \/>\nU18 &#8211; 2.vieta<br \/>\nU16 &#8211; 2.vieta<br \/>\nU14 &#8211; 3.vieta<br \/>\nU12 &#8211; 2.vieta<br \/>\nU10 &#8211; 3.vieta<\/p>\n<p>Vien\u0101 no liel\u0101kajiem jaunie\u0161u florbola turn\u012briem &#8220;Czech Open&#8221; 2013.gada august\u0101 dal\u012bbu \u0146\u0113ma m\u016bsu U12, U14 un U16 komandas. Savuk\u0101rt &#8220;Tallink Cup&#8221; (Igaunija) m\u016bsu U14 komanda izc\u012bn\u012bja 2.vietu. Turn\u012br\u0101 ar\u012b piedal\u012bj\u0101s m\u016bsu U12 un U10 komandas, k\u0101 ar\u012b U17 komanda.<\/p>\n","protected":false},"excerpt":{"rendered":"<p>Lieliski rezult\u0101ti m\u016bsu kluba jaunie\u0161u komand\u0101m, kuras kopum\u0101 izc\u012bnija meda\u013cas vis\u0101s vecuma grup\u0101s. &#8220;Ulbrokas\/FS Masters&#8221; virsl\u012bga &#8211; 9.vieta &#8220;Latvijas Universit\u0101te\/FS Masters&#8221; 1.l\u012bga &#8211; 5.-8.vieta U18 &#8211; 2.vieta U16 &#8211; 2.vieta U14 &#8211; 3.vieta U12 &#8211; 2.vieta U10 &#8211; 3.vieta Vien\u0101 no liel\u0101kajiem jaunie\u0161u florbola turn\u012briem &#8220;Czech Open&#8221; 2013.gada august\u0101 dal\u012bbu \u0146\u0113ma m\u016bsu U12, U14 un &hellip; <\/p>\n<p class=\"link-more\"><a href=\"https:\/\/www.fsmasters.lv\/?page_id=3219\" class=\"more-link\">Read more<span class=\"screen-reader-text\"> &#8220;2013\/2014&#8221;<\/span><\/a><\/p>\n","protected":false},"author":1,"featured_media":2441,"parent":54,"menu_order":8,"comment_status":"open","ping_status":"open","template":"","meta":{"footnotes":""},"featured_media_urls":{"thumbnail":["https:\/\/www.fsmasters.lv\/wp-content\/uploads\/2014\/05\/u14_tallink-150x150.jpg",150,150,true],"medium":["https:\/\/www.fsmasters.lv\/wp-content\/uploads\/2014\/05\/u14_tallink-300x200.jpg",300,200,true],"medium_large":["https:\/\/www.fsmasters.lv\/wp-content\/uploads\/2014\/05\/u14_tallink.jpg",600,400,false],"large":["https:\/\/www.fsmasters.lv\/wp-content\/uploads\/2014\/05\/u14_tallink.jpg",600,400,false],"1536x1536":["https:\/\/www.fsmasters.lv\/wp-content\/uploads\/2014\/05\/u14_tallink.jpg",600,400,false],"2048x2048":["https:\/\/www.fsmasters.lv\/wp-content\/uploads\/2014\/05\/u14_tallink.jpg",600,400,false],"inspiro-featured-image":["https:\/\/www.fsmasters.lv\/wp-content\/uploads\/2014\/05\/u14_tallink.jpg",600,400,false],"inspiro-loop":["https:\/\/www.fsmasters.lv\/wp-content\/uploads\/2014\/05\/u14_tallink-600x320.jpg",600,320,true],"inspiro-loop@2x":["https:\/\/www.fsmasters.lv\/wp-content\/uploads\/2014\/05\/u14_tallink.jpg",600,400,false],"portfolio_item-thumbnail":["https:\/\/www.fsmasters.lv\/wp-content\/uploads\/2014\/05\/u14_tallink-600x400.jpg",600,400,true],"portfolio_item-thumbnail@2x":["https:\/\/www.fsmasters.lv\/wp-content\/uploads\/2014\/05\/u14_tallink.jpg",600,400,false],"portfolio_item-masonry":["https:\/\/www.fsmasters.lv\/wp-content\/uploads\/2014\/05\/u14_tallink.jpg",600,400,false],"portfolio_item-masonry@2x":["https:\/\/www.fsmasters.lv\/wp-content\/uploads\/2014\/05\/u14_tallink.jpg",600,400,false],"portfolio_item-thumbnail_cinema":["https:\/\/www.fsmasters.lv\/wp-content\/uploads\/2014\/05\/u14_tallink-600x335.jpg",600,335,true],"portfolio_item-thumbnail_portrait":["https:\/\/www.fsmasters.lv\/wp-content\/uploads\/2014\/05\/u14_tallink.jpg",600,400,false],"portfolio_item-thumbnail_portrait@2x":["https:\/\/www.fsmasters.lv\/wp-content\/uploads\/2014\/05\/u14_tallink.jpg",600,400,false],"portfolio_item-thumbnail_square":["https:\/\/www.fsmasters.lv\/wp-content\/uploads\/2014\/05\/u14_tallink.jpg",600,400,false]},"_links":{"self":[{"href":"https:\/\/www.fsmasters.lv\/index.php?rest_route=\/wp\/v2\/pages\/3219"}],"collection":[{"href":"https:\/\/www.fsmasters.lv\/index.php?rest_route=\/wp\/v2\/pages"}],"about":[{"href":"https:\/\/www.fsmasters.lv\/index.php?rest_route=\/wp\/v2\/types\/page"}],"author":[{"embeddable":true,"href":"https:\/\/www.fsmasters.lv\/index.php?rest_route=\/wp\/v2\/users\/1"}],"replies":[{"embeddable":true,"href":"https:\/\/www.fsmasters.lv\/index.php?rest_route=%2Fwp%2Fv2%2Fcomments&post=3219"}],"version-history":[{"count":5,"href":"https:\/\/www.fsmasters.lv\/index.php?rest_route=\/wp\/v2\/pages\/3219\/revisions"}],"predecessor-version":[{"id":3222,"href":"https:\/\/www.fsmasters.lv\/index.php?rest_route=\/wp\/v2\/pages\/3219\/revisions\/3222"}],"up":[{"embeddable":true,"href":"https:\/\/www.fsmasters.lv\/index.php?rest_route=\/wp\/v2\/pages\/54"}],"wp:featuredmedia":[{"embeddable":true,"href":"https:\/\/www.fsmasters.lv\/index.php?rest_route=\/wp\/v2\/media\/2441"}],"wp:attachment":[{"href":"https:\/\/www.fsmasters.lv\/index.php?rest_route=%2Fwp%2Fv2%2Fmedia&parent=3219"}],"curies":[{"name":"wp","href":"https:\/\/api.w.org\/{rel}","templated":true}]}}