{"id":3213,"date":"2015-10-11T18:40:08","date_gmt":"2015-10-11T16:40:08","guid":{"rendered":"http:\/\/www.fsmasters.lv\/?page_id=3213"},"modified":"2015-10-11T18:51:08","modified_gmt":"2015-10-11T16:51:08","slug":"20142015-2","status":"publish","type":"page","link":"https:\/\/www.fsmasters.lv\/?page_id=3213","title":{"rendered":"2014\/2015"},"content":{"rendered":"<p style=\"text-align: justify;\">Latvijas \u010cempion\u0101t\u0101 FS Masters sist\u0113ma piedal\u012bj\u0101s ar 9 komand\u0101m. Lieliski rezult\u0101tu m\u016bsu kluba U12 un U16 komand\u0101m, kuras izc\u012bn\u012bja \u010cempiona titulu sav\u0101 vecuma grup\u0101. \u010cempionu titulu izc\u012bn\u012bja ar\u012b 1.l\u012bgas komanda.<\/p>\n<p style=\"text-align: justify;\">&#8220;Ulbrokas\/FS Masters&#8221; virsl\u012bga &#8211; 7.vieta<br \/>\n&#8220;Latvijas Universit\u0101te\/FS Masters&#8221; 1.l\u012bga &#8211; 1.vieta<br \/>\nU18 &#8211; 4.vieta<br \/>\nU16 &#8211; 1.vieta<br \/>\nU14 &#8211; 4.vieta<br \/>\nU12 &#8211; 1.vieta<br \/>\nU10 &#8211; 3.vieta<\/p>\n<p style=\"text-align: justify;\">FS Masters klubs 2014.gada septembr\u012b piedal\u012bj\u0101s turn\u012br\u0101 Helsinkos (Somija). Turn\u012br\u0101 c\u012bnij\u0101s tr\u012bs m\u016bsu kluba komandas &#8211; U12, U14 un U16.<\/p>\n<p style=\"text-align: justify;\">2015.gada maija izska\u0146\u0101 uzvaru U12 vecuma grup\u0101 izc\u012bn\u012bja &#8220;FS Masters\/BT1&#8221; komanda turn\u012br\u0101 Tallin\u0101 (Igaunija). Turn\u012br\u0101 ar\u012b piedal\u012bj\u0101s m\u016bsu U10 un U14 komandas.<\/p>\n","protected":false},"excerpt":{"rendered":"<p>Latvijas \u010cempion\u0101t\u0101 FS Masters sist\u0113ma piedal\u012bj\u0101s ar 9 komand\u0101m. Lieliski rezult\u0101tu m\u016bsu kluba U12 un U16 komand\u0101m, kuras izc\u012bn\u012bja \u010cempiona titulu sav\u0101 vecuma grup\u0101. \u010cempionu titulu izc\u012bn\u012bja ar\u012b 1.l\u012bgas komanda. &#8220;Ulbrokas\/FS Masters&#8221; virsl\u012bga &#8211; 7.vieta &#8220;Latvijas Universit\u0101te\/FS Masters&#8221; 1.l\u012bga &#8211; 1.vieta U18 &#8211; 4.vieta U16 &#8211; 1.vieta U14 &#8211; 4.vieta U12 &#8211; 1.vieta U10 &#8211; &hellip; <\/p>\n<p class=\"link-more\"><a href=\"https:\/\/www.fsmasters.lv\/?page_id=3213\" class=\"more-link\">Read more<span class=\"screen-reader-text\"> &#8220;2014\/2015&#8221;<\/span><\/a><\/p>\n","protected":false},"author":1,"featured_media":3015,"parent":54,"menu_order":7,"comment_status":"open","ping_status":"open","template":"","meta":{"footnotes":""},"featured_media_urls":{"thumbnail":["https:\/\/www.fsmasters.lv\/wp-content\/uploads\/2015\/04\/o_19i88137t16k422qn9f1pju15u6l-150x150.jpg",150,150,true],"medium":["https:\/\/www.fsmasters.lv\/wp-content\/uploads\/2015\/04\/o_19i88137t16k422qn9f1pju15u6l-300x199.jpg",300,199,true],"medium_large":["https:\/\/www.fsmasters.lv\/wp-content\/uploads\/2015\/04\/o_19i88137t16k422qn9f1pju15u6l.jpg",768,512,false],"large":["https:\/\/www.fsmasters.lv\/wp-content\/uploads\/2015\/04\/o_19i88137t16k422qn9f1pju15u6l.jpg",800,533,false],"1536x1536":["https:\/\/www.fsmasters.lv\/wp-content\/uploads\/2015\/04\/o_19i88137t16k422qn9f1pju15u6l.jpg",800,533,false],"2048x2048":["https:\/\/www.fsmasters.lv\/wp-content\/uploads\/2015\/04\/o_19i88137t16k422qn9f1pju15u6l.jpg",800,533,false],"inspiro-featured-image":["https:\/\/www.fsmasters.lv\/wp-content\/uploads\/2015\/04\/o_19i88137t16k422qn9f1pju15u6l.jpg",800,533,false],"inspiro-loop":["https:\/\/www.fsmasters.lv\/wp-content\/uploads\/2015\/04\/o_19i88137t16k422qn9f1pju15u6l-800x320.jpg",800,320,true],"inspiro-loop@2x":["https:\/\/www.fsmasters.lv\/wp-content\/uploads\/2015\/04\/o_19i88137t16k422qn9f1pju15u6l.jpg",800,533,false],"portfolio_item-thumbnail":["https:\/\/www.fsmasters.lv\/wp-content\/uploads\/2015\/04\/o_19i88137t16k422qn9f1pju15u6l-600x400.jpg",600,400,true],"portfolio_item-thumbnail@2x":["https:\/\/www.fsmasters.lv\/wp-content\/uploads\/2015\/04\/o_19i88137t16k422qn9f1pju15u6l.jpg",800,533,false],"portfolio_item-masonry":["https:\/\/www.fsmasters.lv\/wp-content\/uploads\/2015\/04\/o_19i88137t16k422qn9f1pju15u6l-600x400.jpg",600,400,true],"portfolio_item-masonry@2x":["https:\/\/www.fsmasters.lv\/wp-content\/uploads\/2015\/04\/o_19i88137t16k422qn9f1pju15u6l.jpg",800,533,false],"portfolio_item-thumbnail_cinema":["https:\/\/www.fsmasters.lv\/wp-content\/uploads\/2015\/04\/o_19i88137t16k422qn9f1pju15u6l-800x335.jpg",800,335,true],"portfolio_item-thumbnail_portrait":["https:\/\/www.fsmasters.lv\/wp-content\/uploads\/2015\/04\/o_19i88137t16k422qn9f1pju15u6l-600x533.jpg",600,533,true],"portfolio_item-thumbnail_portrait@2x":["https:\/\/www.fsmasters.lv\/wp-content\/uploads\/2015\/04\/o_19i88137t16k422qn9f1pju15u6l.jpg",800,533,false],"portfolio_item-thumbnail_square":["https:\/\/www.fsmasters.lv\/wp-content\/uploads\/2015\/04\/o_19i88137t16k422qn9f1pju15u6l.jpg",800,533,false]},"_links":{"self":[{"href":"https:\/\/www.fsmasters.lv\/index.php?rest_route=\/wp\/v2\/pages\/3213"}],"collection":[{"href":"https:\/\/www.fsmasters.lv\/index.php?rest_route=\/wp\/v2\/pages"}],"about":[{"href":"https:\/\/www.fsmasters.lv\/index.php?rest_route=\/wp\/v2\/types\/page"}],"author":[{"embeddable":true,"href":"https:\/\/www.fsmasters.lv\/index.php?rest_route=\/wp\/v2\/users\/1"}],"replies":[{"embeddable":true,"href":"https:\/\/www.fsmasters.lv\/index.php?rest_route=%2Fwp%2Fv2%2Fcomments&post=3213"}],"version-history":[{"count":5,"href":"https:\/\/www.fsmasters.lv\/index.php?rest_route=\/wp\/v2\/pages\/3213\/revisions"}],"predecessor-version":[{"id":3218,"href":"https:\/\/www.fsmasters.lv\/index.php?rest_route=\/wp\/v2\/pages\/3213\/revisions\/3218"}],"up":[{"embeddable":true,"href":"https:\/\/www.fsmasters.lv\/index.php?rest_route=\/wp\/v2\/pages\/54"}],"wp:featuredmedia":[{"embeddable":true,"href":"https:\/\/www.fsmasters.lv\/index.php?rest_route=\/wp\/v2\/media\/3015"}],"wp:attachment":[{"href":"https:\/\/www.fsmasters.lv\/index.php?rest_route=%2Fwp%2Fv2%2Fmedia&parent=3213"}],"curies":[{"name":"wp","href":"https:\/\/api.w.org\/{rel}","templated":true}]}}