{"id":2594,"date":"2014-08-29T11:46:24","date_gmt":"2014-08-29T09:46:24","guid":{"rendered":"http:\/\/www.fsmasters.lv\/?page_id=2594"},"modified":"2020-09-21T10:53:08","modified_gmt":"2020-09-21T08:53:08","slug":"ivars-disereits","status":"publish","type":"page","link":"https:\/\/www.fsmasters.lv\/?page_id=2594","title":{"rendered":"Ivars Di\u0161ereits"},"content":{"rendered":"<p><img decoding=\"async\" class=\"alignleft wp-image-5069\" src=\"https:\/\/www.fsmasters.lv\/wp-content\/uploads\/2020\/09\/91_ivars_disereits_19.09.1991.jpg\" alt=\"\" width=\"100\" height=\"149\" srcset=\"https:\/\/www.fsmasters.lv\/wp-content\/uploads\/2020\/09\/91_ivars_disereits_19.09.1991.jpg 820w, https:\/\/www.fsmasters.lv\/wp-content\/uploads\/2020\/09\/91_ivars_disereits_19.09.1991-202x300.jpg 202w, https:\/\/www.fsmasters.lv\/wp-content\/uploads\/2020\/09\/91_ivars_disereits_19.09.1991-768x1143.jpg 768w, https:\/\/www.fsmasters.lv\/wp-content\/uploads\/2020\/09\/91_ivars_disereits_19.09.1991-688x1024.jpg 688w, https:\/\/www.fsmasters.lv\/wp-content\/uploads\/2020\/09\/91_ivars_disereits_19.09.1991-600x900.jpg 600w\" sizes=\"(max-width: 100px) 100vw, 100px\" \/>Dzim\u0161anas dati: <strong>19<\/strong><strong>.09.1991<\/strong><br \/>\nPoz\u012bcija:\u00a0<strong>V\u0101rtsargs<\/strong><br \/>\nNumurs:\u00a0<strong>#91<br \/>\n<\/strong>Augums: <strong>183 cm<\/strong><br \/>\nSvars: <strong>99 kg<br \/>\n<\/strong>Florbol\u0101 kop\u0161:<br \/>\nPirm\u0101 komanda:<br \/>\nKluba sist\u0113m\u0101 kop\u0161: <strong>2014.gada<\/strong><\/p>\n<p>&nbsp;<\/p>\n<p><strong>Statistika Latvijas \u010dempion\u0101t\u0101 kluba komand\u0101s<\/strong><\/p>\n<p><strong>Virsl\u012bga<\/strong><\/p>\n<p><strong><strong>\n<table id=\"wp-table-reloaded-id-143-no-1\" class=\"wp-table-reloaded wp-table-reloaded-id-143\">\n<thead>\n\t<tr class=\"row-1 odd\">\n\t\t<th class=\"column-1\">Sezona<\/th><th class=\"column-2\">Komanda<\/th><th class=\"column-3\">L\u012bga<\/th><th class=\"column-4\">Sp\u0113les<\/th><th class=\"column-5\">Laiks<\/th><th class=\"column-6\">Metieni<\/th><th class=\"column-7\">Ielaisti v\u0101rti<\/th><th class=\"column-8\">Atv.m. %<\/th>\n\t<\/tr>\n<\/thead>\n<tfoot>\n\t<tr class=\"row-8 even\">\n\t\t<th colspan=\"3\" class=\"column-1 colspan-3\">Kop\u0101<\/th><th class=\"column-4\">153<\/th><th class=\"column-5\">6425:13<\/th><th class=\"column-6\">3181<\/th><th class=\"column-7\">555<\/th><th class=\"column-8\">82.55<\/th>\n\t<\/tr>\n<\/tfoot>\n<tbody class=\"row-hover\">\n\t<tr class=\"row-2 even\">\n\t\t<td class=\"column-1\">2019\/2020<\/td><td class=\"column-2\">Latvijas Hipot\u0113ka\/Oxdog Ulbroka<\/td><td class=\"column-3\">Virsl\u012bga<\/td><td class=\"column-4\">24<\/td><td class=\"column-5\">1096:44<\/td><td class=\"column-6\">526<\/td><td class=\"column-7\">80<\/td><td class=\"column-8\">84.79<\/td>\n\t<\/tr>\n\t<tr class=\"row-3 odd\">\n\t\t<td class=\"column-1\">2018\/2019<\/td><td class=\"column-2\">Betsafe Oxdog Ulbroka<\/td><td class=\"column-3\">Virsl\u012bga<\/td><td class=\"column-4\">8<\/td><td class=\"column-5\">270:50<\/td><td class=\"column-6\">120<\/td><td class=\"column-7\">26<\/td><td class=\"column-8\">78.33<\/td>\n\t<\/tr>\n\t<tr class=\"row-4 even\">\n\t\t<td class=\"column-1\">2017\/2018<\/td><td class=\"column-2\">Betsafe\/Ulbroka<\/td><td class=\"column-3\">Virsl\u012bga<\/td><td class=\"column-4\">32<\/td><td class=\"column-5\">1023:09<\/td><td class=\"column-6\">516<\/td><td class=\"column-7\">82<\/td><td class=\"column-8\">84.11<\/td>\n\t<\/tr>\n\t<tr class=\"row-5 odd\">\n\t\t<td class=\"column-1\">2016\/2017<\/td><td class=\"column-2\">Triobet\/Ulbroka<\/td><td class=\"column-3\">Virsl\u012bga<\/td><td class=\"column-4\">34<\/td><td class=\"column-5\">1666:26<\/td><td class=\"column-6\">841<\/td><td class=\"column-7\">138<\/td><td class=\"column-8\">83.59<\/td>\n\t<\/tr>\n\t<tr class=\"row-6 even\">\n\t\t<td class=\"column-1\">2015\/2016<\/td><td class=\"column-2\">Ulbroka\/FS Masters<\/td><td class=\"column-3\">Virsl\u012bga<\/td><td class=\"column-4\">26<\/td><td class=\"column-5\">1068:00<\/td><td class=\"column-6\">560<\/td><td class=\"column-7\">94<\/td><td class=\"column-8\">83.21<\/td>\n\t<\/tr>\n\t<tr class=\"row-7 odd\">\n\t\t<td class=\"column-1\">2014\/2015<\/td><td class=\"column-2\">Ulbroka\/FS Masters<\/td><td class=\"column-3\">Virsl\u012bga<\/td><td class=\"column-4\">29<\/td><td class=\"column-5\">1308:06<\/td><td class=\"column-6\">618<\/td><td class=\"column-7\">135<\/td><td class=\"column-8\">78.16<\/td>\n\t<\/tr>\n<\/tbody>\n<\/table>\n<\/strong><\/strong><\/p>\n","protected":false},"excerpt":{"rendered":"<p>Dzim\u0161anas dati: 19.09.1991 Poz\u012bcija:\u00a0V\u0101rtsargs Numurs:\u00a0#91 Augums: 183 cm Svars: 99 kg Florbol\u0101 kop\u0161: Pirm\u0101 komanda: Kluba sist\u0113m\u0101 kop\u0161: 2014.gada &nbsp; Statistika Latvijas \u010dempion\u0101t\u0101 kluba komand\u0101s Virsl\u012bga<\/p>\n","protected":false},"author":2,"featured_media":0,"parent":40,"menu_order":0,"comment_status":"open","ping_status":"open","template":"","meta":{"footnotes":""},"featured_media_urls":[],"_links":{"self":[{"href":"https:\/\/www.fsmasters.lv\/index.php?rest_route=\/wp\/v2\/pages\/2594"}],"collection":[{"href":"https:\/\/www.fsmasters.lv\/index.php?rest_route=\/wp\/v2\/pages"}],"about":[{"href":"https:\/\/www.fsmasters.lv\/index.php?rest_route=\/wp\/v2\/types\/page"}],"author":[{"embeddable":true,"href":"https:\/\/www.fsmasters.lv\/index.php?rest_route=\/wp\/v2\/users\/2"}],"replies":[{"embeddable":true,"href":"https:\/\/www.fsmasters.lv\/index.php?rest_route=%2Fwp%2Fv2%2Fcomments&post=2594"}],"version-history":[{"count":18,"href":"https:\/\/www.fsmasters.lv\/index.php?rest_route=\/wp\/v2\/pages\/2594\/revisions"}],"predecessor-version":[{"id":5097,"href":"https:\/\/www.fsmasters.lv\/index.php?rest_route=\/wp\/v2\/pages\/2594\/revisions\/5097"}],"up":[{"embeddable":true,"href":"https:\/\/www.fsmasters.lv\/index.php?rest_route=\/wp\/v2\/pages\/40"}],"wp:attachment":[{"href":"https:\/\/www.fsmasters.lv\/index.php?rest_route=%2Fwp%2Fv2%2Fmedia&parent=2594"}],"curies":[{"name":"wp","href":"https:\/\/api.w.org\/{rel}","templated":true}]}}