{"id":2555,"date":"2014-08-26T22:57:41","date_gmt":"2014-08-26T20:57:41","guid":{"rendered":"http:\/\/www.fsmasters.lv\/?page_id=2555"},"modified":"2019-08-22T11:18:23","modified_gmt":"2019-08-22T09:18:23","slug":"edzus-cerins","status":"publish","type":"page","link":"https:\/\/www.fsmasters.lv\/?page_id=2555","title":{"rendered":"Ed\u017eus Ceri\u0146\u0161"},"content":{"rendered":"<p><img decoding=\"async\" class=\"alignleft wp-image-4472\" title=\"Ed\u017eus Ceri\u0146\u0161\" src=\"https:\/\/www.fsmasters.lv\/wp-content\/uploads\/2014\/08\/06EdzusCerins_03.07.1995-150x150.jpg\" alt=\"\" width=\"100\" height=\"149\" srcset=\"https:\/\/www.fsmasters.lv\/wp-content\/uploads\/2014\/08\/06EdzusCerins_03.07.1995-201x300.jpg 201w, https:\/\/www.fsmasters.lv\/wp-content\/uploads\/2014\/08\/06EdzusCerins_03.07.1995-768x1144.jpg 768w, https:\/\/www.fsmasters.lv\/wp-content\/uploads\/2014\/08\/06EdzusCerins_03.07.1995-687x1024.jpg 687w, https:\/\/www.fsmasters.lv\/wp-content\/uploads\/2014\/08\/06EdzusCerins_03.07.1995.jpg 816w\" sizes=\"(max-width: 100px) 100vw, 100px\" \/>Dzim\u0161anas dati: <strong>3.07.1995<\/strong><br \/>\nPoz\u012bcija:\u00a0<strong>Uzbruc\u0113js<\/strong><br \/>\nNumurs:\u00a0<strong>#6<\/strong><br \/>\nAugums:\u00a0<strong>183 cm<\/strong><br \/>\nSvars: <strong>72 kg<br \/>\n<\/strong>Florbol\u0101 kop\u0161: <strong>2008.gada<br \/>\n<\/strong>Pirm\u0101 komanda: <strong>Ulbroka\/Kvinta Plus<br \/>\n<\/strong>Kluba sist\u0113m\u0101 kop\u0161: <strong>2008.gada<\/strong><\/p>\n<p>&nbsp;<\/p>\n<p><span style=\"font-weight: bold;\">Statistika Latvijas \u010dempion\u0101t\u0101 kluba komand\u0101s<\/span><\/p>\n<p><span style=\"font-weight: bold;\">Virsl\u012bga<\/span><\/p>\n<p><strong>\n<table id=\"wp-table-reloaded-id-97-no-1\" class=\"wp-table-reloaded wp-table-reloaded-id-97\">\n<thead>\n\t<tr class=\"row-1 odd\">\n\t\t<th class=\"column-1\">Sezona<\/th><th class=\"column-2\">Komanda<\/th><th class=\"column-3\">L\u012bga<\/th><th class=\"column-4\">Sp\u0113les<\/th><th class=\"column-5\">V\u0101rti<\/th><th class=\"column-6\">Piesp\u0113les<\/th><th class=\"column-7\">Punkti<\/th><th class=\"column-8\">SM<\/th>\n\t<\/tr>\n<\/thead>\n<tfoot>\n\t<tr class=\"row-9 odd\">\n\t\t<th colspan=\"3\" class=\"column-1 colspan-3\">Kop\u0101<\/th><th class=\"column-4\">189<\/th><th class=\"column-5\">177<\/th><th class=\"column-6\">132<\/th><th class=\"column-7\">309<\/th><th class=\"column-8\">133<\/th>\n\t<\/tr>\n<\/tfoot>\n<tbody class=\"row-hover\">\n\t<tr class=\"row-2 even\">\n\t\t<td class=\"column-1\">2019\/2020<\/td><td class=\"column-2\">Latvijas Hipot\u0113ka\/Oxdog Ulbroka<\/td><td class=\"column-3\">Virsl\u012bga<\/td><td class=\"column-4\">23<\/td><td class=\"column-5\">15<\/td><td class=\"column-6\">13<\/td><td class=\"column-7\">28<\/td><td class=\"column-8\">10<\/td>\n\t<\/tr>\n\t<tr class=\"row-3 odd\">\n\t\t<td class=\"column-1\">2018\/2019<\/td><td class=\"column-2\">Betsafe Oxdog Ulbroka<\/td><td class=\"column-3\">Virsl\u012bga<\/td><td class=\"column-4\">31<\/td><td class=\"column-5\">29<\/td><td class=\"column-6\">29<\/td><td class=\"column-7\">58<\/td><td class=\"column-8\">20<\/td>\n\t<\/tr>\n\t<tr class=\"row-4 even\">\n\t\t<td class=\"column-1\">2017\/2018<\/td><td class=\"column-2\">Betsafe\/Ulbroka<\/td><td class=\"column-3\">Virsl\u012bga<\/td><td class=\"column-4\">32<\/td><td class=\"column-5\">27<\/td><td class=\"column-6\">15<\/td><td class=\"column-7\">42<\/td><td class=\"column-8\">21<\/td>\n\t<\/tr>\n\t<tr class=\"row-5 odd\">\n\t\t<td class=\"column-1\">2016\/2017<\/td><td class=\"column-2\">Triobet\/Ulbroka<\/td><td class=\"column-3\">Virsl\u012bga<\/td><td class=\"column-4\">26<\/td><td class=\"column-5\">25<\/td><td class=\"column-6\">16<\/td><td class=\"column-7\">41<\/td><td class=\"column-8\">21<\/td>\n\t<\/tr>\n\t<tr class=\"row-6 even\">\n\t\t<td class=\"column-1\">2015\/2016<\/td><td class=\"column-2\">Ulbroka\/FS Masters<\/td><td class=\"column-3\">Virsl\u012bga<\/td><td class=\"column-4\">21<\/td><td class=\"column-5\">15<\/td><td class=\"column-6\">12<\/td><td class=\"column-7\">27<\/td><td class=\"column-8\">17<\/td>\n\t<\/tr>\n\t<tr class=\"row-7 odd\">\n\t\t<td class=\"column-1\">2014\/2015<\/td><td class=\"column-2\">Ulbroka\/FS Masters<\/td><td class=\"column-3\">Virsl\u012bga<\/td><td class=\"column-4\">30<\/td><td class=\"column-5\">34<\/td><td class=\"column-6\">24<\/td><td class=\"column-7\">58<\/td><td class=\"column-8\">22<\/td>\n\t<\/tr>\n\t<tr class=\"row-8 even\">\n\t\t<td class=\"column-1\">2013\/2014<\/td><td class=\"column-2\">Ulbroka\/FS Masters<\/td><td class=\"column-3\">Virsl\u012bga<\/td><td class=\"column-4\">26<\/td><td class=\"column-5\">32<\/td><td class=\"column-6\">23<\/td><td class=\"column-7\">55<\/td><td class=\"column-8\">22<\/td>\n\t<\/tr>\n<\/tbody>\n<\/table>\n<\/strong><\/p>\n<p><strong>Farmklubs<\/strong><\/p>\n<p><strong>\n<table id=\"wp-table-reloaded-id-108-no-1\" class=\"wp-table-reloaded wp-table-reloaded-id-108\">\n<thead>\n\t<tr class=\"row-1 odd\">\n\t\t<th class=\"column-1\">Sezona<\/th><th class=\"column-2\">Komanda<\/th><th class=\"column-3\">L\u012bga<\/th><th class=\"column-4\">Sp\u0113les<\/th><th class=\"column-5\">V\u0101rti<\/th><th class=\"column-6\">Piesp\u0113les<\/th><th class=\"column-7\">Punkti<\/th><th class=\"column-8\">SM<\/th>\n\t<\/tr>\n<\/thead>\n<tfoot>\n\t<tr class=\"row-4 even\">\n\t\t<th colspan=\"3\" class=\"column-1 colspan-3\">Kop\u0101<\/th><th class=\"column-4\">6<\/th><th class=\"column-5\">11<\/th><th class=\"column-6\">6<\/th><th class=\"column-7\">17<\/th><th class=\"column-8\">2<\/th>\n\t<\/tr>\n<\/tfoot>\n<tbody class=\"row-hover\">\n\t<tr class=\"row-2 even\">\n\t\t<td class=\"column-1\">2014\/2015<\/td><td class=\"column-2\">LU\/FS Masters<\/td><td class=\"column-3\">1.l\u012bga<\/td><td class=\"column-4\">1<\/td><td class=\"column-5\">1<\/td><td class=\"column-6\">1<\/td><td class=\"column-7\">2<\/td><td class=\"column-8\">0<\/td>\n\t<\/tr>\n\t<tr class=\"row-3 odd\">\n\t\t<td class=\"column-1\">2013\/2014<\/td><td class=\"column-2\">LU\/FS Masters<\/td><td class=\"column-3\">1.l\u012bga<\/td><td class=\"column-4\">5<\/td><td class=\"column-5\">10<\/td><td class=\"column-6\">5<\/td><td class=\"column-7\">15<\/td><td class=\"column-8\">2<\/td>\n\t<\/tr>\n<\/tbody>\n<\/table>\n<\/strong><\/p>\n<p><strong>Juniori<\/strong><\/p>\n<p><strong><strong>\n<table id=\"wp-table-reloaded-id-122-no-1\" class=\"wp-table-reloaded wp-table-reloaded-id-122\">\n<thead>\n\t<tr class=\"row-1 odd\">\n\t\t<th class=\"column-1\">Sezona<\/th><th class=\"column-2\">Komanda<\/th><th class=\"column-3\">L\u012bga<\/th><th class=\"column-4\">Sp\u0113les<\/th><th class=\"column-5\">V\u0101rti<\/th><th class=\"column-6\">Piesp\u0113les<\/th><th class=\"column-7\">Punkti<\/th><th class=\"column-8\">SM<\/th>\n\t<\/tr>\n<\/thead>\n<tfoot>\n\t<tr class=\"row-11 odd\">\n\t\t<th colspan=\"3\" class=\"column-1 colspan-3\">Kop\u0101<\/th><th class=\"column-4\">142<\/th><th class=\"column-5\">283<\/th><th class=\"column-6\">130<\/th><th class=\"column-7\">413<\/th><th class=\"column-8\">40<\/th>\n\t<\/tr>\n<\/tfoot>\n<tbody class=\"row-hover\">\n\t<tr class=\"row-2 even\">\n\t\t<td class=\"column-1\">2013\/2014<\/td><td class=\"column-2\">FS Masters\/Ulbroka<\/td><td class=\"column-3\">U-18<\/td><td class=\"column-4\">19<\/td><td class=\"column-5\">61<\/td><td class=\"column-6\">30<\/td><td class=\"column-7\">91<\/td><td class=\"column-8\">8<\/td>\n\t<\/tr>\n\t<tr class=\"row-3 odd\">\n\t\t<td class=\"column-1\">2012\/2013<\/td><td class=\"column-2\">FS Masters\/Ulbroka<\/td><td class=\"column-3\">U-18<\/td><td class=\"column-4\">11<\/td><td class=\"column-5\">18<\/td><td class=\"column-6\">16<\/td><td class=\"column-7\">34<\/td><td class=\"column-8\">2<\/td>\n\t<\/tr>\n\t<tr class=\"row-4 even\">\n\t\t<td class=\"column-1\">2011\/2012<\/td><td class=\"column-2\">FS Masters\/Ulbroka<\/td><td class=\"column-3\">U-18<\/td><td class=\"column-4\">10<\/td><td class=\"column-5\">11<\/td><td class=\"column-6\">12<\/td><td class=\"column-7\">23<\/td><td class=\"column-8\">4<\/td>\n\t<\/tr>\n\t<tr class=\"row-5 odd\">\n\t\t<td class=\"column-1\">2011\/2012<\/td><td class=\"column-2\">FS Masters\/Ulbroka<\/td><td class=\"column-3\">U-16<\/td><td class=\"column-4\">15<\/td><td class=\"column-5\">37<\/td><td class=\"column-6\">17<\/td><td class=\"column-7\">54<\/td><td class=\"column-8\">14<\/td>\n\t<\/tr>\n\t<tr class=\"row-6 even\">\n\t\t<td class=\"column-1\">2010\/2011<\/td><td class=\"column-2\">FS Masters\/Ulbroka<\/td><td class=\"column-3\">U-16<\/td><td class=\"column-4\">23<\/td><td class=\"column-5\">79<\/td><td class=\"column-6\">27<\/td><td class=\"column-7\">106<\/td><td class=\"column-8\">8<\/td>\n\t<\/tr>\n\t<tr class=\"row-7 odd\">\n\t\t<td class=\"column-1\">2009\/2010<\/td><td class=\"column-2\">Ulbroka<\/td><td class=\"column-3\">U-16<\/td><td class=\"column-4\">10<\/td><td class=\"column-5\">6<\/td><td class=\"column-6\">3<\/td><td class=\"column-7\">9<\/td><td class=\"column-8\">0<\/td>\n\t<\/tr>\n\t<tr class=\"row-8 even\">\n\t\t<td class=\"column-1\">2009\/2010<\/td><td class=\"column-2\">Ulbroka<\/td><td class=\"column-3\">U-14<\/td><td class=\"column-4\">12<\/td><td class=\"column-5\">27<\/td><td class=\"column-6\">12<\/td><td class=\"column-7\">39<\/td><td class=\"column-8\">4<\/td>\n\t<\/tr>\n\t<tr class=\"row-9 odd\">\n\t\t<td class=\"column-1\">2008\/2009<\/td><td class=\"column-2\">Ulbroka<\/td><td class=\"column-3\">U-16<\/td><td class=\"column-4\">21<\/td><td class=\"column-5\">8<\/td><td class=\"column-6\">1<\/td><td class=\"column-7\">9<\/td><td class=\"column-8\">0<\/td>\n\t<\/tr>\n\t<tr class=\"row-10 even\">\n\t\t<td class=\"column-1\">2008\/2009<\/td><td class=\"column-2\">Ulbroka\/Kvinta Plus<\/td><td class=\"column-3\">U-14<\/td><td class=\"column-4\">21<\/td><td class=\"column-5\">36<\/td><td class=\"column-6\">12<\/td><td class=\"column-7\">48<\/td><td class=\"column-8\">0<\/td>\n\t<\/tr>\n<\/tbody>\n<\/table>\n<\/strong><\/strong><\/p>\n","protected":false},"excerpt":{"rendered":"<p>Dzim\u0161anas dati: 3.07.1995 Poz\u012bcija:\u00a0Uzbruc\u0113js Numurs:\u00a0#6 Augums:\u00a0183 cm Svars: 72 kg Florbol\u0101 kop\u0161: 2008.gada Pirm\u0101 komanda: Ulbroka\/Kvinta Plus Kluba sist\u0113m\u0101 kop\u0161: 2008.gada &nbsp; Statistika Latvijas \u010dempion\u0101t\u0101 kluba komand\u0101s Virsl\u012bga Farmklubs Juniori<\/p>\n","protected":false},"author":2,"featured_media":0,"parent":40,"menu_order":0,"comment_status":"open","ping_status":"open","template":"","meta":{"footnotes":""},"featured_media_urls":[],"_links":{"self":[{"href":"https:\/\/www.fsmasters.lv\/index.php?rest_route=\/wp\/v2\/pages\/2555"}],"collection":[{"href":"https:\/\/www.fsmasters.lv\/index.php?rest_route=\/wp\/v2\/pages"}],"about":[{"href":"https:\/\/www.fsmasters.lv\/index.php?rest_route=\/wp\/v2\/types\/page"}],"author":[{"embeddable":true,"href":"https:\/\/www.fsmasters.lv\/index.php?rest_route=\/wp\/v2\/users\/2"}],"replies":[{"embeddable":true,"href":"https:\/\/www.fsmasters.lv\/index.php?rest_route=%2Fwp%2Fv2%2Fcomments&post=2555"}],"version-history":[{"count":26,"href":"https:\/\/www.fsmasters.lv\/index.php?rest_route=\/wp\/v2\/pages\/2555\/revisions"}],"predecessor-version":[{"id":5557,"href":"https:\/\/www.fsmasters.lv\/index.php?rest_route=\/wp\/v2\/pages\/2555\/revisions\/5557"}],"up":[{"embeddable":true,"href":"https:\/\/www.fsmasters.lv\/index.php?rest_route=\/wp\/v2\/pages\/40"}],"wp:attachment":[{"href":"https:\/\/www.fsmasters.lv\/index.php?rest_route=%2Fwp%2Fv2%2Fmedia&parent=2555"}],"curies":[{"name":"wp","href":"https:\/\/api.w.org\/{rel}","templated":true}]}}