{"id":2508,"date":"2014-08-25T14:16:02","date_gmt":"2014-08-25T12:16:02","guid":{"rendered":"http:\/\/www.fsmasters.lv\/?page_id=2508"},"modified":"2020-09-21T10:53:56","modified_gmt":"2020-09-21T08:53:56","slug":"karlis-petrovskis","status":"publish","type":"page","link":"https:\/\/www.fsmasters.lv\/?page_id=2508","title":{"rendered":"K\u0101rlis Petrovskis"},"content":{"rendered":"<p><img decoding=\"async\" class=\"alignleft wp-image-5055\" src=\"https:\/\/www.fsmasters.lv\/wp-content\/uploads\/2020\/09\/10_karlis_petrovskis_18.07.1998.jpg\" alt=\"\" width=\"100\" height=\"149\" srcset=\"https:\/\/www.fsmasters.lv\/wp-content\/uploads\/2020\/09\/10_karlis_petrovskis_18.07.1998.jpg 820w, https:\/\/www.fsmasters.lv\/wp-content\/uploads\/2020\/09\/10_karlis_petrovskis_18.07.1998-202x300.jpg 202w, https:\/\/www.fsmasters.lv\/wp-content\/uploads\/2020\/09\/10_karlis_petrovskis_18.07.1998-768x1143.jpg 768w, https:\/\/www.fsmasters.lv\/wp-content\/uploads\/2020\/09\/10_karlis_petrovskis_18.07.1998-688x1024.jpg 688w, https:\/\/www.fsmasters.lv\/wp-content\/uploads\/2020\/09\/10_karlis_petrovskis_18.07.1998-600x900.jpg 600w\" sizes=\"(max-width: 100px) 100vw, 100px\" \/>Dzim\u0161anas dati:\u00a0<strong>18.07.1998<br \/>\n<\/strong>Poz\u012bcija:\u00a0<strong>Aizsargs<br \/>\n<\/strong>Numurs:<strong> #10<br \/>\n<\/strong>Augums:\u00a0<strong>186 cm<br \/>\n<\/strong>Svars: <strong>84 kg<br \/>\n<\/strong>Florbol\u0101 kop\u0161: <strong>2009.gada<br \/>\n<\/strong>Pirm\u0101 komanda:\u00a0<strong>FS Masters\/Ulbroka<br \/>\n<\/strong>Kluba sist\u0113m\u0101 kop\u0161:\u00a0<strong>2009.gada<\/strong><\/p>\n<p>&nbsp;<\/p>\n<p><span style=\"font-weight: bold;\">Statistika Latvijas \u010dempion\u0101t\u0101 kluba komand\u0101s<\/span><\/p>\n<p><span style=\"font-weight: bold;\">Virsl\u012bga<\/span><\/p>\n\n<table id=\"wp-table-reloaded-id-99-no-1\" class=\"wp-table-reloaded wp-table-reloaded-id-99\">\n<thead>\n\t<tr class=\"row-1 odd\">\n\t\t<th class=\"column-1\">Sezona<\/th><th class=\"column-2\">Komanda<\/th><th class=\"column-3\">L\u012bga<\/th><th class=\"column-4\">Sp\u0113les<\/th><th class=\"column-5\">V\u0101rti<\/th><th class=\"column-6\">Piesp\u0113les<\/th><th class=\"column-7\">Punkti<\/th><th class=\"column-8\">SM<\/th>\n\t<\/tr>\n<\/thead>\n<tfoot>\n\t<tr class=\"row-9 odd\">\n\t\t<th colspan=\"3\" class=\"column-1 colspan-3\">Kop\u0101<\/th><th class=\"column-4\">181<\/th><th class=\"column-5\">64<\/th><th class=\"column-6\">53<\/th><th class=\"column-7\">115<\/th><th class=\"column-8\">99<\/th>\n\t<\/tr>\n<\/tfoot>\n<tbody class=\"row-hover\">\n\t<tr class=\"row-2 even\">\n\t\t<td class=\"column-1\">2019\/2020<\/td><td class=\"column-2\">Latvijas Hipot\u0113ka\/Oxdog Ulbroka<\/td><td class=\"column-3\">Virsl\u012bga<\/td><td class=\"column-4\">22<\/td><td class=\"column-5\">2<\/td><td class=\"column-6\">7<\/td><td class=\"column-7\">9<\/td><td class=\"column-8\">2<\/td>\n\t<\/tr>\n\t<tr class=\"row-3 odd\">\n\t\t<td class=\"column-1\">2018\/2019<\/td><td class=\"column-2\">Betsafe Oxdog Ulbroka<\/td><td class=\"column-3\">Virsl\u012bga<\/td><td class=\"column-4\">31<\/td><td class=\"column-5\">14<\/td><td class=\"column-6\">8<\/td><td class=\"column-7\">22<\/td><td class=\"column-8\">22<\/td>\n\t<\/tr>\n\t<tr class=\"row-4 even\">\n\t\t<td class=\"column-1\">2017\/2018<\/td><td class=\"column-2\">Betsafe\/Ulbroka<\/td><td class=\"column-3\">Virsl\u012bga<\/td><td class=\"column-4\">33<\/td><td class=\"column-5\">9<\/td><td class=\"column-6\">11<\/td><td class=\"column-7\">20<\/td><td class=\"column-8\">25<\/td>\n\t<\/tr>\n\t<tr class=\"row-5 odd\">\n\t\t<td class=\"column-1\">2016\/2017<\/td><td class=\"column-2\">Triobet\/Ulbroka<\/td><td class=\"column-3\">Virsl\u012bga<\/td><td class=\"column-4\">33<\/td><td class=\"column-5\">20<\/td><td class=\"column-6\">15<\/td><td class=\"column-7\">35<\/td><td class=\"column-8\">16<\/td>\n\t<\/tr>\n\t<tr class=\"row-6 even\">\n\t\t<td class=\"column-1\">2015\/2016<\/td><td class=\"column-2\">Ulbroka\/FS Masters<\/td><td class=\"column-3\">Virsl\u012bga<\/td><td class=\"column-4\">32<\/td><td class=\"column-5\">12<\/td><td class=\"column-6\">7<\/td><td class=\"column-7\">19<\/td><td class=\"column-8\">24<\/td>\n\t<\/tr>\n\t<tr class=\"row-7 odd\">\n\t\t<td class=\"column-1\">2014\/2015<\/td><td class=\"column-2\">Ulbroka\/FS Masters<\/td><td class=\"column-3\">Virsl\u012bga<\/td><td class=\"column-4\">27<\/td><td class=\"column-5\">5<\/td><td class=\"column-6\">5<\/td><td class=\"column-7\">10<\/td><td class=\"column-8\">10<\/td>\n\t<\/tr>\n\t<tr class=\"row-8 even\">\n\t\t<td class=\"column-1\">2013\/2014<\/td><td class=\"column-2\">Ulbroka\/FS Masters<\/td><td class=\"column-3\">Virsl\u012bga<\/td><td class=\"column-4\">3<\/td><td class=\"column-5\">0<\/td><td class=\"column-6\">0<\/td><td class=\"column-7\">0<\/td><td class=\"column-8\">0<\/td>\n\t<\/tr>\n<\/tbody>\n<\/table>\n\n<p><strong>Farmklubs<\/strong><\/p>\n<p><strong>\n<table id=\"wp-table-reloaded-id-104-no-1\" class=\"wp-table-reloaded wp-table-reloaded-id-104\">\n<thead>\n\t<tr class=\"row-1 odd\">\n\t\t<th class=\"column-1\">Sezona<\/th><th class=\"column-2\">Komanda<\/th><th class=\"column-3\">L\u012bga<\/th><th class=\"column-4\">Sp\u0113les<\/th><th class=\"column-5\">V\u0101rti<\/th><th class=\"column-6\">Piesp\u0113les<\/th><th class=\"column-7\">Punkti<\/th><th class=\"column-8\">SM<\/th>\n\t<\/tr>\n<\/thead>\n<tfoot>\n\t<tr class=\"row-4 even\">\n\t\t<th colspan=\"3\" class=\"column-1 colspan-3\">Kop\u0101<\/th><th class=\"column-4\">25<\/th><th class=\"column-5\">5<\/th><th class=\"column-6\">8<\/th><th class=\"column-7\">13<\/th><th class=\"column-8\">22<\/th>\n\t<\/tr>\n<\/tfoot>\n<tbody class=\"row-hover\">\n\t<tr class=\"row-2 even\">\n\t\t<td class=\"column-1\">2014\/2015<\/td><td class=\"column-2\">LU\/FS Masters<\/td><td class=\"column-3\">1.l\u012bga<\/td><td class=\"column-4\">3<\/td><td class=\"column-5\">0<\/td><td class=\"column-6\">1<\/td><td class=\"column-7\">1<\/td><td class=\"column-8\">6<\/td>\n\t<\/tr>\n\t<tr class=\"row-3 odd\">\n\t\t<td class=\"column-1\">2013\/2014<\/td><td class=\"column-2\">LU\/FS Masters<\/td><td class=\"column-3\">1.l\u012bga<\/td><td class=\"column-4\">22<\/td><td class=\"column-5\">5<\/td><td class=\"column-6\">7<\/td><td class=\"column-7\">12<\/td><td class=\"column-8\">16<\/td>\n\t<\/tr>\n<\/tbody>\n<\/table>\n<\/strong><\/p>\n<p><strong>Juniori<\/strong><\/p>\n<p><strong>\n<table id=\"wp-table-reloaded-id-105-no-1\" class=\"wp-table-reloaded wp-table-reloaded-id-105\">\n<thead>\n\t<tr class=\"row-1 odd\">\n\t\t<th class=\"column-1\">Sezona<\/th><th class=\"column-2\">Komanda<\/th><th class=\"column-3\">L\u012bga<\/th><th class=\"column-4\">Sp\u0113les<\/th><th class=\"column-5\">V\u0101rti<\/th><th class=\"column-6\">Piesp\u0113les<\/th><th class=\"column-7\">Punkti<\/th><th class=\"column-8\">SM<\/th>\n\t<\/tr>\n<\/thead>\n<tfoot>\n\t<tr class=\"row-12 even\">\n\t\t<th colspan=\"3\" class=\"column-1 colspan-3\">Kop\u0101<\/th><th class=\"column-4\">144<\/th><th class=\"column-5\">101<\/th><th class=\"column-6\">97<\/th><th class=\"column-7\">198<\/th><th class=\"column-8\">46<\/th>\n\t<\/tr>\n<\/tfoot>\n<tbody class=\"row-hover\">\n\t<tr class=\"row-2 even\">\n\t\t<td class=\"column-1\">2014\/2015<\/td><td class=\"column-2\">FS Masters\/Ulbroka<\/td><td class=\"column-3\">U-18<\/td><td class=\"column-4\">13<\/td><td class=\"column-5\">4<\/td><td class=\"column-6\">6<\/td><td class=\"column-7\">10<\/td><td class=\"column-8\">6<\/td>\n\t<\/tr>\n\t<tr class=\"row-3 odd\">\n\t\t<td class=\"column-1\">2014\/2015<\/td><td class=\"column-2\">FS Masters\/Ulbroka<\/td><td class=\"column-3\">U-16<\/td><td class=\"column-4\">16<\/td><td class=\"column-5\">14<\/td><td class=\"column-6\">13<\/td><td class=\"column-7\">27<\/td><td class=\"column-8\">6<\/td>\n\t<\/tr>\n\t<tr class=\"row-4 even\">\n\t\t<td class=\"column-1\">2013\/2014<\/td><td class=\"column-2\">FS Masters\/Ulbroka<\/td><td class=\"column-3\">U-18<\/td><td class=\"column-4\">23<\/td><td class=\"column-5\">15<\/td><td class=\"column-6\">14<\/td><td class=\"column-7\">29<\/td><td class=\"column-8\">12<\/td>\n\t<\/tr>\n\t<tr class=\"row-5 odd\">\n\t\t<td class=\"column-1\">2013\/2014<\/td><td class=\"column-2\">FS Masters\/Ulbroka<\/td><td class=\"column-3\">U-16<\/td><td class=\"column-4\">19<\/td><td class=\"column-5\">14<\/td><td class=\"column-6\">13<\/td><td class=\"column-7\">27<\/td><td class=\"column-8\">6<\/td>\n\t<\/tr>\n\t<tr class=\"row-6 even\">\n\t\t<td class=\"column-1\">2012\/2013<\/td><td class=\"column-2\">FS Masters\/Ulbroka<\/td><td class=\"column-3\">U-16<\/td><td class=\"column-4\">3<\/td><td class=\"column-5\">0<\/td><td class=\"column-6\">0<\/td><td class=\"column-7\">0<\/td><td class=\"column-8\">0<\/td>\n\t<\/tr>\n\t<tr class=\"row-7 odd\">\n\t\t<td class=\"column-1\">2012\/2013<\/td><td class=\"column-2\">FS Masters\/Ulbroka<\/td><td class=\"column-3\">U-14<\/td><td class=\"column-4\">16<\/td><td class=\"column-5\">19<\/td><td class=\"column-6\">20<\/td><td class=\"column-7\">39<\/td><td class=\"column-8\">4<\/td>\n\t<\/tr>\n\t<tr class=\"row-8 even\">\n\t\t<td class=\"column-1\">2011\/2012<\/td><td class=\"column-2\">FS Masters\/Ulbroka<\/td><td class=\"column-3\">U-14<\/td><td class=\"column-4\">11<\/td><td class=\"column-5\">1<\/td><td class=\"column-6\">3<\/td><td class=\"column-7\">4<\/td><td class=\"column-8\">2<\/td>\n\t<\/tr>\n\t<tr class=\"row-9 odd\">\n\t\t<td class=\"column-1\">2010\/2011<\/td><td class=\"column-2\">FS Masters\/Ulbroka<\/td><td class=\"column-3\">U-14<\/td><td class=\"column-4\">8<\/td><td class=\"column-5\">13<\/td><td class=\"column-6\">4<\/td><td class=\"column-7\">17<\/td><td class=\"column-8\">2<\/td>\n\t<\/tr>\n\t<tr class=\"row-10 even\">\n\t\t<td class=\"column-1\">2010\/2011<\/td><td class=\"column-2\">FS Masters\/Ulbroka<\/td><td class=\"column-3\">U-12<\/td><td class=\"column-4\">23<\/td><td class=\"column-5\">18<\/td><td class=\"column-6\">15<\/td><td class=\"column-7\">33<\/td><td class=\"column-8\">4<\/td>\n\t<\/tr>\n\t<tr class=\"row-11 odd\">\n\t\t<td class=\"column-1\">2009\/2010<\/td><td class=\"column-2\">Ulbroka<\/td><td class=\"column-3\">U-12<\/td><td class=\"column-4\">12<\/td><td class=\"column-5\">3<\/td><td class=\"column-6\">2<\/td><td class=\"column-7\">5<\/td><td class=\"column-8\">4<\/td>\n\t<\/tr>\n<\/tbody>\n<\/table>\n<\/strong><\/p>\n","protected":false},"excerpt":{"rendered":"<p>Dzim\u0161anas dati:\u00a018.07.1998 Poz\u012bcija:\u00a0Aizsargs Numurs: #10 Augums:\u00a0186 cm Svars: 84 kg Florbol\u0101 kop\u0161: 2009.gada Pirm\u0101 komanda:\u00a0FS Masters\/Ulbroka Kluba sist\u0113m\u0101 kop\u0161:\u00a02009.gada &nbsp; Statistika Latvijas \u010dempion\u0101t\u0101 kluba komand\u0101s Virsl\u012bga Farmklubs Juniori<\/p>\n","protected":false},"author":2,"featured_media":0,"parent":40,"menu_order":0,"comment_status":"open","ping_status":"open","template":"","meta":{"footnotes":""},"featured_media_urls":[],"_links":{"self":[{"href":"https:\/\/www.fsmasters.lv\/index.php?rest_route=\/wp\/v2\/pages\/2508"}],"collection":[{"href":"https:\/\/www.fsmasters.lv\/index.php?rest_route=\/wp\/v2\/pages"}],"about":[{"href":"https:\/\/www.fsmasters.lv\/index.php?rest_route=\/wp\/v2\/types\/page"}],"author":[{"embeddable":true,"href":"https:\/\/www.fsmasters.lv\/index.php?rest_route=\/wp\/v2\/users\/2"}],"replies":[{"embeddable":true,"href":"https:\/\/www.fsmasters.lv\/index.php?rest_route=%2Fwp%2Fv2%2Fcomments&post=2508"}],"version-history":[{"count":27,"href":"https:\/\/www.fsmasters.lv\/index.php?rest_route=\/wp\/v2\/pages\/2508\/revisions"}],"predecessor-version":[{"id":5098,"href":"https:\/\/www.fsmasters.lv\/index.php?rest_route=\/wp\/v2\/pages\/2508\/revisions\/5098"}],"up":[{"embeddable":true,"href":"https:\/\/www.fsmasters.lv\/index.php?rest_route=\/wp\/v2\/pages\/40"}],"wp:attachment":[{"href":"https:\/\/www.fsmasters.lv\/index.php?rest_route=%2Fwp%2Fv2%2Fmedia&parent=2508"}],"curies":[{"name":"wp","href":"https:\/\/api.w.org\/{rel}","templated":true}]}}