{"id":17,"date":"2010-07-14T10:26:50","date_gmt":"2010-07-14T08:26:50","guid":{"rendered":"http:\/\/www.fsmasters.lv\/?page_id=17"},"modified":"2025-09-11T12:55:28","modified_gmt":"2025-09-11T10:55:28","slug":"treneri","status":"publish","type":"page","link":"https:\/\/www.fsmasters.lv\/?page_id=17","title":{"rendered":"Treneri"},"content":{"rendered":"\n<p>FS &#8220;Masters&#8221; sav\u0101 kolekt\u012bv\u0101 apvienoju\u0161i vienus no sp\u0113c\u012bg\u0101kajiem un paz\u012bstam\u0101kajiem florbola treneriem Latvij\u0101, kuri ir pieredz\u0113ju\u0161i profesion\u0101\u013ci. \u0160ie treneri Latvij\u0101 jau ir darboju\u0161ies gan k\u0101 komandu un izla\u0161u galvenie treneri, gan k\u0101 konsultanti. Treneri ar\u012b k\u0101 sp\u0113l\u0113t\u0101ji piedal\u012bju\u0161ies gan Pasaules \u010dempion\u0101tos, gan Eiropas kausa fin\u0101lturn\u012bros un vair\u0101kk\u0101rt ieguvu\u0161i zelta meda\u013cas tepat Latvij\u0101. Ieg\u016bt\u0101 pieredze mudina florbolu Latvij\u0101 veidot augst\u0101k\u0101 l\u012bmen\u012b. FS &#8220;Masters&#8221; treneri ir pieredz\u0113ju\u0161i str\u0101d\u0101t ar da\u017e\u0101da vecuma grup\u0101m un sagatavot\u012bbas l\u012bme\u0146iem, piel\u0101gojoties un atrodot profesion\u0101lu pieeju katram sp\u0113l\u0113t\u0101jam individu\u0101li un grupai kopum\u0101.<\/p>\n\n\n\n<div class=\"wp-block-columns is-layout-flex wp-container-core-columns-layout-1 wp-block-columns-is-layout-flex\">\n<div class=\"wp-block-column is-layout-flow wp-block-column-is-layout-flow\">\n<figure class=\"wp-block-image size-large\"><a href=\"https:\/\/www.fsmasters.lv\/?page_id=46\"><img fetchpriority=\"high\" decoding=\"async\" width=\"768\" height=\"1024\" src=\"https:\/\/www.fsmasters.lv\/wp-content\/uploads\/2025\/09\/WAPilups-768x1024.jpg\" alt=\"\" class=\"wp-image-6830\" srcset=\"https:\/\/www.fsmasters.lv\/wp-content\/uploads\/2025\/09\/WAPilups-768x1024.jpg 768w, https:\/\/www.fsmasters.lv\/wp-content\/uploads\/2025\/09\/WAPilups-225x300.jpg 225w, https:\/\/www.fsmasters.lv\/wp-content\/uploads\/2025\/09\/WAPilups.jpg 800w\" sizes=\"(max-width: 768px) 100vw, 768px\" \/><\/a><\/figure>\n\n\n\n<p class=\"has-text-align-center\">Andris P\u012blups<\/p>\n<\/div>\n\n\n\n<div class=\"wp-block-column is-layout-flow wp-block-column-is-layout-flow\">\n<figure class=\"wp-block-image size-large\"><a href=\"https:\/\/www.fsmasters.lv\/?page_id=147\"><img decoding=\"async\" width=\"768\" height=\"1024\" src=\"https:\/\/www.fsmasters.lv\/wp-content\/uploads\/2025\/09\/WAJuskevics-768x1024.jpg\" alt=\"\" class=\"wp-image-6829\" srcset=\"https:\/\/www.fsmasters.lv\/wp-content\/uploads\/2025\/09\/WAJuskevics-768x1024.jpg 768w, https:\/\/www.fsmasters.lv\/wp-content\/uploads\/2025\/09\/WAJuskevics-225x300.jpg 225w, https:\/\/www.fsmasters.lv\/wp-content\/uploads\/2025\/09\/WAJuskevics.jpg 800w\" sizes=\"(max-width: 768px) 100vw, 768px\" \/><\/a><\/figure>\n\n\n\n<p class=\"has-text-align-center\">Ain\u0101rs Ju\u0161k\u0113vi\u010ds<\/p>\n<\/div>\n\n\n\n<div class=\"wp-block-column is-layout-flow wp-block-column-is-layout-flow\">\n<figure class=\"wp-block-image size-large\"><a href=\"https:\/\/www.fsmasters.lv\/?page_id=333\"><img decoding=\"async\" width=\"768\" height=\"1024\" src=\"https:\/\/www.fsmasters.lv\/wp-content\/uploads\/2025\/09\/WRVikanis-768x1024.jpg\" alt=\"\" class=\"wp-image-6828\" srcset=\"https:\/\/www.fsmasters.lv\/wp-content\/uploads\/2025\/09\/WRVikanis-768x1024.jpg 768w, https:\/\/www.fsmasters.lv\/wp-content\/uploads\/2025\/09\/WRVikanis-225x300.jpg 225w, https:\/\/www.fsmasters.lv\/wp-content\/uploads\/2025\/09\/WRVikanis.jpg 800w\" sizes=\"(max-width: 768px) 100vw, 768px\" \/><\/a><\/figure>\n\n\n\n<p class=\"has-text-align-center\">Rem\u0101rs Vik\u0101nis<\/p>\n<\/div>\n\n\n\n<div class=\"wp-block-column is-layout-flow wp-block-column-is-layout-flow\">\n<figure class=\"wp-block-image size-large\"><a href=\"https:\/\/www.fsmasters.lv\/?page_id=4956\"><img loading=\"lazy\" decoding=\"async\" width=\"768\" height=\"1024\" src=\"https:\/\/www.fsmasters.lv\/wp-content\/uploads\/2025\/09\/GVinbergs-768x1024.jpg\" alt=\"\" class=\"wp-image-6855\" srcset=\"https:\/\/www.fsmasters.lv\/wp-content\/uploads\/2025\/09\/GVinbergs-768x1024.jpg 768w, https:\/\/www.fsmasters.lv\/wp-content\/uploads\/2025\/09\/GVinbergs-225x300.jpg 225w, https:\/\/www.fsmasters.lv\/wp-content\/uploads\/2025\/09\/GVinbergs.jpg 800w\" sizes=\"(max-width: 768px) 100vw, 768px\" \/><\/a><\/figure>\n\n\n\n<p class=\"has-text-align-center\">Gints V\u012bnbergs<\/p>\n<\/div>\n\n\n\n<div class=\"wp-block-column is-layout-flow wp-block-column-is-layout-flow\">\n<figure class=\"wp-block-image size-large\"><a href=\"https:\/\/www.fsmasters.lv\/?page_id=6820\"><img loading=\"lazy\" decoding=\"async\" width=\"768\" height=\"1024\" src=\"https:\/\/www.fsmasters.lv\/wp-content\/uploads\/2025\/09\/WKTiltins-768x1024.jpg\" alt=\"\" class=\"wp-image-6831\" srcset=\"https:\/\/www.fsmasters.lv\/wp-content\/uploads\/2025\/09\/WKTiltins-768x1024.jpg 768w, https:\/\/www.fsmasters.lv\/wp-content\/uploads\/2025\/09\/WKTiltins-225x300.jpg 225w, https:\/\/www.fsmasters.lv\/wp-content\/uploads\/2025\/09\/WKTiltins.jpg 800w\" sizes=\"(max-width: 768px) 100vw, 768px\" \/><\/a><\/figure>\n\n\n\n<p class=\"has-text-align-center\">Kri\u0161j\u0101nis Tilti\u0146\u0161<\/p>\n<\/div>\n<\/div>\n","protected":false},"excerpt":{"rendered":"<p>FS &#8220;Masters&#8221; sav\u0101 kolekt\u012bv\u0101 apvienoju\u0161i vienus no sp\u0113c\u012bg\u0101kajiem un paz\u012bstam\u0101kajiem florbola treneriem Latvij\u0101, kuri ir pieredz\u0113ju\u0161i profesion\u0101\u013ci. \u0160ie treneri Latvij\u0101 jau ir darboju\u0161ies gan k\u0101 komandu un izla\u0161u galvenie treneri, gan k\u0101 konsultanti. Treneri ar\u012b k\u0101 sp\u0113l\u0113t\u0101ji piedal\u012bju\u0161ies gan Pasaules \u010dempion\u0101tos, gan Eiropas kausa fin\u0101lturn\u012bros un vair\u0101kk\u0101rt ieguvu\u0161i zelta meda\u013cas tepat Latvij\u0101. Ieg\u016bt\u0101 pieredze mudina &hellip; <\/p>\n<p class=\"link-more\"><a href=\"https:\/\/www.fsmasters.lv\/?page_id=17\" class=\"more-link\">Read more<span class=\"screen-reader-text\"> &#8220;Treneri&#8221;<\/span><\/a><\/p>\n","protected":false},"author":1,"featured_media":0,"parent":0,"menu_order":5,"comment_status":"closed","ping_status":"closed","template":"page-subpage-overview.php","meta":{"footnotes":""},"featured_media_urls":[],"_links":{"self":[{"href":"https:\/\/www.fsmasters.lv\/index.php?rest_route=\/wp\/v2\/pages\/17"}],"collection":[{"href":"https:\/\/www.fsmasters.lv\/index.php?rest_route=\/wp\/v2\/pages"}],"about":[{"href":"https:\/\/www.fsmasters.lv\/index.php?rest_route=\/wp\/v2\/types\/page"}],"author":[{"embeddable":true,"href":"https:\/\/www.fsmasters.lv\/index.php?rest_route=\/wp\/v2\/users\/1"}],"replies":[{"embeddable":true,"href":"https:\/\/www.fsmasters.lv\/index.php?rest_route=%2Fwp%2Fv2%2Fcomments&post=17"}],"version-history":[{"count":24,"href":"https:\/\/www.fsmasters.lv\/index.php?rest_route=\/wp\/v2\/pages\/17\/revisions"}],"predecessor-version":[{"id":6858,"href":"https:\/\/www.fsmasters.lv\/index.php?rest_route=\/wp\/v2\/pages\/17\/revisions\/6858"}],"wp:attachment":[{"href":"https:\/\/www.fsmasters.lv\/index.php?rest_route=%2Fwp%2Fv2%2Fmedia&parent=17"}],"curies":[{"name":"wp","href":"https:\/\/api.w.org\/{rel}","templated":true}]}}