{"id":153,"date":"2010-08-11T14:30:01","date_gmt":"2010-08-11T12:30:01","guid":{"rendered":"http:\/\/www.fsmasters.lv\/?page_id=153"},"modified":"2026-02-24T10:45:44","modified_gmt":"2026-02-24T08:45:44","slug":"treneini","status":"publish","type":"page","link":"https:\/\/www.fsmasters.lv\/?page_id=153","title":{"rendered":"Treni\u0146i"},"content":{"rendered":"\n<h3 class=\"wp-block-heading\">Treni\u0146u grafiks no 1.09.2025 l\u012bdz 31.05.2026<\/h3>\n\n\n\n<h3 class=\"wp-block-heading\"><br>Rimi&nbsp;Olimpiskais sporta centrs<br>(Grostonas iela 6b, LV-1013)<\/h3>\n\n\n\n<div class=\"wp-block-columns alignwide is-layout-flex wp-container-core-columns-layout-1 wp-block-columns-is-layout-flex\">\n<div class=\"wp-block-column has-text-color has-background has-link-color wp-elements-89f7ac6c0c93fc637763aea20c2544c7 is-layout-flow wp-block-column-is-layout-flow\" style=\"color:#000000;background-color:#fcb900bf;padding-top:2em;padding-right:2em;padding-bottom:2em;padding-left:2em\">\n<h2 class=\"wp-block-heading has-text-align-center\" id=\"single\" style=\"font-size:clamp(24.034px, 1.502rem + ((1vw - 3.2px) * 1.663), 40px);\"><strong>U9<\/strong><\/h2>\n\n\n\n<h1 class=\"wp-block-heading\" id=\"single\" style=\"font-size:14px;font-style:normal;font-weight:400\"><strong>2016.-2018.g.dz.<\/strong><\/h1>\n\n\n\n<hr class=\"wp-block-separator has-css-opacity is-style-wide\"\/>\n\n\n\n<p><strong>Treneris<\/strong><br>Rem\u0101rs Vik\u0101nis tel. 26711158<\/p>\n\n\n\n<hr class=\"wp-block-separator has-css-opacity is-style-wide\"\/>\n\n\n\n<p><strong>Pirmdiena<\/strong><br>15:30 &#8211; 16:30 (n\u016bjas)<\/p>\n\n\n\n<p><strong>Tre\u0161diena<\/strong><br>15:30 &#8211; 16:30 (n\u016bjas)<\/p>\n\n\n\n<p><strong>Ceturtdiena<\/strong><br>15:30 &#8211; 16:30 (n\u016bjas)<\/p>\n<\/div>\n\n\n\n<div class=\"wp-block-column has-text-color has-background has-link-color wp-elements-2b8bd5c8c9b1acf06cadb21c62c73181 is-layout-flow wp-block-column-is-layout-flow\" style=\"color:#000000;background-color:#8dd2fcd4;padding-top:2em;padding-right:2em;padding-bottom:2em;padding-left:2em\">\n<h2 class=\"wp-block-heading has-text-align-center\" id=\"family\" style=\"font-size:clamp(24.034px, 1.502rem + ((1vw - 3.2px) * 1.663), 40px);\"><strong>U12<\/strong><\/h2>\n\n\n\n<p style=\"font-size:14px;line-height:1.5\"><strong><strong>2013.-2015.g.dz.<\/strong><\/strong><\/p>\n\n\n\n<hr class=\"wp-block-separator has-css-opacity is-style-wide\"\/>\n\n\n\n<p><strong>Treneris<\/strong><br>Gints V\u012bnbergs tel. 26851916<\/p>\n\n\n\n<hr class=\"wp-block-separator has-css-opacity is-style-wide\"\/>\n\n\n\n<p><strong>Pirmdiena<\/strong><br>17:30 &#8211; 18:30 (n\u016bjas)<\/p>\n\n\n\n<p><strong>Tre\u0161diena<\/strong><br>16:30 &#8211; 17:30 (n\u016bjas)<\/p>\n\n\n\n<p><strong>Ceturtdiena<\/strong><br>16:30 &#8211; 18:30 (fiz.sag.)<\/p>\n\n\n\n<p><strong>Piektdiena<\/strong><br>17:00 &#8211; 18:00 (n\u016bjas)<\/p>\n<\/div>\n\n\n\n<div class=\"wp-block-column has-text-color has-background has-link-color wp-elements-7640f9777aefbc81b82d3cac39739ce7 is-layout-flow wp-block-column-is-layout-flow\" style=\"color:#000000;background-color:#ff6a0099;padding-top:2em;padding-right:2em;padding-bottom:2em;padding-left:2em\">\n<h2 class=\"wp-block-heading has-text-align-center\" id=\"patron\" style=\"font-size:clamp(24.034px, 1.502rem + ((1vw - 3.2px) * 1.663), 40px);\"><strong>U15<\/strong><\/h2>\n\n\n\n<p style=\"font-size:14px\"><strong>2010.-2012.g.dz.<\/strong><\/p>\n\n\n\n<hr class=\"wp-block-separator has-css-opacity is-style-wide\"\/>\n\n\n\n<p><strong>Treneri<\/strong><br>Kri\u0161j\u0101nis Tilti\u0146\u0161 tel. 27863772<\/p>\n\n\n\n<hr class=\"wp-block-separator has-css-opacity is-style-wide\"\/>\n\n\n\n<p><strong>Pirmdiena<\/strong><br>16:30 &#8211; 17:30 (n\u016bjas)<\/p>\n\n\n\n<p><strong>Tre\u0161diena<\/strong><br>17:30 &#8211; 19:00 (n\u016bjas)<\/p>\n\n\n\n<p><strong>Ceturtdiena<\/strong><br>17:30 &#8211; 19:30 (fiz.sag.)<\/p>\n\n\n\n<p><strong>Piektdiena<\/strong><br>18:00 &#8211; 19:30 (n\u016bjas)<\/p>\n<\/div>\n<\/div>\n\n\n\n<div class=\"wp-block-columns alignwide is-layout-flex wp-container-core-columns-layout-2 wp-block-columns-is-layout-flex\">\n<div class=\"wp-block-column has-text-color has-background has-link-color wp-elements-f30736f114f8a59ecfd97427aaa55c33 is-layout-flow wp-block-column-is-layout-flow\" style=\"color:#000000;background-color:#8dfc8fd4;padding-top:2em;padding-right:2em;padding-bottom:2em;padding-left:2em\">\n<h2 class=\"wp-block-heading has-text-align-center\" id=\"family\" style=\"font-size:clamp(24.034px, 1.502rem + ((1vw - 3.2px) * 1.663), 40px);\"><strong>1.l\u012bga<\/strong><\/h2>\n\n\n\n<p style=\"font-size:14px;line-height:1.5\"><strong><strong>2009.g.dz. un vec\u0101ki<\/strong><\/strong><\/p>\n\n\n\n<hr class=\"wp-block-separator has-css-opacity is-style-wide\"\/>\n\n\n\n<p><strong>Treneris<\/strong><br>Rem\u0101rs Vik\u0101nis tel. 26711158<\/p>\n\n\n\n<hr class=\"wp-block-separator has-css-opacity is-style-wide\"\/>\n\n\n\n<p><strong>Pirmdiena<\/strong><br>18:30 &#8211; 20:30 (n\u016bjas)<\/p>\n\n\n\n<p><strong>Otrdiena<\/strong><br>16:30 &#8211; 18:30 (fiz.sag.)<\/p>\n\n\n\n<p><strong>Tre\u0161diena<\/strong><br>19:00 &#8211; 20:30 (n\u016bjas)<\/p>\n\n\n\n<p><strong>Piektdiena<\/strong><br>19:30 &#8211; 21:00 (n\u016bjas)<\/p>\n\n\n\n<p><strong>Sestdiena<\/strong><br>Individu\u0101li<\/p>\n<\/div>\n\n\n\n<div class=\"wp-block-column has-text-color has-link-color wp-elements-1b7e6668a0ef7a77eadd90c3030a733b is-layout-flow wp-block-column-is-layout-flow\" style=\"color:#000000;padding-top:2em;padding-right:2em;padding-bottom:2em;padding-left:2em\"><\/div>\n\n\n\n<div class=\"wp-block-column has-text-color has-link-color wp-elements-1b7e6668a0ef7a77eadd90c3030a733b is-layout-flow wp-block-column-is-layout-flow\" style=\"color:#000000;padding-top:2em;padding-right:2em;padding-bottom:2em;padding-left:2em\"><\/div>\n<\/div>\n\n\n\n<h3 class=\"wp-block-heading\"> <strong>Teikas vidusskola<\/strong><br>(Aizkraukles iela 14, LV-1006)<\/h3>\n\n\n\n<div class=\"wp-block-columns alignwide is-layout-flex wp-container-core-columns-layout-3 wp-block-columns-is-layout-flex\">\n<div class=\"wp-block-column has-text-color has-background has-link-color wp-elements-dba7940a339dc1f0b2752bb1bef7e023 is-layout-flow wp-block-column-is-layout-flow\" style=\"color:#000000;background-color:#2dcfae78;padding-top:2em;padding-right:2em;padding-bottom:2em;padding-left:2em\">\n<h2 class=\"wp-block-heading has-text-align-center\" id=\"single\" style=\"font-size:clamp(24.034px, 1.502rem + ((1vw - 3.2px) * 1.663), 40px);\"><strong>U<\/strong>7 <\/h2>\n\n\n\n<p style=\"font-size:14px;line-height:1.5\"><strong>2018.-2020.g.dz.<\/strong><\/p>\n\n\n\n<hr class=\"wp-block-separator has-css-opacity is-style-wide\"\/>\n\n\n\n<p><strong>Treneris<\/strong><br>Gints V\u012bnbergs tel. 26851916<\/p>\n\n\n\n<hr class=\"wp-block-separator has-css-opacity is-style-wide\"\/>\n\n\n\n<p><strong>Pirmdiena<\/strong><br>19:15 &#8211; 20:15 (n\u016bjas)<\/p>\n\n\n\n<p><strong>Otrdiena<\/strong><br>18:45 &#8211; 19:45 (n\u016bjas)<\/p>\n\n\n\n<p><strong>Ceturtdiena<\/strong><br>18:45 &#8211; 19:45 (n\u016bjas)<\/p>\n<\/div>\n\n\n\n<div class=\"wp-block-column has-text-color has-link-color wp-elements-03db3ba3c4f78689e74827dacc289c45 is-layout-flow wp-block-column-is-layout-flow\" style=\"color:#000000;padding-top:2em;padding-right:2em;padding-bottom:2em;padding-left:2em\">\n<h2 class=\"wp-block-heading has-text-align-center\" id=\"family\" style=\"font-size:clamp(24.034px, 1.502rem + ((1vw - 3.2px) * 1.663), 40px);\"><\/h2>\n<\/div>\n\n\n\n<div class=\"wp-block-column has-text-color has-link-color wp-elements-376c4a1e973c56b038ab7ad6cb98f0e1 is-layout-flow wp-block-column-is-layout-flow\" style=\"color:#000000;padding-top:2em;padding-right:2em;padding-bottom:2em;padding-left:2em\">\n<h2 class=\"wp-block-heading has-text-align-center\" id=\"patron\" style=\"font-size:clamp(24.034px, 1.502rem + ((1vw - 3.2px) * 1.663), 40px);\"><\/h2>\n<\/div>\n<\/div>\n\n\n\n<h3 class=\"wp-block-heading\"> <strong>Ulbrokas sporta komplekss<\/strong><br>(Ulbrokas vidusskola, ciemats \u201cV\u0101lodzes\u201d, LV-2130)<\/h3>\n\n\n\n<div class=\"wp-block-columns alignwide is-layout-flex wp-container-core-columns-layout-4 wp-block-columns-is-layout-flex\">\n<div class=\"wp-block-column has-text-color has-background has-link-color wp-elements-2f39b3307f8b5a8fe0fb14f710255fdc is-layout-flow wp-block-column-is-layout-flow\" style=\"color:#000000;background-color:#cf2d2d78;padding-top:2em;padding-right:2em;padding-bottom:2em;padding-left:2em\">\n<h2 class=\"wp-block-heading has-text-align-center\" id=\"single\" style=\"font-size:clamp(24.034px, 1.502rem + ((1vw - 3.2px) * 1.663), 40px);\"><strong>U<\/strong>9 <\/h2>\n\n\n\n<p style=\"font-size:14px;line-height:1.5\"><strong>2016.-2018.g.dz.<\/strong><\/p>\n\n\n\n<hr class=\"wp-block-separator has-css-opacity is-style-wide\"\/>\n\n\n\n<p><strong>Treneris<\/strong><br>Ain\u0101rs Ju\u0161k\u0113vi\u010ds tel. 22041438<\/p>\n\n\n\n<hr class=\"wp-block-separator has-css-opacity is-style-wide\"\/>\n\n\n\n<p><strong>Pirmdiena<\/strong><br>15:00 &#8211; 16:15 (z\u0101le)<\/p>\n\n\n\n<p><strong>Otrdiena<\/strong><br>15:00 &#8211; 16:15 (z\u0101le)<\/p>\n\n\n\n<p><strong>Ceturtdiena<\/strong><br>15:00 &#8211; 16:30 (z\u0101le)<\/p>\n<\/div>\n\n\n\n<div class=\"wp-block-column has-text-color has-background has-link-color wp-elements-05964455c096eb60b51b349829299e19 is-layout-flow wp-block-column-is-layout-flow\" style=\"color:#000000;background-color:#e7fc8dcc;padding-top:2em;padding-right:2em;padding-bottom:2em;padding-left:2em\">\n<h2 class=\"wp-block-heading has-text-align-center\" id=\"family\" style=\"font-size:clamp(24.034px, 1.502rem + ((1vw - 3.2px) * 1.663), 40px);\"><strong>U12<\/strong><\/h2>\n\n\n\n<p style=\"font-size:14px;line-height:1.5\"><strong>2013.-2015.g.dz.<\/strong><\/p>\n\n\n\n<hr class=\"wp-block-separator has-css-opacity is-style-wide\"\/>\n\n\n\n<p><strong>Treneris<\/strong><br>Ain\u0101rs Ju\u0161k\u0113vi\u010ds tel. 22041438<\/p>\n\n\n\n<hr class=\"wp-block-separator has-css-opacity is-style-wide\"\/>\n\n\n\n<p><strong>Pirmdiena<\/strong><br>16:00 &#8211; 17:30 (z\u0101le)<\/p>\n\n\n\n<p><strong>Otrdiena<\/strong><br>16:00 &#8211; 17:15 (z\u0101le)<\/p>\n\n\n\n<p><strong>Tre\u0161diena<\/strong><br>17:45 &#8211; 19:15 (z\u0101le)<\/p>\n\n\n\n<p><strong>Piektdiena<\/strong><br>15:00 &#8211; 16:30 (fiz.sag.)<\/p>\n<\/div>\n\n\n\n<div class=\"wp-block-column has-text-color has-background has-link-color wp-elements-81512f4f3669ed208e0d06e2a3ec638c is-layout-flow wp-block-column-is-layout-flow\" style=\"color:#000000;background-color:#001dff6e;padding-top:2em;padding-right:2em;padding-bottom:2em;padding-left:2em\">\n<h2 class=\"wp-block-heading has-text-align-center\" id=\"patron\" style=\"font-size:clamp(24.034px, 1.502rem + ((1vw - 3.2px) * 1.663), 40px);\"><strong>U1<\/strong>5<\/h2>\n\n\n\n<p style=\"font-size:14px\"><strong>2010.-2012.g.dz.<\/strong><\/p>\n\n\n\n<hr class=\"wp-block-separator has-css-opacity is-style-wide\"\/>\n\n\n\n<p><strong>Treneris<\/strong><br>Ain\u0101rs Ju\u0161k\u0113vi\u010ds tel. 22041438<\/p>\n\n\n\n<hr class=\"wp-block-separator has-css-opacity is-style-wide\"\/>\n\n\n\n<p><strong>Pirmdiena<\/strong><br>17:30 &#8211; 19:00 (z\u0101le)<\/p>\n\n\n\n<p><strong>Otrdiena<\/strong><br>17:00 &#8211; 18:30 (z\u0101le)<\/p>\n\n\n\n<p><strong>Ceturtdiena<\/strong><br>16:30 &#8211; 18:00 (z\u0101le)<\/p>\n\n\n\n<p><strong>Piektdiena<\/strong><br>16:30 &#8211; 18:00 (fiz.sag.)<\/p>\n<\/div>\n<\/div>\n","protected":false},"excerpt":{"rendered":"<p>Treni\u0146u grafiks no 1.09.2025 l\u012bdz 31.05.2026 Rimi&nbsp;Olimpiskais sporta centrs(Grostonas iela 6b, LV-1013) U9 2016.-2018.g.dz. TrenerisRem\u0101rs Vik\u0101nis tel. 26711158 Pirmdiena15:30 &#8211; 16:30 (n\u016bjas) Tre\u0161diena15:30 &#8211; 16:30 (n\u016bjas) Ceturtdiena15:30 &#8211; 16:30 (n\u016bjas) U12 2013.-2015.g.dz. TrenerisGints V\u012bnbergs tel. 26851916 Pirmdiena17:30 &#8211; 18:30 (n\u016bjas) Tre\u0161diena16:30 &#8211; 17:30 (n\u016bjas) Ceturtdiena16:30 &#8211; 18:30 (fiz.sag.) Piektdiena17:00 &#8211; 18:00 (n\u016bjas) U15 2010.-2012.g.dz. TreneriKri\u0161j\u0101nis &hellip; <\/p>\n<p class=\"link-more\"><a href=\"https:\/\/www.fsmasters.lv\/?page_id=153\" class=\"more-link\">Read more<span class=\"screen-reader-text\"> &#8220;Treni\u0146i&#8221;<\/span><\/a><\/p>\n","protected":false},"author":1,"featured_media":0,"parent":0,"menu_order":4,"comment_status":"closed","ping_status":"closed","template":"","meta":{"footnotes":""},"featured_media_urls":[],"_links":{"self":[{"href":"https:\/\/www.fsmasters.lv\/index.php?rest_route=\/wp\/v2\/pages\/153"}],"collection":[{"href":"https:\/\/www.fsmasters.lv\/index.php?rest_route=\/wp\/v2\/pages"}],"about":[{"href":"https:\/\/www.fsmasters.lv\/index.php?rest_route=\/wp\/v2\/types\/page"}],"author":[{"embeddable":true,"href":"https:\/\/www.fsmasters.lv\/index.php?rest_route=\/wp\/v2\/users\/1"}],"replies":[{"embeddable":true,"href":"https:\/\/www.fsmasters.lv\/index.php?rest_route=%2Fwp%2Fv2%2Fcomments&post=153"}],"version-history":[{"count":194,"href":"https:\/\/www.fsmasters.lv\/index.php?rest_route=\/wp\/v2\/pages\/153\/revisions"}],"predecessor-version":[{"id":6882,"href":"https:\/\/www.fsmasters.lv\/index.php?rest_route=\/wp\/v2\/pages\/153\/revisions\/6882"}],"wp:attachment":[{"href":"https:\/\/www.fsmasters.lv\/index.php?rest_route=%2Fwp%2Fv2%2Fmedia&parent=153"}],"curies":[{"name":"wp","href":"https:\/\/api.w.org\/{rel}","templated":true}]}}