{"id":147,"date":"2010-08-11T11:36:05","date_gmt":"2010-08-11T09:36:05","guid":{"rendered":"http:\/\/www.fsmasters.lv\/?page_id=147"},"modified":"2025-09-11T12:37:01","modified_gmt":"2025-09-11T10:37:01","slug":"ainars-juskevics","status":"publish","type":"page","link":"https:\/\/www.fsmasters.lv\/?page_id=147","title":{"rendered":"Ain\u0101rs Ju\u0161k\u0113vi\u010ds"},"content":{"rendered":"\n<div class=\"wp-block-columns is-layout-flex wp-container-core-columns-layout-1 wp-block-columns-is-layout-flex\">\n<div class=\"wp-block-column is-layout-flow wp-block-column-is-layout-flow\" style=\"flex-basis:66.66%\">\n<p>Dzimis 1981.gada 13.j\u016blij\u0101. Dzimt\u0101 vieta \u2013 R\u012bga.<\/p>\n\n\n\n<p>Mobilais telefons: <strong>22041438<\/strong><br>E-pasts: <strong>ainars_juskevics[at]inbox.lv<\/strong><\/p>\n\n\n\n<p><strong>Florbola BIO:<br><\/strong>Ar florbolu s\u0101cis nodarboties no 1997.gada. Sp\u0113l\u0113jis Virsl\u012bgas komand\u0101s \u201eLauku Av\u012bze\u201d (v\u0113l\u0101k \u201eLatvijas Av\u012bze\u201d), \u201eRTU\/Inspecta\u201d, &#8220;Ulbroka&#8221;. Sp\u0113l\u0113t\u0101ja amplu\u0101 \u2013 kreis\u0101s malas uzbruc\u0113js (agr\u0101k centrs). Latvijas v\u012brie\u0161u izlases sast\u0101v\u0101 piedal\u012bjies Pasaules \u010dempion\u0101tos 2000.gad\u0101 Norv\u0113\u0123ij\u0101 (7.vieta), 2002.gad\u0101 Somij\u0101 (7.vieta), 2004.gad\u0101 \u0160veic\u0113 (6.vieta), 2006.gad\u0101 Zviedrij\u0101 (5.vieta), 2008.gad\u0101 \u010cehij\u0101 (5.vieta), 2010.gad\u0101 Somij\u0101 (5.vieta). K\u0101 sp\u0113l\u0113t\u0101js komand\u0101s \u201eLauku Av\u012bze\u201d (\u201eLatvijas Av\u012bze\u201d) un \u201eRTU\/Inspecta\u201d Latvijas \u010dempion\u0101t\u0101 izc\u012bn\u012bjis visas iesp\u0113jam\u0101s meda\u013cas. Vair\u0101kk\u0101rt piedal\u012bjies Eiropas \u010dempionu kausa izc\u012b\u0146as turn\u012br\u0101. Vair\u0101kk\u0101rt k\u013cuvis par rezultat\u012bv\u0101ko sp\u0113l\u0113t\u0101ju Latvijas \u010dempion\u0101t\u0101 un ticis iek\u013cauts simboliskaj\u0101 izlas\u0113. LFS atzinusi par Latvijas 15gades lab\u0101ko florbolistu (1993.\u20132008.g.).<\/p>\n\n\n\n<p><strong>Trenera CV:<br><\/strong>2009.g. l\u012bdz 2011.g. un no 2016.g. l\u012bdz 2021.g. galvenais treneris Latvijas U-19 v\u012brie\u0161u izlas\u0113;<br>2010.g. l\u012bdz 2015.g. treneris sievie\u0161u komand\u0101 \u201eRSU\u201d<br>2008.g. l\u012bdz 2014.g. galvenais treneris v\u012brie\u0161u komand\u0101 \u201eUlbroka\u201d;<br>2007.g. l\u012bdz 2009.g. treneris-konsultants Latvijas U-19 v\u012brie\u0161u izlas\u0113 (P\u010c 2007.g. un 2009.g.);<br>2005.g. l\u012bdz 2006.g. treneris Latvijas sievie\u0161u izlas\u0113 (P\u010c 2006.g.);<br>2004.g. l\u012bdz 2008.g. treneris sievie\u0161u komand\u0101 \u201eUlbroka\u201d;<br>2000.g. l\u012bdz \u0161im laikam treneris b\u0113rnu un jaunie\u0161u komand\u0101s \u201eFS Masters\/Ulbroka\u201d (agr\u0101k \u201eLauku Av\u012bze\u201d);<\/p>\n\n\n\n<p><strong>Augst\u0101kie trenera sasniegumi:<br><\/strong>1.vieta 2016.\/2017.g. L\u010c Virsl\u012bg\u0101 v\u012brie\u0161iem ar komandu \u201eTriobet\/Ulbroka\u201d.<br>1.vieta 2010.\/2011.g. L\u010c Virsl\u012bg\u0101 sieviet\u0113m ar komandu \u201eRSU\/Runway\u201d.<br>4.vieta 2006.g. P\u010c ar Latvijas sievie\u0161u izlasi.<br>5.vieta 2011. , 2017., 2019. un 2021.g. P\u010c ar Latvijas U-19 v\u012brie\u0161u izlasi.<br>5.vieta 2010.\/2011.g. L\u010c Virsl\u012bg\u0101 v\u012brie\u0161iem ar komandu \u201eUlbroka\u201d.<br>Vair\u0101kk\u0101rt\u0113jas 1.vietas L\u010c b\u0113rniem un jaunie\u0161iem ar komand\u0101m \u201eFS Masters\/Ulbroka\u201d.<\/p>\n<\/div>\n\n\n\n<div class=\"wp-block-column is-layout-flow wp-block-column-is-layout-flow\" style=\"flex-basis:33.33%\">\n<figure class=\"wp-block-image size-large\"><img fetchpriority=\"high\" decoding=\"async\" width=\"768\" height=\"1024\" src=\"https:\/\/www.fsmasters.lv\/wp-content\/uploads\/2025\/09\/WAJuskevics-768x1024.jpg\" alt=\"\" class=\"wp-image-6829\" srcset=\"https:\/\/www.fsmasters.lv\/wp-content\/uploads\/2025\/09\/WAJuskevics-768x1024.jpg 768w, https:\/\/www.fsmasters.lv\/wp-content\/uploads\/2025\/09\/WAJuskevics-225x300.jpg 225w, https:\/\/www.fsmasters.lv\/wp-content\/uploads\/2025\/09\/WAJuskevics.jpg 800w\" sizes=\"(max-width: 768px) 100vw, 768px\" \/><\/figure>\n<\/div>\n<\/div>\n","protected":false},"excerpt":{"rendered":"<p>Dzimis 1981.gada 13.j\u016blij\u0101. Dzimt\u0101 vieta \u2013 R\u012bga. Mobilais telefons: 22041438E-pasts: ainars_juskevics[at]inbox.lv Florbola BIO:Ar florbolu s\u0101cis nodarboties no 1997.gada. Sp\u0113l\u0113jis Virsl\u012bgas komand\u0101s \u201eLauku Av\u012bze\u201d (v\u0113l\u0101k \u201eLatvijas Av\u012bze\u201d), \u201eRTU\/Inspecta\u201d, &#8220;Ulbroka&#8221;. Sp\u0113l\u0113t\u0101ja amplu\u0101 \u2013 kreis\u0101s malas uzbruc\u0113js (agr\u0101k centrs). Latvijas v\u012brie\u0161u izlases sast\u0101v\u0101 piedal\u012bjies Pasaules \u010dempion\u0101tos 2000.gad\u0101 Norv\u0113\u0123ij\u0101 (7.vieta), 2002.gad\u0101 Somij\u0101 (7.vieta), 2004.gad\u0101 \u0160veic\u0113 (6.vieta), 2006.gad\u0101 Zviedrij\u0101 (5.vieta), &hellip; <\/p>\n<p class=\"link-more\"><a href=\"https:\/\/www.fsmasters.lv\/?page_id=147\" class=\"more-link\">Read more<span class=\"screen-reader-text\"> &#8220;Ain\u0101rs Ju\u0161k\u0113vi\u010ds&#8221;<\/span><\/a><\/p>\n","protected":false},"author":1,"featured_media":0,"parent":17,"menu_order":2,"comment_status":"closed","ping_status":"open","template":"","meta":{"footnotes":""},"featured_media_urls":[],"_links":{"self":[{"href":"https:\/\/www.fsmasters.lv\/index.php?rest_route=\/wp\/v2\/pages\/147"}],"collection":[{"href":"https:\/\/www.fsmasters.lv\/index.php?rest_route=\/wp\/v2\/pages"}],"about":[{"href":"https:\/\/www.fsmasters.lv\/index.php?rest_route=\/wp\/v2\/types\/page"}],"author":[{"embeddable":true,"href":"https:\/\/www.fsmasters.lv\/index.php?rest_route=\/wp\/v2\/users\/1"}],"replies":[{"embeddable":true,"href":"https:\/\/www.fsmasters.lv\/index.php?rest_route=%2Fwp%2Fv2%2Fcomments&post=147"}],"version-history":[{"count":24,"href":"https:\/\/www.fsmasters.lv\/index.php?rest_route=\/wp\/v2\/pages\/147\/revisions"}],"predecessor-version":[{"id":6845,"href":"https:\/\/www.fsmasters.lv\/index.php?rest_route=\/wp\/v2\/pages\/147\/revisions\/6845"}],"up":[{"embeddable":true,"href":"https:\/\/www.fsmasters.lv\/index.php?rest_route=\/wp\/v2\/pages\/17"}],"wp:attachment":[{"href":"https:\/\/www.fsmasters.lv\/index.php?rest_route=%2Fwp%2Fv2%2Fmedia&parent=147"}],"curies":[{"name":"wp","href":"https:\/\/api.w.org\/{rel}","templated":true}]}}