{"id":1406,"date":"2012-02-23T16:04:45","date_gmt":"2012-02-23T14:04:45","guid":{"rendered":"http:\/\/www.fsmasters.lv\/?page_id=1406"},"modified":"2026-04-20T13:59:23","modified_gmt":"2026-04-20T11:59:23","slug":"nometne","status":"publish","type":"page","link":"https:\/\/www.fsmasters.lv\/?page_id=1406","title":{"rendered":"Masters Camp"},"content":{"rendered":"\n<div class=\"wp-block-columns is-layout-flex wp-container-core-columns-layout-1 wp-block-columns-is-layout-flex\">\n<div class=\"wp-block-column is-layout-flow wp-block-column-is-layout-flow\" style=\"flex-basis:66.66%\">\n<h5 class=\"wp-block-heading\">Aicin\u0101m tevi uz Masters Floorball Camp!<\/h5>\n\n\n\n<p>J\u016bnija s\u0101kum\u0101 (<strong>8. l\u012bdz 11.j\u016bnij\u0101<\/strong>), skol\u0113nu vasaras br\u012bvlaik\u0101, ir \u012bstais laiks piedal\u012bties florbola nometn\u0113 <em>Masters Floorball Camp<\/em>! T\u0101 notiks jau sept\u012bto reizi, un k\u0101 parasti &#8211; ar daudzveid\u012bgu, aizraujo\u0161u programmu, top klases treneriem un Latvijas florbola zvaigzn\u0113m! \u0160\u012b nometne dom\u0101ta ikvienam 8-15 gadus jaunam florbolistam, kur\u0161 v\u0113las uzlabot savas prasmes, k\u0101 ar\u012b jautri lietder\u012bgi un pavad\u012bt br\u012bvo laiku.<\/p>\n\n\n\n<h5 class=\"wp-block-heading\"><em>Par uzvar\u0113t\u0101jiem k\u013c\u016bst treni\u0146os!<\/em><\/h5>\n\n\n\n<p><em>Masters Floorball Camp<\/em> dal\u012bbnieki teor\u0113tiskaj\u0101s nodarb\u012bb\u0101s apg\u016bs da\u017e\u0101du sp\u0113les sist\u0113mu pamatus, praktiskaj\u0101s&nbsp;att\u012bst\u012bs fizisko sagatavot\u012bbu, k\u0101 ar\u012b ar \u012bpa\u0161\u0101m un interesant\u0101m metod\u0113m pilnveidos tehniku. Lai katrs dal\u012bbnieks sa\u0146emtu maksim\u0101li daudz uzman\u012bbas un inform\u0101cijas, treni\u0146\u0101 vienlaic\u012bgi darbosies 3 treneri un 3 l\u012bderi, taj\u0101 skait\u0101 t\u0101di Latvijas florbola zvaigznes k\u0101 Rolands Kova\u013cevskis, Kri\u0161j\u0101nis Tilti\u0146\u0161, Henrijs Gustavs Magons un vair\u0101ki junioru izlases sp\u0113l\u0113t\u0101ji. Programmas da\u017e\u0101d\u012bba \u0161\u012bs \u010detras dienas padar\u012bs aizraujo\u0161as, jo nodarb\u012bbas notiks florbola z\u0101l\u0113, peldbasein\u0101, pludmales volejbola smilt\u012bs un vingro\u0161anas z\u0101l\u0113. Tas viss zem viena jumta Rimi Olimpiskaj\u0101 centr\u0101. Treni\u0146proces\u0101 b\u016bs apkopots lab\u0101kais no m\u016bsu apm\u0101c\u012bbas metod\u0113m. Lieliska atmosf\u0113ra, jauni draugi un daudz florbola \u2013 ko gan vair\u0101k var v\u0113l\u0113ties!? Vair\u0101k par nometnes programmu <strong><a href=\"https:\/\/www.fsmasters.lv\/?page_id=1412\">\u0161eit<\/a><\/strong>.<\/p>\n<\/div>\n\n\n\n<div class=\"wp-block-column is-layout-flow wp-block-column-is-layout-flow\" style=\"flex-basis:33.33%\">\n<figure class=\"wp-block-image size-large\"><img fetchpriority=\"high\" decoding=\"async\" width=\"1024\" height=\"1024\" src=\"https:\/\/www.fsmasters.lv\/wp-content\/uploads\/2026\/04\/Nometnes_logo_2026-1024x1024.png\" alt=\"\" class=\"wp-image-6897\" srcset=\"https:\/\/www.fsmasters.lv\/wp-content\/uploads\/2026\/04\/Nometnes_logo_2026-1024x1024.png 1024w, https:\/\/www.fsmasters.lv\/wp-content\/uploads\/2026\/04\/Nometnes_logo_2026-300x300.png 300w, https:\/\/www.fsmasters.lv\/wp-content\/uploads\/2026\/04\/Nometnes_logo_2026-150x150.png 150w, https:\/\/www.fsmasters.lv\/wp-content\/uploads\/2026\/04\/Nometnes_logo_2026.png 2000w\" sizes=\"(max-width: 1024px) 100vw, 1024px\" \/><\/figure>\n<\/div>\n<\/div>\n\n\n\n<div class=\"wp-block-columns is-layout-flex wp-container-core-columns-layout-2 wp-block-columns-is-layout-flex\">\n<div class=\"wp-block-column is-layout-flow wp-block-column-is-layout-flow\">\n<h5 class=\"wp-block-heading\"><strong><em>Kam\u0113r citi sap\u0146o par m\u0113r\u0137iem, m\u0113s tos sasniedzam!<\/em><\/strong><\/h5>\n\n\n\n<p><em>FS &#8220;Masters<\/em>&#8221; jaunie\u0161u sist\u0113ma ir viena no lab\u0101kaj\u0101m un sp\u0113c\u012bg\u0101kaj\u0101m Latvij\u0101. M\u016bsu treneri ir pieredz\u0113ju\u0161i un zino\u0161i profesion\u0101\u013ci. Sav\u0101s sp\u0113l\u0113t\u0101ju karjer\u0101s sp\u0113l\u0113ju\u0161i gan Latvijas sp\u0113c\u012bg\u0101kaj\u0101s komand\u0101s, gan nacion\u0101laj\u0101 izlas\u0113, bet k\u0101 treneri veiksm\u012bgi str\u0101d\u0101ju\u0161i Latvijas lab\u0101kajos klubos un valsts izlas\u0113s. Daudzi sp\u0113l\u0113t\u0101ji, kas tren\u0113ju\u0161ies un sp\u0113l\u0113ju\u0161i m\u016bsu klub\u0101, ieguvu\u0161i t\u0101das zin\u0101\u0161anas, lai b\u016btu vieni no lab\u0101kajiem Latvij\u0101. Vair\u0101k par nometnes treneriem un l\u012bderiem <strong><a href=\"https:\/\/www.fsmasters.lv\/?page_id=1414\">\u0161eit<\/a><\/strong>.<\/p>\n\n\n\n<p>Katrs dal\u012bbnieks d\u0101van\u0101 sa\u0146ems \u012bpa\u0161u t-kreklu ar nometnes simboliku, k\u0101 ar\u012b &#8220;Masters&#8221; \u016bdens pudeli. Iepriek\u0161\u0113j\u0101 gad\u0101 visiem vietas nepietika &#8211; pasteidzies un rezerv\u0113 to jau tagad! Pag\u0101ju\u0161\u0101 gada nometnes fotoapskatu vari atrast <strong><a href=\"https:\/\/www.flickr.com\/photos\/144099997@N03\/albums\/72177720327118206\/with\/54614840003\" data-type=\"link\" data-id=\"https:\/\/www.flickr.com\/photos\/144099997@N03\/albums\/72177720327118206\/with\/54614840003\">\u0161eit<\/a><\/strong>.<\/p>\n\n\n\n<p>Pieteik\u0161an\u0101s <strong>l\u012bdz 1.j\u016bnijam<\/strong>. <\/p>\n\n\n\n<p>Dal\u012bbas maksa &#8211; 200.- EUR<\/p>\n<\/div>\n<\/div>\n\n\n\n<iframe src=\"https:\/\/docs.google.com\/forms\/d\/e\/1FAIpQLSeNrcK_OemRAS4ZNNqTYNbYB0mw3fZJo59cVJhKwV8kQLh7Dg\/viewform?embedded=true\" width=\"800\" height=\"2151\" frameborder=\"0\" marginheight=\"0\" marginwidth=\"0\">Notiek iel\u0101de\u2026<\/iframe>\n","protected":false},"excerpt":{"rendered":"<p>Aicin\u0101m tevi uz Masters Floorball Camp! J\u016bnija s\u0101kum\u0101 (8. l\u012bdz 11.j\u016bnij\u0101), skol\u0113nu vasaras br\u012bvlaik\u0101, ir \u012bstais laiks piedal\u012bties florbola nometn\u0113 Masters Floorball Camp! T\u0101 notiks jau sept\u012bto reizi, un k\u0101 parasti &#8211; ar daudzveid\u012bgu, aizraujo\u0161u programmu, top klases treneriem un Latvijas florbola zvaigzn\u0113m! \u0160\u012b nometne dom\u0101ta ikvienam 8-15 gadus jaunam florbolistam, kur\u0161 v\u0113las uzlabot savas &hellip; <\/p>\n<p class=\"link-more\"><a href=\"https:\/\/www.fsmasters.lv\/?page_id=1406\" class=\"more-link\">Read more<span class=\"screen-reader-text\"> &#8220;Masters Camp&#8221;<\/span><\/a><\/p>\n","protected":false},"author":1,"featured_media":0,"parent":0,"menu_order":29,"comment_status":"closed","ping_status":"closed","template":"page-full-width.php","meta":{"footnotes":""},"featured_media_urls":[],"_links":{"self":[{"href":"https:\/\/www.fsmasters.lv\/index.php?rest_route=\/wp\/v2\/pages\/1406"}],"collection":[{"href":"https:\/\/www.fsmasters.lv\/index.php?rest_route=\/wp\/v2\/pages"}],"about":[{"href":"https:\/\/www.fsmasters.lv\/index.php?rest_route=\/wp\/v2\/types\/page"}],"author":[{"embeddable":true,"href":"https:\/\/www.fsmasters.lv\/index.php?rest_route=\/wp\/v2\/users\/1"}],"replies":[{"embeddable":true,"href":"https:\/\/www.fsmasters.lv\/index.php?rest_route=%2Fwp%2Fv2%2Fcomments&post=1406"}],"version-history":[{"count":171,"href":"https:\/\/www.fsmasters.lv\/index.php?rest_route=\/wp\/v2\/pages\/1406\/revisions"}],"predecessor-version":[{"id":6919,"href":"https:\/\/www.fsmasters.lv\/index.php?rest_route=\/wp\/v2\/pages\/1406\/revisions\/6919"}],"wp:attachment":[{"href":"https:\/\/www.fsmasters.lv\/index.php?rest_route=%2Fwp%2Fv2%2Fmedia&parent=1406"}],"curies":[{"name":"wp","href":"https:\/\/api.w.org\/{rel}","templated":true}]}}