{"id":1026,"date":"2011-09-07T09:49:09","date_gmt":"2011-09-07T06:49:09","guid":{"rendered":"http:\/\/www.fsmasters.lv\/?page_id=1026"},"modified":"2020-09-21T11:07:08","modified_gmt":"2020-09-21T09:07:08","slug":"krisjanis-zeps","status":"publish","type":"page","link":"https:\/\/www.fsmasters.lv\/?page_id=1026","title":{"rendered":"Kri\u0161j\u0101nis Zeps"},"content":{"rendered":"<p><img decoding=\"async\" class=\"alignleft wp-image-5052\" src=\"https:\/\/www.fsmasters.lv\/wp-content\/uploads\/2020\/09\/4_krisjanis_zeps_18.09.1988.jpg\" alt=\"\" width=\"100\" height=\"149\" srcset=\"https:\/\/www.fsmasters.lv\/wp-content\/uploads\/2020\/09\/4_krisjanis_zeps_18.09.1988.jpg 820w, https:\/\/www.fsmasters.lv\/wp-content\/uploads\/2020\/09\/4_krisjanis_zeps_18.09.1988-202x300.jpg 202w, https:\/\/www.fsmasters.lv\/wp-content\/uploads\/2020\/09\/4_krisjanis_zeps_18.09.1988-768x1143.jpg 768w, https:\/\/www.fsmasters.lv\/wp-content\/uploads\/2020\/09\/4_krisjanis_zeps_18.09.1988-688x1024.jpg 688w, https:\/\/www.fsmasters.lv\/wp-content\/uploads\/2020\/09\/4_krisjanis_zeps_18.09.1988-600x900.jpg 600w\" sizes=\"(max-width: 100px) 100vw, 100px\" \/>Dzim\u0161anas dati:\u00a0<strong>18.09.1988<br \/>\n<\/strong>Poz\u012bcija:\u00a0<strong>Aizsargs<br \/>\n<\/strong>Numurs:\u00a0<strong>#4<br \/>\n<\/strong>Augums: <strong>174 cm<br \/>\n<\/strong>Svars: <strong>72 kg<br \/>\n<\/strong>Florbol\u0101 kop\u0161: <strong>1998. gada<br \/>\n<\/strong>Pirm\u0101 komanda: <strong>FK R\u012bga<br \/>\n<\/strong>Kluba sist\u0113m\u0101 kop\u0161: <strong>2011.gada<\/strong><\/p>\n<p>&nbsp;<\/p>\n<p><span style=\"font-weight: bold;\">Statistika Latvijas \u010dempion\u0101t\u0101 kluba komand\u0101s<\/span><\/p>\n<p><span style=\"font-weight: bold;\">Virsl\u012bga<\/span><\/p>\n<p><strong>\n<table id=\"wp-table-reloaded-id-28-no-1\" class=\"wp-table-reloaded wp-table-reloaded-id-28\">\n<thead>\n\t<tr class=\"row-1 odd\">\n\t\t<th class=\"column-1\">Sezona<\/th><th class=\"column-2\">Komanda<\/th><th class=\"column-3\">L\u012bga<\/th><th class=\"column-4\">Sp\u0113les<\/th><th class=\"column-5\">V\u0101rti<\/th><th class=\"column-6\">Piesp\u0113les<\/th><th class=\"column-7\">Punkti<\/th><th class=\"column-8\">SM<\/th>\n\t<\/tr>\n<\/thead>\n<tfoot>\n\t<tr class=\"row-11 odd\">\n\t\t<th colspan=\"3\" class=\"column-1 colspan-3\">Kop\u0101<\/th><th class=\"column-4\">246<\/th><th class=\"column-5\">33<\/th><th class=\"column-6\">85<\/th><th class=\"column-7\">118<\/th><th class=\"column-8\">138<\/th>\n\t<\/tr>\n<\/tfoot>\n<tbody class=\"row-hover\">\n\t<tr class=\"row-2 even\">\n\t\t<td class=\"column-1\">2019\/2020<\/td><td class=\"column-2\">Latvijas Hipot\u0113ka\/Oxdog Ulbroka<\/td><td class=\"column-3\">Virsl\u012bga<\/td><td class=\"column-4\">21<\/td><td class=\"column-5\">4<\/td><td class=\"column-6\">2<\/td><td class=\"column-7\">6<\/td><td class=\"column-8\">6<\/td>\n\t<\/tr>\n\t<tr class=\"row-3 odd\">\n\t\t<td class=\"column-1\">2018\/2019<\/td><td class=\"column-2\">Betsafe Oxdog Ulbroka<\/td><td class=\"column-3\">Virsl\u012bga<\/td><td class=\"column-4\">13<\/td><td class=\"column-5\">1<\/td><td class=\"column-6\">4<\/td><td class=\"column-7\">5<\/td><td class=\"column-8\">6<\/td>\n\t<\/tr>\n\t<tr class=\"row-4 even\">\n\t\t<td class=\"column-1\">2017\/2018<\/td><td class=\"column-2\">Betsafe\/Ulbroka<\/td><td class=\"column-3\">Virsl\u012bga<\/td><td class=\"column-4\">33<\/td><td class=\"column-5\">2<\/td><td class=\"column-6\">12<\/td><td class=\"column-7\">14<\/td><td class=\"column-8\">13<\/td>\n\t<\/tr>\n\t<tr class=\"row-5 odd\">\n\t\t<td class=\"column-1\">2016\/2017<\/td><td class=\"column-2\">Triobet\/Ulbroka<\/td><td class=\"column-3\">Virsl\u012bga<\/td><td class=\"column-4\">32<\/td><td class=\"column-5\">5<\/td><td class=\"column-6\">7<\/td><td class=\"column-7\">12<\/td><td class=\"column-8\">18<\/td>\n\t<\/tr>\n\t<tr class=\"row-6 even\">\n\t\t<td class=\"column-1\">2015\/2016<\/td><td class=\"column-2\">Ulbroka\/FS Masters<\/td><td class=\"column-3\">Virsl\u012bga<\/td><td class=\"column-4\">33<\/td><td class=\"column-5\">4<\/td><td class=\"column-6\">13<\/td><td class=\"column-7\">17<\/td><td class=\"column-8\">26<\/td>\n\t<\/tr>\n\t<tr class=\"row-7 odd\">\n\t\t<td class=\"column-1\">2014\/2015<\/td><td class=\"column-2\">Ulbroka\/FS Masters<\/td><td class=\"column-3\">Virsl\u012bga<\/td><td class=\"column-4\">30<\/td><td class=\"column-5\">4<\/td><td class=\"column-6\">11<\/td><td class=\"column-7\">15<\/td><td class=\"column-8\">30<\/td>\n\t<\/tr>\n\t<tr class=\"row-8 even\">\n\t\t<td class=\"column-1\">2013\/2014<\/td><td class=\"column-2\">Ulbroka\/FS Masters<\/td><td class=\"column-3\">Virsl\u012bga<\/td><td class=\"column-4\">26<\/td><td class=\"column-5\">9<\/td><td class=\"column-6\">15<\/td><td class=\"column-7\">24<\/td><td class=\"column-8\">10<\/td>\n\t<\/tr>\n\t<tr class=\"row-9 odd\">\n\t\t<td class=\"column-1\">2012\/2013<\/td><td class=\"column-2\">Ulbroka\/FS Masters<\/td><td class=\"column-3\">Virsl\u012bga<\/td><td class=\"column-4\">22<\/td><td class=\"column-5\">2<\/td><td class=\"column-6\">8<\/td><td class=\"column-7\">10<\/td><td class=\"column-8\">15<\/td>\n\t<\/tr>\n\t<tr class=\"row-10 even\">\n\t\t<td class=\"column-1\">2011\/2012<\/td><td class=\"column-2\">Ulbroka\/FS Masters<\/td><td class=\"column-3\">Virsl\u012bga<\/td><td class=\"column-4\">37<\/td><td class=\"column-5\">2<\/td><td class=\"column-6\">13<\/td><td class=\"column-7\">15<\/td><td class=\"column-8\">14<\/td>\n\t<\/tr>\n<\/tbody>\n<\/table>\n<\/strong><\/p>\n","protected":false},"excerpt":{"rendered":"<p>Dzim\u0161anas dati:\u00a018.09.1988 Poz\u012bcija:\u00a0Aizsargs Numurs:\u00a0#4 Augums: 174 cm Svars: 72 kg Florbol\u0101 kop\u0161: 1998. gada Pirm\u0101 komanda: FK R\u012bga Kluba sist\u0113m\u0101 kop\u0161: 2011.gada &nbsp; Statistika Latvijas \u010dempion\u0101t\u0101 kluba komand\u0101s Virsl\u012bga<\/p>\n","protected":false},"author":1,"featured_media":0,"parent":40,"menu_order":11,"comment_status":"open","ping_status":"open","template":"","meta":{"footnotes":""},"featured_media_urls":[],"_links":{"self":[{"href":"https:\/\/www.fsmasters.lv\/index.php?rest_route=\/wp\/v2\/pages\/1026"}],"collection":[{"href":"https:\/\/www.fsmasters.lv\/index.php?rest_route=\/wp\/v2\/pages"}],"about":[{"href":"https:\/\/www.fsmasters.lv\/index.php?rest_route=\/wp\/v2\/types\/page"}],"author":[{"embeddable":true,"href":"https:\/\/www.fsmasters.lv\/index.php?rest_route=\/wp\/v2\/users\/1"}],"replies":[{"embeddable":true,"href":"https:\/\/www.fsmasters.lv\/index.php?rest_route=%2Fwp%2Fv2%2Fcomments&post=1026"}],"version-history":[{"count":28,"href":"https:\/\/www.fsmasters.lv\/index.php?rest_route=\/wp\/v2\/pages\/1026\/revisions"}],"predecessor-version":[{"id":5111,"href":"https:\/\/www.fsmasters.lv\/index.php?rest_route=\/wp\/v2\/pages\/1026\/revisions\/5111"}],"up":[{"embeddable":true,"href":"https:\/\/www.fsmasters.lv\/index.php?rest_route=\/wp\/v2\/pages\/40"}],"wp:attachment":[{"href":"https:\/\/www.fsmasters.lv\/index.php?rest_route=%2Fwp%2Fv2%2Fmedia&parent=1026"}],"curies":[{"name":"wp","href":"https:\/\/api.w.org\/{rel}","templated":true}]}}